{"id":11284,"date":"2020-05-15T10:26:17","date_gmt":"2020-05-15T10:26:17","guid":{"rendered":"https:\/\/qubitacademy.com\/?page_id=11284"},"modified":"2021-01-15T11:12:37","modified_gmt":"2021-01-15T11:12:37","slug":"inhouse-soc","status":"publish","type":"page","link":"https:\/\/qubitacademy.com\/sk\/inhouse-soc\/","title":{"rendered":"How to build and run in-house SOC"},"content":{"rendered":"<h2><strong>How to build and run in-house SOC<\/strong><\/h2>\n<p>Detailn\u00fd preh\u013ead t\u00fdch najd\u00f4le\u017eitej\u0161\u00edch best practices od \u0161pecialistu, ktor\u00fd zodpoved\u00e1 za vybudovanie, strat\u00e9giu a rozvoj glob\u00e1lneho in-house Security Operation Centra pre 12 kraj\u00edn po svete u\u017e od roku 2015.&nbsp;<\/p>\n<h4>Obsah workshopu<\/h4>\n<ul>\n<li><strong>Za\u010d\u00edname&nbsp;<\/strong>\n<ul>\n<li>SOC Fundamental parts<\/li>\n<li>SOC Strategy<\/li>\n<li>SOC Charter \/ Mandate<\/li>\n<li>Governance and org. structure<\/li>\n<li>Legal and Industry Requirements<\/li>\n<li>Identify and understand your customers (internal vs external)<\/li>\n<\/ul>\n<\/li>\n<li><strong>Komponenty SOCu<\/strong>\n<ul>\n<li>Incident detection<\/li>\n<li>Incident response<\/li>\n<li>Threat Intelligence<\/li>\n<li>Threat Hunting<\/li>\n<li>Forensics<\/li>\n<li>Vulnerability assessment and configuration monitoring<\/li>\n<li>Pen testing<\/li>\n<li>Red Team<\/li>\n<\/ul>\n<\/li>\n<li><strong>Prev\u00e1dzka<\/strong>\n<ul>\n<li>\u013dudsk\u00e9 zdroje<\/li>\n<li>Procesy<\/li>\n<li>Technol\u00f3gie<\/li>\n<li>Pr\u00edpadov\u00e9 \u0161t\u00fadie<\/li>\n<li>Denn\u00e9 \u010dinnosti a pl\u00e1novanie z poh\u013eadu mana\u017e\u00e9ra<\/li>\n<\/ul>\n<\/li>\n<li><strong>Ako definova\u0165 SLA a klasifik\u00e1ciu kybernetick\u00fdch bezpe\u010dnostn\u00fdch incidentov<\/strong><\/li>\n<li><strong>Metriky a metodol\u00f3gia<\/strong><\/li>\n<\/ul>\n<h4>Komu je workshop ur\u010den\u00fd<\/h4>\n<ul>\n<li>CISO<\/li>\n<li>Security Operation Center Manager<\/li>\n<li>Security Manager<\/li>\n<li>Security Operator<\/li>\n<li>Security Specialist<\/li>\n<li>Security Auditor<\/li>\n<li>Security Consultant<\/li>\n<\/ul>\n<p>Workshop nie je ur\u010den\u00fd pre za\u010diato\u010dn\u00edkov, ale pre ved\u00facich pracovn\u00edkov a \u0161pecialistov v r\u00e1mci plnenia \u00faloh riadenia bezpe\u010dnosti v organiz\u00e1ci\u00e1ch.<\/p>\n<p><strong>Trvanie:<\/strong> 8 hod\u00edn<\/p>\n<p><strong>Maxim\u00e1lny po\u010det \u00fa\u010dastn\u00edkov je 25.<\/strong><\/p>\n<p>Pokra\u010dovan\u00edm tohto workshopu bude hands-on verzia \u0161kolenia How to spot and defend against adversaries movements in the network (MITTRE ATT&amp;CK HandsOn Training Vol. 1), postaven\u00e1 na re\u00e1lnych use cases pripraven\u00fdch v cloudovom prostred\u00ed pre oblas\u0165 defensive a offensive security.&nbsp;<\/p>\n<p><span><img alt=\"\" data-id=\"11881\" data-init-width=\"250\" data-init-height=\"250\" title=\"Juraj_Pribyl_profile\" loading=\"lazy\" src=\"https:\/\/qubitacademy.com\/wp-content\/uploads\/2020\/07\/Juraj_Pribyl_profile.jpg\" data-width=\"126\" data-height=\"126\" width=\"126\" height=\"126\"><\/span><\/p>\n<h4><span lang=\"SK\">Juraj P\u0159ibyl<\/span><\/h4>\n<p>Security Operation Center Manager | NN Group<\/p>\n<p>Juraj P\u0159ibyl sa v oblasti IT bezpe\u010dnosti pohybuje u\u017e bezm\u00e1la 13 rokov. Zast\u00e1val poz\u00edcie \u0160pecialistu na informa\u010dn\u00fa bezpe\u010dnos\u0165 v skupine Slovak Telekom, od roku 2010 pracoval na poz\u00edcii CISO v oblasti finan\u010dn\u00e9ho a bankov\u00e9ho sektoru v\u202f\u010ceskej republike a neskor bol ako CISO zodpovedn\u00fd za cel\u00fd CEE regi\u00f3n. Od roku 2015 zast\u00e1va ved\u00facu poz\u00edciu SOC mana\u017e\u00e9ra pre skupinu NN. Za 5 rokov sa mu s jeho bezm\u00e1la 35 \u010dlenn\u00fdm multikult\u00farnym t\u00edmom podarilo na zelenej l\u00fake vybudova\u0165 v Prahe glob\u00e1lny SOC, ktor\u00fd sa star\u00e1 o bezpe\u010dnos\u0165 12 kraj\u00edn po celom svete a je jedn\u00fdm z najv\u00e4\u010d\u0161\u00edch in-house SOCov v na\u0161om regi\u00f3ne.&nbsp;<\/p>\n","protected":false},"excerpt":{"rendered":"<p>How to build and run in-house SOC Detailn\u00fd preh\u013ead t\u00fdch najd\u00f4le\u017eitej\u0161\u00edch best practices od \u0161pecialistu, ktor\u00fd zodpoved\u00e1 za vybudovanie, strat\u00e9giu a rozvoj glob\u00e1lneho in-house Security Operation Centra pre 12 kraj\u00edn &hellip; <\/p>\n","protected":false},"author":4,"featured_media":0,"parent":0,"menu_order":0,"comment_status":"closed","ping_status":"closed","template":"","meta":[],"yoast_head":"<!-- This site is optimized with the Yoast SEO plugin v20.6 - https:\/\/yoast.com\/wordpress\/plugins\/seo\/ -->\n<title>How to build and run in-house SOC - Qubit Academy<\/title>\n<meta name=\"robots\" content=\"index, follow, max-snippet:-1, max-image-preview:large, max-video-preview:-1\" \/>\n<link rel=\"canonical\" href=\"https:\/\/qubitacademy.com\/sk\/inhouse-soc\/\" \/>\n<meta property=\"og:locale\" content=\"sk_SK\" \/>\n<meta property=\"og:type\" content=\"article\" \/>\n<meta property=\"og:title\" content=\"How to build and run in-house SOC - Qubit Academy\" \/>\n<meta property=\"og:description\" content=\"How to build and run in-house SOC Detailn\u00fd preh\u013ead t\u00fdch najd\u00f4le\u017eitej\u0161\u00edch best practices od \u0161pecialistu, ktor\u00fd zodpoved\u00e1 za vybudovanie, strat\u00e9giu a rozvoj glob\u00e1lneho in-house Security Operation Centra pre 12 kraj\u00edn &hellip;\" \/>\n<meta property=\"og:url\" content=\"https:\/\/qubitacademy.com\/sk\/inhouse-soc\/\" \/>\n<meta property=\"og:site_name\" content=\"Qubit Academy\" \/>\n<meta property=\"article:modified_time\" content=\"2021-01-15T11:12:37+00:00\" \/>\n<meta property=\"og:image\" content=\"https:\/\/qubitacademy.com\/wp-content\/uploads\/2020\/07\/Juraj_Pribyl_profile.jpg\" \/>\n<meta name=\"twitter:card\" content=\"summary_large_image\" \/>\n<meta name=\"twitter:label1\" content=\"Predpokladan\u00fd \u010das \u010d\u00edtania\" \/>\n\t<meta name=\"twitter:data1\" content=\"2 min\u00faty\" \/>\n<script type=\"application\/ld+json\" class=\"yoast-schema-graph\">{\"@context\":\"https:\/\/schema.org\",\"@graph\":[{\"@type\":\"WebPage\",\"@id\":\"https:\/\/qubitacademy.com\/sk\/inhouse-soc\/\",\"url\":\"https:\/\/qubitacademy.com\/sk\/inhouse-soc\/\",\"name\":\"How to build and run in-house SOC - Qubit Academy\",\"isPartOf\":{\"@id\":\"https:\/\/qubitacademy.com\/sk\/#website\"},\"datePublished\":\"2020-05-15T10:26:17+00:00\",\"dateModified\":\"2021-01-15T11:12:37+00:00\",\"breadcrumb\":{\"@id\":\"https:\/\/qubitacademy.com\/sk\/inhouse-soc\/#breadcrumb\"},\"inLanguage\":\"sk-SK\",\"potentialAction\":[{\"@type\":\"ReadAction\",\"target\":[\"https:\/\/qubitacademy.com\/sk\/inhouse-soc\/\"]}]},{\"@type\":\"BreadcrumbList\",\"@id\":\"https:\/\/qubitacademy.com\/sk\/inhouse-soc\/#breadcrumb\",\"itemListElement\":[{\"@type\":\"ListItem\",\"position\":1,\"name\":\"Home\",\"item\":\"https:\/\/qubitacademy.com\/sk\/\"},{\"@type\":\"ListItem\",\"position\":2,\"name\":\"How to build and run in-house SOC\"}]},{\"@type\":\"WebSite\",\"@id\":\"https:\/\/qubitacademy.com\/sk\/#website\",\"url\":\"https:\/\/qubitacademy.com\/sk\/\",\"name\":\"Qubit Academy\",\"description\":\"Vzdel\u00e1vanie v oblasti informa\u010dnej a kybernetickej bezpe\u010dnosti\",\"potentialAction\":[{\"@type\":\"SearchAction\",\"target\":{\"@type\":\"EntryPoint\",\"urlTemplate\":\"https:\/\/qubitacademy.com\/sk\/?s={search_term_string}\"},\"query-input\":\"required name=search_term_string\"}],\"inLanguage\":\"sk-SK\"}]}<\/script>\n<!-- \/ Yoast SEO plugin. -->","yoast_head_json":{"title":"How to build and run in-house SOC - Qubit Academy","robots":{"index":"index","follow":"follow","max-snippet":"max-snippet:-1","max-image-preview":"max-image-preview:large","max-video-preview":"max-video-preview:-1"},"canonical":"https:\/\/qubitacademy.com\/sk\/inhouse-soc\/","og_locale":"sk_SK","og_type":"article","og_title":"How to build and run in-house SOC - Qubit Academy","og_description":"How to build and run in-house SOC Detailn\u00fd preh\u013ead t\u00fdch najd\u00f4le\u017eitej\u0161\u00edch best practices od \u0161pecialistu, ktor\u00fd zodpoved\u00e1 za vybudovanie, strat\u00e9giu a rozvoj glob\u00e1lneho in-house Security Operation Centra pre 12 kraj\u00edn &hellip;","og_url":"https:\/\/qubitacademy.com\/sk\/inhouse-soc\/","og_site_name":"Qubit Academy","article_modified_time":"2021-01-15T11:12:37+00:00","og_image":[{"url":"https:\/\/qubitacademy.com\/wp-content\/uploads\/2020\/07\/Juraj_Pribyl_profile.jpg"}],"twitter_card":"summary_large_image","twitter_misc":{"Predpokladan\u00fd \u010das \u010d\u00edtania":"2 min\u00faty"},"schema":{"@context":"https:\/\/schema.org","@graph":[{"@type":"WebPage","@id":"https:\/\/qubitacademy.com\/sk\/inhouse-soc\/","url":"https:\/\/qubitacademy.com\/sk\/inhouse-soc\/","name":"How to build and run in-house SOC - Qubit Academy","isPartOf":{"@id":"https:\/\/qubitacademy.com\/sk\/#website"},"datePublished":"2020-05-15T10:26:17+00:00","dateModified":"2021-01-15T11:12:37+00:00","breadcrumb":{"@id":"https:\/\/qubitacademy.com\/sk\/inhouse-soc\/#breadcrumb"},"inLanguage":"sk-SK","potentialAction":[{"@type":"ReadAction","target":["https:\/\/qubitacademy.com\/sk\/inhouse-soc\/"]}]},{"@type":"BreadcrumbList","@id":"https:\/\/qubitacademy.com\/sk\/inhouse-soc\/#breadcrumb","itemListElement":[{"@type":"ListItem","position":1,"name":"Home","item":"https:\/\/qubitacademy.com\/sk\/"},{"@type":"ListItem","position":2,"name":"How to build and run in-house SOC"}]},{"@type":"WebSite","@id":"https:\/\/qubitacademy.com\/sk\/#website","url":"https:\/\/qubitacademy.com\/sk\/","name":"Qubit Academy","description":"Vzdel\u00e1vanie v oblasti informa\u010dnej a kybernetickej bezpe\u010dnosti","potentialAction":[{"@type":"SearchAction","target":{"@type":"EntryPoint","urlTemplate":"https:\/\/qubitacademy.com\/sk\/?s={search_term_string}"},"query-input":"required name=search_term_string"}],"inLanguage":"sk-SK"}]}},"_links":{"self":[{"href":"https:\/\/qubitacademy.com\/sk\/wp-json\/wp\/v2\/pages\/11284"}],"collection":[{"href":"https:\/\/qubitacademy.com\/sk\/wp-json\/wp\/v2\/pages"}],"about":[{"href":"https:\/\/qubitacademy.com\/sk\/wp-json\/wp\/v2\/types\/page"}],"author":[{"embeddable":true,"href":"https:\/\/qubitacademy.com\/sk\/wp-json\/wp\/v2\/users\/4"}],"replies":[{"embeddable":true,"href":"https:\/\/qubitacademy.com\/sk\/wp-json\/wp\/v2\/comments?post=11284"}],"version-history":[{"count":25,"href":"https:\/\/qubitacademy.com\/sk\/wp-json\/wp\/v2\/pages\/11284\/revisions"}],"predecessor-version":[{"id":13513,"href":"https:\/\/qubitacademy.com\/sk\/wp-json\/wp\/v2\/pages\/11284\/revisions\/13513"}],"wp:attachment":[{"href":"https:\/\/qubitacademy.com\/sk\/wp-json\/wp\/v2\/media?parent=11284"}],"curies":[{"name":"wp","href":"https:\/\/api.w.org\/{rel}","templated":true}]}}