{"id":1135,"date":"2018-06-26T18:30:09","date_gmt":"2018-06-26T18:30:09","guid":{"rendered":"https:\/\/qubitacademy.com\/?page_id=1135"},"modified":"2022-02-28T09:46:36","modified_gmt":"2022-02-28T09:46:36","slug":"processing-personal-data","status":"publish","type":"page","link":"https:\/\/qubitacademy.com\/sk\/processing-personal-data\/","title":{"rendered":"Vyhl\u00e1senie o sprac\u00favan\u00ed osobn\u00fdch \u00fadajov"},"content":{"rendered":"<h2>Vyhl\u00e1senie o sprac\u00favan\u00ed osobn\u00fdch \u00fadajov<\/h2>\n<p>Spolo\u010dnos\u0165 Qubit Security s. r. o. so s\u00eddlom J. Koz\u00e1\u010deka 2, 960 01 Zvolen, I\u010cO: 47717505 (\u010falej len ako \u201eSpolo\u010dnos\u0165\u201c) sprac\u00fava va\u0161e osobn\u00e9 \u00fadaje s cie\u013eom zabezpe\u010denia a realiz\u00e1cie podujatia Qubit Conference a Qubit Academy, len na z\u00e1klade z\u00e1konn\u00fdch podmienok, v s\u00falade s Nariaden\u00edm[1] a Z\u00e1konom o ochrane osobn\u00fdch \u00fadajov[2].<\/p>\n<p>Pri sprac\u00favan\u00ed osobn\u00fdch \u00fadajov Spolo\u010dnos\u0165ou ste <strong>dotknutou osobou<\/strong>, t. j. osobou o&nbsp;ktorej s\u00fa sprac\u00favan\u00e9 osobn\u00e9 \u00fadaje, ktor\u00e9 sa jej t\u00fdkaj\u00fa.<\/p>\n<p>Va\u0161e osobn\u00e9 \u00fadaje bud\u00fa uchov\u00e1van\u00e9 bezpe\u010dne, v&nbsp;s\u00falade s&nbsp;bezpe\u010dnostnou politikou prev\u00e1dzkovate\u013ea a&nbsp;sprostredkovate\u013ea a&nbsp;len po dobu nevyhnutn\u00fa na splnenie \u00fa\u010delu sprac\u00favania. Pr\u00edstup k&nbsp;va\u0161im osobn\u00fdm \u00fadajom bud\u00fa ma\u0165 v\u00fdlu\u010dne osoby poveren\u00e9 prev\u00e1dzkovate\u013eom (Spolo\u010dnos\u0165ou) na sprac\u00favanie osobn\u00fdch \u00fadajov, ktor\u00e9 ich sprac\u00favaj\u00fa na z\u00e1klade pokynov prev\u00e1dzkovate\u013ea, v&nbsp;s\u00falade s&nbsp;bezpe\u010dnostnou politikou prev\u00e1dzkovate\u013ea.<\/p>\n<p>Va\u0161e osobn\u00e9 \u00fadaje s\u00fa z\u00e1lohovan\u00e9, v&nbsp;s\u00falade s&nbsp;reten\u010dn\u00fdmi pravidlami Spolo\u010dnosti. Zo z\u00e1lohov\u00fdch \u00falo\u017e\u00edsk bud\u00fa va\u0161e osobn\u00e9 \u00fadaje \u00faplne vymazan\u00e9 hne\u010f, ako v&nbsp;s\u00falade s&nbsp;pravidlami z\u00e1lohovania uveden\u00e9 bude mo\u017en\u00e9. Osobn\u00e9 \u00fadaje uchov\u00e1van\u00e9 na z\u00e1lo\u017en\u00fdch \u00falo\u017eisk\u00e1ch sl\u00fa\u017eia na predch\u00e1dzanie bezpe\u010dnostn\u00fdm incidentom, najm\u00e4 naru\u0161enia dostupnosti \u00fadajov v&nbsp;d\u00f4sledku bezpe\u010dnostn\u00e9ho incidentu. Spolo\u010dnos\u0165 je povinn\u00e1 zabezpe\u010dova\u0165 z\u00e1lohovanie \u00fadajov v&nbsp;s\u00falade s&nbsp;bezpe\u010dnostn\u00fdmi po\u017eiadavkami Nariadenia a&nbsp;Z\u00e1kona o&nbsp;ochrane osobn\u00fdch \u00fadajov.<\/p>\n<p>Spolo\u010dnos\u0165 ako prev\u00e1dzkovate\u013e m\u00e1 z\u00e1konn\u00fa povinnos\u0165 poskytn\u00fa\u0165 va\u0161e osobn\u00e9 \u00fadaje pri kontrole, dozornej \u010dinnosti alebo na \u017eiados\u0165 opr\u00e1vnen\u00fdch org\u00e1nov \u0161t\u00e1tu alebo in\u0161tit\u00faci\u00ed, ak to vypl\u00fdva z&nbsp;osobitn\u00fdch predpisov[3].<\/p>\n<p>V&nbsp;s\u00falade s Nariaden\u00edm a&nbsp;Z\u00e1konom o&nbsp;ochrane osobn\u00fdch \u00fadajov Spolo\u010dnos\u0165 ako prev\u00e1dzkovate\u013e, sprac\u00fava va\u0161e osobn\u00e9 \u00fadaje v&nbsp;rozsahu a&nbsp;za podmienok ustanoven\u00fdch v&nbsp;osobitn\u00fdch predpisoch, na z\u00e1klade z\u00e1konn\u00fdch podmienok, uveden\u00fdch v&nbsp;\u010dl. 6 Nariadenia.<\/p>\n<p>Spravidla o&nbsp;v\u00e1s sprac\u00favame be\u017en\u00fa kateg\u00f3riu osobn\u00fdch \u00fadajov. Va\u0161e osobn\u00e9 \u00fadaje pri registr\u00e1cii na podujatie sprac\u00favame na z\u00e1klade zmluvy (predzmluvn\u00e9ho vz\u0165ahu), v ktorej ste ako dotknut\u00e1 osoba jednou zo zmluvn\u00fdch str\u00e1n. Neposkytnutie va\u0161ich osobn\u00fdch \u00fadajov pri registr\u00e1cii m\u00f4\u017ee ma\u0165 za n\u00e1sledok nemo\u017enos\u0165 uzatvorenia zmluvn\u00e9ho vz\u0165ahu a&nbsp;ne\u00fa\u010das\u0165 na podujat\u00ed. Va\u0161e osobn\u00e9 \u00fadaje budeme sprac\u00fava\u0165 2 roky po ukon\u010den\u00ed platnosti zmluvy.<\/p>\n<p>Je v&nbsp;opr\u00e1vnenom z\u00e1ujme Spolo\u010dnosti vies\u0165 datab\u00e1zu klientov, vr\u00e1tane inform\u00e1ci\u00ed o&nbsp;dotknut\u00fdch osob\u00e1ch, ktor\u00e9 sa z\u00fa\u010dastnili podujat\u00ed v&nbsp;minulosti. Datab\u00e1za klientov a&nbsp;\u00fa\u010dastn\u00edkov podujat\u00ed n\u00e1m pom\u00e1ha efekt\u00edvnej\u0161ie reagova\u0165 na va\u0161e po\u017eiadavky a&nbsp;pripravova\u0165 pre v\u00e1s aktivity cielene, s&nbsp;oh\u013eadom na va\u0161e preferencie. Va\u0161e osobn\u00e9 \u00fadaje na tento \u00fa\u010del sprac\u00favame po dobu existencie a&nbsp;pr\u00edpravy podujat\u00ed.<\/p>\n<p>Va\u0161e osobn\u00e9 \u00fadaje, vr\u00e1tane fotografi m\u00f4\u017eeme sprac\u00fava\u0165 zverej\u0148ovan\u00edm na na\u0161ich webov\u00fdch str\u00e1nkach, na z\u00e1klade opr\u00e1vnen\u00e9ho z\u00e1ujmu Spolo\u010dnosti prezentova\u0165 a informova\u0165 o svojich aktivit\u00e1ch alebo na z\u00e1klade zmluvy, ak ide o z\u00e1znam z predn\u00e1\u0161ky, workshopu alebo prezent\u00e1cie. Spolo\u010dnos\u0165 pri zverej\u0148ovan\u00ed fotografi\u00ed a z\u00e1znamov db\u00e1, aby neprimerane nezasahovala do va\u0161ich pr\u00e1v a slob\u00f4d.<\/p>\n<p>Vo\u010di zaradeniu va\u0161ich osobn\u00fdch \u00fadajov do datab\u00e1zy klientov alebo vo\u010di zverej\u0148ovaniu fotografi\u00ed a z\u00e1znamov m\u00f4\u017eete namieta\u0165 priamo v&nbsp;spolo\u010dnosti osobne, telefonicky alebo emailom.<\/p>\n<p>Va\u0161e osobn\u00e9 \u00fadaje s\u00fa uchov\u00e1van\u00e9 10 rokov po skon\u010den\u00ed platnosti zmluvy, z&nbsp;d\u00f4vodu z\u00e1konn\u00fdch povinnost\u00ed prev\u00e1dzkovate\u013ea vies\u0165 \u00fa\u010dtovn\u00edctvo a&nbsp;plni\u0165 da\u0148ov\u00e9 povinnosti.<\/p>\n<p>Osobn\u00e9 \u00fadaje na \u00fa\u010dely plnenia \u00fa\u010dtovn\u00fdch a&nbsp;da\u0148ov\u00fdch povinnost\u00ed s\u00fa sprac\u00favan\u00e9 najm\u00e4 na z\u00e1klade z\u00e1kona \u010d. 431\/2002 Z. z. o \u00fa\u010dtovn\u00edctve v znen\u00ed neskor\u0161\u00edch predpisov, z\u00e1kona \u010d. 222\/2004 Z. z. o dani z pridanej hodnoty v znen\u00ed neskor\u0161\u00edch predpisov, z\u00e1kon \u010d. 40\/1964 Zb. Ob\u010diansky z\u00e1konn\u00edk v znen\u00ed neskor\u0161\u00edch predpisov. Sprac\u00favanie va\u0161ich osobn\u00fdch \u00fadajov na tento \u00fa\u010del je z\u00e1konnou povinnos\u0165ou Spolo\u010dnosti. Na tento \u00fa\u010del sprac\u00favame va\u0161e osobn\u00e9 \u00fadaje prostredn\u00edctvom sprostredkovate\u013ea EKONOM-CENTER, spol. s r.o. Spolo\u010dnos\u0165 prehlasuje, \u017ee pri v\u00fdbere sprostredkovate\u013ea dbala o&nbsp;jeho odborn\u00e9 kvality a&nbsp;o&nbsp;s\u00falad sprac\u00favania osobn\u00fdch \u00fadajov s&nbsp;Nariaden\u00edm a&nbsp;Z\u00e1konom o&nbsp;ochrane osobn\u00fdch \u00fadajov. Na uchov\u00e1vanie osobn\u00fdch \u00fadajov, ktor\u00e9 o&nbsp;v\u00e1s v&nbsp;s\u00favislosti s&nbsp;\u010dinnos\u0165ou Spolo\u010dnosti sprac\u00favame sa vz\u0165ahuje z\u00e1kon \u010d. 395\/2002 Z. z. o&nbsp;arch\u00edvoch a&nbsp;registrat\u00farach.<\/p>\n<p data-pm-slice=\"1 1 []\">Na na\u0161ich weboch Qubit Conference a Qubit Academy pou\u017e\u00edvame cookies za \u00fa\u010delom zlep\u0161enia kvality poskytovan\u00fdch slu\u017eieb. Inform\u00e1cie o sprac\u00favani cookies m\u00f4\u017eete n\u00e1js\u0165 v sekcii&nbsp;<a href=\"https:\/\/qubitacademy.com\/sk\/cookies-a-web\/\" style=\"outline: none;\">Cookies a Web<\/a>.<\/p>\n<p><strong>Va\u0161e pr\u00e1va pod\u013ea nariadenia a Z\u00e1kona o&nbsp;ochrane osobn\u00fdch \u00fadajov<\/strong><\/p>\n<p><strong>Pr\u00e1vo na pr\u00edstup <\/strong><\/p>\n<p>M\u00e1te pr\u00e1vo na poskytnutie k\u00f3pie osobn\u00fdch \u00fadajov, ktor\u00e9 o v\u00e1s m\u00e1me k&nbsp;dispoz\u00edcii, ako aj na inform\u00e1cie o tom, ako va\u0161e osobn\u00e9 \u00fadaje pou\u017e\u00edvame.<\/p>\n<p>Vo v\u00e4\u010d\u0161ine pr\u00edpadov v\u00e1m bud\u00fa va\u0161e osobn\u00e9 \u00fadaje poskytnut\u00e9 v&nbsp;p\u00edsomnej listinnej forme, pokia\u013e nepo\u017eadujete in\u00fd sp\u00f4sob ich poskytnutia. Ak ste o&nbsp;poskytnutie t\u00fdchto inform\u00e1ci\u00ed po\u017eiadali elektronick\u00fdmi prostriedkami, bud\u00fa v\u00e1m poskytnut\u00e9 elektronicky, ak to bude technicky mo\u017en\u00e9.<\/p>\n<p><strong>Pr\u00e1vo na opravu<\/strong><\/p>\n<p>Prij\u00edmame primeran\u00e9 opatrenia, aby sme zabezpe\u010dili presnos\u0165, \u00faplnos\u0165 a&nbsp;aktu\u00e1lnos\u0165 inform\u00e1ci\u00ed, ktor\u00e9 o v\u00e1s m\u00e1me k dispoz\u00edcii. Ak si mysl\u00edte, \u017ee \u00fadaje, ktor\u00fdmi disponujeme s\u00fa nepresn\u00e9, ne\u00fapln\u00e9 alebo neaktu\u00e1lne, pros\u00edm, nev\u00e1hajte n\u00e1s po\u017eiada\u0165, aby sme tieto inform\u00e1cie upravili, aktualizovali alebo doplnili.<\/p>\n<p><strong>Pr\u00e1vo na vymazanie<\/strong><\/p>\n<p>M\u00e1te pr\u00e1vo n\u00e1s po\u017eiada\u0165 o vymazanie va\u0161ich osobn\u00fdch \u00fadajov, napr\u00edklad v&nbsp;pr\u00edpade, ak osobn\u00e9 \u00fadaje, ktor\u00e9 sme o&nbsp;V\u00e1s z\u00edskali, u\u017e viac nie s\u00fa potrebn\u00e9 na naplnenie p\u00f4vodn\u00e9ho \u00fa\u010delu sprac\u00favania. Va\u0161e pr\u00e1vo je v\u0161ak potrebn\u00e9 pos\u00fadi\u0165 z&nbsp;poh\u013eadu v\u0161etk\u00fdch relevantn\u00fdch okolnost\u00ed. Napr\u00edklad, m\u00f4\u017eeme ma\u0165 ur\u010dit\u00e9 pr\u00e1vne a regula\u010dn\u00e9 povinnosti, \u010do znamen\u00e1, \u017ee nebudeme m\u00f4c\u0165 va\u0161ej \u017eiadosti vyhovie\u0165.<\/p>\n<p><strong>Pr\u00e1vo na obmedzenie sprac\u00favania<\/strong><\/p>\n<p>Za ur\u010dit\u00fdch okolnost\u00ed ste opr\u00e1vnen\u00fd n\u00e1s po\u017eiada\u0165, aby sme prestali pou\u017e\u00edva\u0165 va\u0161e osobn\u00e9 \u00fadaje. Ide napr\u00edklad o&nbsp;pr\u00edpady, ke\u010f si mysl\u00edte, \u017ee osobn\u00e9 \u00fadaje, ktor\u00e9 o v\u00e1s m\u00e1me, m\u00f4\u017eu by\u0165 nepresn\u00e9 alebo ke\u010f si mysl\u00edte, \u017ee u\u017e va\u0161e osobn\u00e9 \u00fadaje nepotrebujeme vyu\u017e\u00edva\u0165.<strong>&nbsp;<\/strong><\/p>\n<p><strong>Pr\u00e1vo na prenosnos\u0165 \u00fadajov<\/strong><\/p>\n<p>Za ur\u010dit\u00fdch okolnost\u00ed m\u00e1te pr\u00e1vo po\u017eiada\u0165 n\u00e1s o prenos osobn\u00fdch \u00fadajov, ktor\u00e9 ste n\u00e1m poskytli, na in\u00fa tretiu stranu pod\u013ea v\u00e1\u0161ho v\u00fdberu. Pr\u00e1vo na prenosnos\u0165 sa v\u0161ak t\u00fdka len osobn\u00fdch \u00fadajov, ktor\u00e9 sme od v\u00e1s z\u00edskali na z\u00e1klade s\u00fahlasu alebo na z\u00e1klade zmluvy, ktorej ste jednou zo zmluvn\u00fdch str\u00e1n.<\/p>\n<p><strong>Pr\u00e1vo&nbsp; namieta\u0165<\/strong><\/p>\n<p>M\u00e1te pr\u00e1vo namieta\u0165 vo\u010di sprac\u00favaniu \u00fadajov, ktor\u00e9 je zalo\u017een\u00e9 na na\u0161ich legit\u00edmnych opr\u00e1vnen\u00fdch z\u00e1ujmoch.&nbsp;&nbsp; V&nbsp;pr\u00edpade, ak pod\u00e1te n\u00e1mietku vo\u010di tak\u00e9mu sprac\u00favaniu osobn\u00fdch \u00fadajov, va\u0161u n\u00e1mietku presk\u00famame a&nbsp;pos\u00fadime. V&nbsp;pr\u00edpade, ak va\u0161e pr\u00e1va bud\u00fa preva\u017eova\u0165 nad opr\u00e1vnen\u00fdm z\u00e1ujmom Spolo\u010dnosti, va\u0161e osobn\u00e9 \u00fadaje \u010falej nebudeme na tento \u00fa\u010del sprac\u00fava\u0165.&nbsp;<strong>&nbsp;<\/strong><\/p>\n<p><strong>Pr\u00e1vo poda\u0165 s\u0165a\u017enos\u0165<\/strong><\/p>\n<p>Ak chcete poda\u0165 s\u0165a\u017enos\u0165 na sp\u00f4sob, ak\u00fdm s\u00fa va\u0161e osobn\u00e9 \u00fadaje sprac\u00favan\u00e9, vr\u00e1tane uplatnenia vy\u0161\u0161ie uveden\u00fdch pr\u00e1v, m\u00f4\u017eete sa obr\u00e1ti\u0165 priamo na Spolo\u010dnos\u0165. V\u0161etky va\u0161e podnety a&nbsp;s\u0165a\u017enosti riadne prever\u00edme.<\/p>\n<p>Ak nie ste spokojn\u00fd s&nbsp;na\u0161ou odpove\u010fou, alebo sa domnievate, \u017ee va\u0161e osobn\u00e9 \u00fadaje sprac\u00favame nespravodlivo alebo nez\u00e1konne, m\u00f4\u017eete poda\u0165 s\u0165a\u017enos\u0165 na dozorn\u00fd org\u00e1n, ktor\u00fdm je \u00darad na ochranu osobn\u00fdch \u00fadajov Slovenskej republiky,&nbsp; <a href=\"https:\/\/dataprotection.gov.sk\">https:\/\/dataprotection.gov.sk<\/a>, Hrani\u010dn\u00e1 12, 820 07 Bratislava 27;&nbsp; tel. \u010d\u00edslo: +421 \/2\/ 3231 3214; E-mail: <a href=\"mailto:statny.dozor@pdp.gov.sk\">statny.dozor@pdp.gov.sk<\/a>.<\/p>\n<p>V&nbsp;pr\u00edpade ak\u00fdchko\u013evek ot\u00e1zok, t\u00fdkaj\u00facich sa sprac\u00favania va\u0161ich osobn\u00fdch \u00fadajov n\u00e1s m\u00f4\u017eete kontaktova\u0165.<\/p>\n<p><strong>Kontakt:<\/strong><\/p>\n<p>M\u00e1ria Krahulecov\u00e1<\/p>\n<p>Tel. No.: +421 949 000 338<\/p>\n<p>Email: <a href=\"mailto:maria.krahulecova@qubitconference.com\" style=\"outline: none;\">maria.krahulecova@qubitconference.com<\/a><\/p>\n<p>[1] Nariadenie Eur\u00f3pskeho parlamentu a Rady (E\u00da) 2016\/679 z 27. apr\u00edla 2016 o ochrane fyzick\u00fdch os\u00f4b pri sprac\u00favan\u00ed osobn\u00fdch \u00fadajov a o vo\u013enom pohybe tak\u00fdchto \u00fadajov, ktor\u00fdm sa zru\u0161uje smernica 95\/46\/ES (v\u0161eobecn\u00e9 nariadenie o ochrane \u00fadajov).<\/p>\n<p>[2] Z\u00e1kon \u010d. 18\/2018 Z. z. o&nbsp;ochrane osobn\u00fdch \u00fadajov.<\/p>\n<p>[3] Napr\u00edklad Z\u00e1kon \u010d. 171\/1993 Z. z. o Policajnom zbore; z\u00e1kon \u010d. 18\/2018 Z. z. o ochrane osobn\u00fdch \u00fadajov.<\/p>\n","protected":false},"excerpt":{"rendered":"<p>Vyhl\u00e1senie o sprac\u00favan\u00ed osobn\u00fdch \u00fadajov Spolo\u010dnos\u0165 Qubit Security s. r. o. so s\u00eddlom J. Koz\u00e1\u010deka 2, 960 01 Zvolen, I\u010cO: 47717505 (\u010falej len ako \u201eSpolo\u010dnos\u0165\u201c) sprac\u00fava va\u0161e osobn\u00e9 \u00fadaje s &hellip; <\/p>\n","protected":false},"author":1,"featured_media":0,"parent":0,"menu_order":0,"comment_status":"closed","ping_status":"closed","template":"","meta":[],"yoast_head":"<!-- This site is optimized with the Yoast SEO plugin v20.6 - https:\/\/yoast.com\/wordpress\/plugins\/seo\/ -->\n<title>Vyhl\u00e1senie o sprac\u00favan\u00ed osobn\u00fdch \u00fadajov - Qubit Academy<\/title>\n<meta name=\"robots\" content=\"index, follow, max-snippet:-1, max-image-preview:large, max-video-preview:-1\" \/>\n<link rel=\"canonical\" href=\"https:\/\/qubitacademy.com\/sk\/processing-personal-data\/\" \/>\n<meta property=\"og:locale\" content=\"sk_SK\" \/>\n<meta property=\"og:type\" content=\"article\" \/>\n<meta property=\"og:title\" content=\"Vyhl\u00e1senie o sprac\u00favan\u00ed osobn\u00fdch \u00fadajov - Qubit Academy\" \/>\n<meta property=\"og:description\" content=\"Vyhl\u00e1senie o sprac\u00favan\u00ed osobn\u00fdch \u00fadajov Spolo\u010dnos\u0165 Qubit Security s. r. o. so s\u00eddlom J. Koz\u00e1\u010deka 2, 960 01 Zvolen, I\u010cO: 47717505 (\u010falej len ako \u201eSpolo\u010dnos\u0165\u201c) sprac\u00fava va\u0161e osobn\u00e9 \u00fadaje s &hellip;\" \/>\n<meta property=\"og:url\" content=\"https:\/\/qubitacademy.com\/sk\/processing-personal-data\/\" \/>\n<meta property=\"og:site_name\" content=\"Qubit Academy\" \/>\n<meta property=\"article:modified_time\" content=\"2022-02-28T09:46:36+00:00\" \/>\n<meta name=\"twitter:card\" content=\"summary_large_image\" \/>\n<meta name=\"twitter:label1\" content=\"Predpokladan\u00fd \u010das \u010d\u00edtania\" \/>\n\t<meta name=\"twitter:data1\" content=\"8 min\u00fat\" \/>\n<script type=\"application\/ld+json\" class=\"yoast-schema-graph\">{\"@context\":\"https:\/\/schema.org\",\"@graph\":[{\"@type\":\"WebPage\",\"@id\":\"https:\/\/qubitacademy.com\/sk\/processing-personal-data\/\",\"url\":\"https:\/\/qubitacademy.com\/sk\/processing-personal-data\/\",\"name\":\"Vyhl\u00e1senie o sprac\u00favan\u00ed osobn\u00fdch \u00fadajov - Qubit Academy\",\"isPartOf\":{\"@id\":\"https:\/\/qubitacademy.com\/sk\/#website\"},\"datePublished\":\"2018-06-26T18:30:09+00:00\",\"dateModified\":\"2022-02-28T09:46:36+00:00\",\"breadcrumb\":{\"@id\":\"https:\/\/qubitacademy.com\/sk\/processing-personal-data\/#breadcrumb\"},\"inLanguage\":\"sk-SK\",\"potentialAction\":[{\"@type\":\"ReadAction\",\"target\":[\"https:\/\/qubitacademy.com\/sk\/processing-personal-data\/\"]}]},{\"@type\":\"BreadcrumbList\",\"@id\":\"https:\/\/qubitacademy.com\/sk\/processing-personal-data\/#breadcrumb\",\"itemListElement\":[{\"@type\":\"ListItem\",\"position\":1,\"name\":\"Home\",\"item\":\"https:\/\/qubitacademy.com\/sk\/\"},{\"@type\":\"ListItem\",\"position\":2,\"name\":\"Vyhl\u00e1senie o sprac\u00favan\u00ed osobn\u00fdch \u00fadajov\"}]},{\"@type\":\"WebSite\",\"@id\":\"https:\/\/qubitacademy.com\/sk\/#website\",\"url\":\"https:\/\/qubitacademy.com\/sk\/\",\"name\":\"Qubit Academy\",\"description\":\"Vzdel\u00e1vanie v oblasti informa\u010dnej a kybernetickej bezpe\u010dnosti\",\"potentialAction\":[{\"@type\":\"SearchAction\",\"target\":{\"@type\":\"EntryPoint\",\"urlTemplate\":\"https:\/\/qubitacademy.com\/sk\/?s={search_term_string}\"},\"query-input\":\"required name=search_term_string\"}],\"inLanguage\":\"sk-SK\"}]}<\/script>\n<!-- \/ Yoast SEO plugin. -->","yoast_head_json":{"title":"Vyhl\u00e1senie o sprac\u00favan\u00ed osobn\u00fdch \u00fadajov - Qubit Academy","robots":{"index":"index","follow":"follow","max-snippet":"max-snippet:-1","max-image-preview":"max-image-preview:large","max-video-preview":"max-video-preview:-1"},"canonical":"https:\/\/qubitacademy.com\/sk\/processing-personal-data\/","og_locale":"sk_SK","og_type":"article","og_title":"Vyhl\u00e1senie o sprac\u00favan\u00ed osobn\u00fdch \u00fadajov - Qubit Academy","og_description":"Vyhl\u00e1senie o sprac\u00favan\u00ed osobn\u00fdch \u00fadajov Spolo\u010dnos\u0165 Qubit Security s. r. o. so s\u00eddlom J. Koz\u00e1\u010deka 2, 960 01 Zvolen, I\u010cO: 47717505 (\u010falej len ako \u201eSpolo\u010dnos\u0165\u201c) sprac\u00fava va\u0161e osobn\u00e9 \u00fadaje s &hellip;","og_url":"https:\/\/qubitacademy.com\/sk\/processing-personal-data\/","og_site_name":"Qubit Academy","article_modified_time":"2022-02-28T09:46:36+00:00","twitter_card":"summary_large_image","twitter_misc":{"Predpokladan\u00fd \u010das \u010d\u00edtania":"8 min\u00fat"},"schema":{"@context":"https:\/\/schema.org","@graph":[{"@type":"WebPage","@id":"https:\/\/qubitacademy.com\/sk\/processing-personal-data\/","url":"https:\/\/qubitacademy.com\/sk\/processing-personal-data\/","name":"Vyhl\u00e1senie o sprac\u00favan\u00ed osobn\u00fdch \u00fadajov - Qubit Academy","isPartOf":{"@id":"https:\/\/qubitacademy.com\/sk\/#website"},"datePublished":"2018-06-26T18:30:09+00:00","dateModified":"2022-02-28T09:46:36+00:00","breadcrumb":{"@id":"https:\/\/qubitacademy.com\/sk\/processing-personal-data\/#breadcrumb"},"inLanguage":"sk-SK","potentialAction":[{"@type":"ReadAction","target":["https:\/\/qubitacademy.com\/sk\/processing-personal-data\/"]}]},{"@type":"BreadcrumbList","@id":"https:\/\/qubitacademy.com\/sk\/processing-personal-data\/#breadcrumb","itemListElement":[{"@type":"ListItem","position":1,"name":"Home","item":"https:\/\/qubitacademy.com\/sk\/"},{"@type":"ListItem","position":2,"name":"Vyhl\u00e1senie o sprac\u00favan\u00ed osobn\u00fdch \u00fadajov"}]},{"@type":"WebSite","@id":"https:\/\/qubitacademy.com\/sk\/#website","url":"https:\/\/qubitacademy.com\/sk\/","name":"Qubit Academy","description":"Vzdel\u00e1vanie v oblasti informa\u010dnej a kybernetickej bezpe\u010dnosti","potentialAction":[{"@type":"SearchAction","target":{"@type":"EntryPoint","urlTemplate":"https:\/\/qubitacademy.com\/sk\/?s={search_term_string}"},"query-input":"required name=search_term_string"}],"inLanguage":"sk-SK"}]}},"_links":{"self":[{"href":"https:\/\/qubitacademy.com\/sk\/wp-json\/wp\/v2\/pages\/1135"}],"collection":[{"href":"https:\/\/qubitacademy.com\/sk\/wp-json\/wp\/v2\/pages"}],"about":[{"href":"https:\/\/qubitacademy.com\/sk\/wp-json\/wp\/v2\/types\/page"}],"author":[{"embeddable":true,"href":"https:\/\/qubitacademy.com\/sk\/wp-json\/wp\/v2\/users\/1"}],"replies":[{"embeddable":true,"href":"https:\/\/qubitacademy.com\/sk\/wp-json\/wp\/v2\/comments?post=1135"}],"version-history":[{"count":11,"href":"https:\/\/qubitacademy.com\/sk\/wp-json\/wp\/v2\/pages\/1135\/revisions"}],"predecessor-version":[{"id":16464,"href":"https:\/\/qubitacademy.com\/sk\/wp-json\/wp\/v2\/pages\/1135\/revisions\/16464"}],"wp:attachment":[{"href":"https:\/\/qubitacademy.com\/sk\/wp-json\/wp\/v2\/media?parent=1135"}],"curies":[{"name":"wp","href":"https:\/\/api.w.org\/{rel}","templated":true}]}}