{"id":11597,"date":"2020-06-08T09:46:35","date_gmt":"2020-06-08T09:46:35","guid":{"rendered":"https:\/\/qubitacademy.com\/?page_id=11597"},"modified":"2020-06-08T09:53:01","modified_gmt":"2020-06-08T09:53:01","slug":"interne-skolenie","status":"publish","type":"page","link":"https:\/\/qubitacademy.com\/sk\/interne-skolenia\/interne-skolenie\/","title":{"rendered":"Intern\u00e9 \u0161kolenie"},"content":{"rendered":"<h2>\u0160kolenie na mieru<\/h2>\n<p>Zaujal V\u00e1s niektor\u00fd z na\u0161ich \u0161kolite\u013eov, \u010di t\u00e9ma v ktorej by ste si radi preh\u013abili znalosti alebo za\u0161kolili Va\u0161ich kolegov, pr\u00edpadne cel\u00e9 oddelenie?<\/p>\n<p>Nev\u00e1hajte a vypl\u0148te formul\u00e1r, budeme V\u00e1s v kr\u00e1tkej dobe kontaktova\u0165.<\/p>\n\n<div class=\"wpcf7 no-js\" id=\"wpcf7-f11601-o1\" lang=\"en-US\" dir=\"ltr\">\n<div class=\"screen-reader-response\"><p role=\"status\" aria-live=\"polite\" aria-atomic=\"true\"><\/p> <ul><\/ul><\/div>\n<form action=\"\/sk\/wp-json\/wp\/v2\/pages\/11597#wpcf7-f11601-o1\" method=\"post\" class=\"wpcf7-form init\" aria-label=\"Contact form\" novalidate=\"novalidate\" data-status=\"init\">\n<div style=\"display: none;\">\n<input type=\"hidden\" name=\"_wpcf7\" value=\"11601\" \/>\n<input type=\"hidden\" name=\"_wpcf7_version\" value=\"5.7.7\" \/>\n<input type=\"hidden\" name=\"_wpcf7_locale\" value=\"en_US\" \/>\n<input type=\"hidden\" name=\"_wpcf7_unit_tag\" value=\"wpcf7-f11601-o1\" \/>\n<input type=\"hidden\" name=\"_wpcf7_container_post\" value=\"0\" \/>\n<input type=\"hidden\" name=\"_wpcf7_posted_data_hash\" value=\"\" \/>\n<input type=\"hidden\" name=\"_wpcf7_recaptcha_response\" value=\"\" \/>\n<\/div>\n<p><label> Pros\u00edm vyberte \u0161kolenie, o ktor\u00e9 m\u00e1te z\u00e1ujem<br \/>\n<span class=\"wpcf7-form-control-wrap\" data-name=\"menu-skolenie\"><select class=\"wpcf7-form-control wpcf7-select wpcf7-validates-as-required\" aria-required=\"true\" aria-invalid=\"false\" name=\"menu-skolenie\"><option value=\"\">&#8212;Please choose an option&#8212;<\/option><option value=\"Bezpe\u010dn\u00e1 elektronick\u00e1 komunik\u00e1cia\">Bezpe\u010dn\u00e1 elektronick\u00e1 komunik\u00e1cia<\/option><option value=\"C\/Ciso Training\">C\/Ciso Training<\/option><option value=\"DPO Bootcamp\">DPO Bootcamp<\/option><option value=\"Elektronick\u00fd podpis a jeho vyu\u017eitie v praxi\">Elektronick\u00fd podpis a jeho vyu\u017eitie v praxi<\/option><option value=\"Enterprise Security Architecture\">Enterprise Security Architecture<\/option><option value=\"GDPR Vakc\u00edna\">GDPR Vakc\u00edna<\/option><option value=\"GDPR v praxi\">GDPR v praxi<\/option><option value=\"GDPR v informa\u010dnej bezpe\u010dnosti\">GDPR v informa\u010dnej bezpe\u010dnosti<\/option><option value=\"GDRP workshop\">GDRP workshop<\/option><option value=\"Marketing vo svete GDPR\">Marketing vo svete GDPR<\/option><option value=\"Monitorovanie hrozieb v SCADA ICS\">Monitorovanie hrozieb v SCADA ICS<\/option><option value=\"SCADA\">SCADA<\/option><option value=\"Security Basics For Managers\">Security Basics For Managers<\/option><option value=\"Security Information &amp; Event Management\">Security Information &amp; Event Management<\/option><option value=\"Security Operation Center\">Security Operation Center<\/option><option value=\"Your Android Has Been Hacked\">Your Android Has Been Hacked<\/option><\/select><\/span><\/label>\n<\/p>\n<p><label> Meno a Priezvisko (povinn\u00e9)<br \/>\n<span class=\"wpcf7-form-control-wrap\" data-name=\"your-name\"><input size=\"40\" class=\"wpcf7-form-control wpcf7-text wpcf7-validates-as-required\" aria-required=\"true\" aria-invalid=\"false\" value=\"\" type=\"text\" name=\"your-name\" \/><\/span> <\/label>\n<\/p>\n<p><label> Email (povinn\u00e9)<br \/>\n<span class=\"wpcf7-form-control-wrap\" data-name=\"your-email\"><input size=\"40\" class=\"wpcf7-form-control wpcf7-text wpcf7-email wpcf7-validates-as-required wpcf7-validates-as-email\" aria-required=\"true\" aria-invalid=\"false\" value=\"\" type=\"email\" name=\"your-email\" \/><\/span> <\/label>\n<\/p>\n<p><label> Telef\u00f3nne \u010d\u00edslo<br \/>\n<span class=\"wpcf7-form-control-wrap\" data-name=\"phone-number\"><input size=\"40\" class=\"wpcf7-form-control wpcf7-text wpcf7-tel wpcf7-validates-as-tel\" aria-invalid=\"false\" value=\"\" type=\"tel\" name=\"phone-number\" \/><\/span> <\/label>\n<\/p>\n<p><label> Pracovn\u00e1 poz\u00edcia<br \/>\n<span class=\"wpcf7-form-control-wrap\" data-name=\"job-title\"><input size=\"40\" class=\"wpcf7-form-control wpcf7-text\" aria-invalid=\"false\" value=\"\" type=\"text\" name=\"job-title\" \/><\/span> <\/label>\n<\/p>\n<p><label> Spolo\u010dnos\u0165\/firma<br \/>\n<span class=\"wpcf7-form-control-wrap\" data-name=\"company\"><input size=\"40\" class=\"wpcf7-form-control wpcf7-text\" aria-invalid=\"false\" value=\"\" type=\"text\" name=\"company\" \/><\/span> <\/label>\n<\/p>\n<p><label> Krajina<br \/>\n<span class=\"wpcf7-form-control-wrap\" data-name=\"country\"><input size=\"40\" class=\"wpcf7-form-control wpcf7-text\" aria-invalid=\"false\" value=\"\" type=\"text\" name=\"country\" \/><\/span><\/label>\n<\/p>\n<p><label> Pozn\u00e1mka<br \/>\n<span class=\"wpcf7-form-control-wrap\" data-name=\"note\"><textarea cols=\"40\" rows=\"10\" class=\"wpcf7-form-control wpcf7-textarea\" aria-invalid=\"false\" name=\"note\"><\/textarea><\/span> <\/label><br \/>\n<label><br \/>\n<span class=\"wpcf7-form-control-wrap\" data-name=\"acceptance-667\"><span class=\"wpcf7-form-control wpcf7-acceptance\"><span class=\"wpcf7-list-item\"><label><input type=\"checkbox\" name=\"acceptance-667\" value=\"1\" aria-invalid=\"false\" \/><span class=\"wpcf7-list-item-label\">S\u00fahlas\u00edm <a href=\"\/terms-conditions\/\" target=\"_blank\">s obchodn\u00fdmi podmienkami<\/a><\/label><\/span><\/label><\/span><\/span><\/span><br \/>\n<label>Vyhl\u00e1senie o sprac\u00favan\u00ed <a href=\"\/processing-personal-data\/\" target=\"_blank\">osobn\u00fdch \u00fadajov<\/a><\/label><br \/>\n<span id=\"wpcf7-69ece932c18f0-wrapper\" class=\"wpcf7-form-control-wrap website-wrap\" style=\"display:none !important; visibility:hidden !important;\"><label for=\"wpcf7-69ece932c18f0-field\" class=\"hp-message\">Please leave this field empty.<\/label><input id=\"wpcf7-69ece932c18f0-field\"  class=\"wpcf7-form-control wpcf7-text\" type=\"text\" name=\"website\" value=\"\" size=\"40\" tabindex=\"-1\" autocomplete=\"new-password\" \/><\/span><br \/>\n<input class=\"wpcf7-form-control has-spinner wpcf7-submit\" type=\"submit\" value=\"ODOSLA\u0164\" \/><\/label>\n<\/p><p style=\"display: none !important;\" class=\"akismet-fields-container\" data-prefix=\"_wpcf7_ak_\"><label>&#916;<textarea name=\"_wpcf7_ak_hp_textarea\" cols=\"45\" rows=\"8\" maxlength=\"100\"><\/textarea><\/label><input type=\"hidden\" id=\"ak_js_1\" name=\"_wpcf7_ak_js\" value=\"225\"\/><script>document.getElementById( \"ak_js_1\" ).setAttribute( \"value\", ( new Date() ).getTime() );<\/script><\/p><div class=\"wpcf7-response-output\" aria-hidden=\"true\"><\/div>\n<\/form>\n<\/div>\n\n","protected":false},"excerpt":{"rendered":"<p>\u0160kolenie na mieru Zaujal V\u00e1s niektor\u00fd z na\u0161ich \u0161kolite\u013eov, \u010di t\u00e9ma v ktorej by ste si radi preh\u013abili znalosti alebo za\u0161kolili Va\u0161ich kolegov, pr\u00edpadne cel\u00e9 oddelenie? Nev\u00e1hajte a vypl\u0148te formul\u00e1r, &hellip; <\/p>\n","protected":false},"author":4,"featured_media":0,"parent":3664,"menu_order":0,"comment_status":"closed","ping_status":"closed","template":"","meta":[],"yoast_head":"<!-- This site is optimized with the Yoast SEO plugin v20.6 - https:\/\/yoast.com\/wordpress\/plugins\/seo\/ -->\n<title>Intern\u00e9 \u0161kolenie - Qubit Academy<\/title>\n<meta name=\"robots\" content=\"index, follow, max-snippet:-1, max-image-preview:large, max-video-preview:-1\" \/>\n<link rel=\"canonical\" href=\"https:\/\/qubitacademy.com\/sk\/interne-skolenia\/interne-skolenie\/\" \/>\n<meta property=\"og:locale\" content=\"sk_SK\" \/>\n<meta property=\"og:type\" content=\"article\" \/>\n<meta property=\"og:title\" content=\"Intern\u00e9 \u0161kolenie - Qubit Academy\" \/>\n<meta property=\"og:description\" content=\"\u0160kolenie na mieru Zaujal V\u00e1s niektor\u00fd z na\u0161ich \u0161kolite\u013eov, \u010di t\u00e9ma v ktorej by ste si radi preh\u013abili znalosti alebo za\u0161kolili Va\u0161ich kolegov, pr\u00edpadne cel\u00e9 oddelenie? Nev\u00e1hajte a vypl\u0148te formul\u00e1r, &hellip;\" \/>\n<meta property=\"og:url\" content=\"https:\/\/qubitacademy.com\/sk\/interne-skolenia\/interne-skolenie\/\" \/>\n<meta property=\"og:site_name\" content=\"Qubit Academy\" \/>\n<meta property=\"article:modified_time\" content=\"2020-06-08T09:53:01+00:00\" \/>\n<meta name=\"twitter:card\" content=\"summary_large_image\" \/>\n<script type=\"application\/ld+json\" class=\"yoast-schema-graph\">{\"@context\":\"https:\/\/schema.org\",\"@graph\":[{\"@type\":\"WebPage\",\"@id\":\"https:\/\/qubitacademy.com\/sk\/interne-skolenia\/interne-skolenie\/\",\"url\":\"https:\/\/qubitacademy.com\/sk\/interne-skolenia\/interne-skolenie\/\",\"name\":\"Intern\u00e9 \u0161kolenie - Qubit Academy\",\"isPartOf\":{\"@id\":\"https:\/\/qubitacademy.com\/sk\/#website\"},\"datePublished\":\"2020-06-08T09:46:35+00:00\",\"dateModified\":\"2020-06-08T09:53:01+00:00\",\"breadcrumb\":{\"@id\":\"https:\/\/qubitacademy.com\/sk\/interne-skolenia\/interne-skolenie\/#breadcrumb\"},\"inLanguage\":\"sk-SK\",\"potentialAction\":[{\"@type\":\"ReadAction\",\"target\":[\"https:\/\/qubitacademy.com\/sk\/interne-skolenia\/interne-skolenie\/\"]}]},{\"@type\":\"BreadcrumbList\",\"@id\":\"https:\/\/qubitacademy.com\/sk\/interne-skolenia\/interne-skolenie\/#breadcrumb\",\"itemListElement\":[{\"@type\":\"ListItem\",\"position\":1,\"name\":\"Home\",\"item\":\"https:\/\/qubitacademy.com\/sk\/\"},{\"@type\":\"ListItem\",\"position\":2,\"name\":\"Intern\u00e9 \u0161kolenia\",\"item\":\"https:\/\/qubitacademy.com\/sk\/interne-skolenia\/\"},{\"@type\":\"ListItem\",\"position\":3,\"name\":\"Intern\u00e9 \u0161kolenie\"}]},{\"@type\":\"WebSite\",\"@id\":\"https:\/\/qubitacademy.com\/sk\/#website\",\"url\":\"https:\/\/qubitacademy.com\/sk\/\",\"name\":\"Qubit Academy\",\"description\":\"Vzdel\u00e1vanie v oblasti informa\u010dnej a kybernetickej bezpe\u010dnosti\",\"potentialAction\":[{\"@type\":\"SearchAction\",\"target\":{\"@type\":\"EntryPoint\",\"urlTemplate\":\"https:\/\/qubitacademy.com\/sk\/?s={search_term_string}\"},\"query-input\":\"required name=search_term_string\"}],\"inLanguage\":\"sk-SK\"}]}<\/script>\n<!-- \/ Yoast SEO plugin. -->","yoast_head_json":{"title":"Intern\u00e9 \u0161kolenie - Qubit Academy","robots":{"index":"index","follow":"follow","max-snippet":"max-snippet:-1","max-image-preview":"max-image-preview:large","max-video-preview":"max-video-preview:-1"},"canonical":"https:\/\/qubitacademy.com\/sk\/interne-skolenia\/interne-skolenie\/","og_locale":"sk_SK","og_type":"article","og_title":"Intern\u00e9 \u0161kolenie - Qubit Academy","og_description":"\u0160kolenie na mieru Zaujal V\u00e1s niektor\u00fd z na\u0161ich \u0161kolite\u013eov, \u010di t\u00e9ma v ktorej by ste si radi preh\u013abili znalosti alebo za\u0161kolili Va\u0161ich kolegov, pr\u00edpadne cel\u00e9 oddelenie? Nev\u00e1hajte a vypl\u0148te formul\u00e1r, &hellip;","og_url":"https:\/\/qubitacademy.com\/sk\/interne-skolenia\/interne-skolenie\/","og_site_name":"Qubit Academy","article_modified_time":"2020-06-08T09:53:01+00:00","twitter_card":"summary_large_image","schema":{"@context":"https:\/\/schema.org","@graph":[{"@type":"WebPage","@id":"https:\/\/qubitacademy.com\/sk\/interne-skolenia\/interne-skolenie\/","url":"https:\/\/qubitacademy.com\/sk\/interne-skolenia\/interne-skolenie\/","name":"Intern\u00e9 \u0161kolenie - Qubit Academy","isPartOf":{"@id":"https:\/\/qubitacademy.com\/sk\/#website"},"datePublished":"2020-06-08T09:46:35+00:00","dateModified":"2020-06-08T09:53:01+00:00","breadcrumb":{"@id":"https:\/\/qubitacademy.com\/sk\/interne-skolenia\/interne-skolenie\/#breadcrumb"},"inLanguage":"sk-SK","potentialAction":[{"@type":"ReadAction","target":["https:\/\/qubitacademy.com\/sk\/interne-skolenia\/interne-skolenie\/"]}]},{"@type":"BreadcrumbList","@id":"https:\/\/qubitacademy.com\/sk\/interne-skolenia\/interne-skolenie\/#breadcrumb","itemListElement":[{"@type":"ListItem","position":1,"name":"Home","item":"https:\/\/qubitacademy.com\/sk\/"},{"@type":"ListItem","position":2,"name":"Intern\u00e9 \u0161kolenia","item":"https:\/\/qubitacademy.com\/sk\/interne-skolenia\/"},{"@type":"ListItem","position":3,"name":"Intern\u00e9 \u0161kolenie"}]},{"@type":"WebSite","@id":"https:\/\/qubitacademy.com\/sk\/#website","url":"https:\/\/qubitacademy.com\/sk\/","name":"Qubit Academy","description":"Vzdel\u00e1vanie v oblasti informa\u010dnej a kybernetickej bezpe\u010dnosti","potentialAction":[{"@type":"SearchAction","target":{"@type":"EntryPoint","urlTemplate":"https:\/\/qubitacademy.com\/sk\/?s={search_term_string}"},"query-input":"required name=search_term_string"}],"inLanguage":"sk-SK"}]}},"_links":{"self":[{"href":"https:\/\/qubitacademy.com\/sk\/wp-json\/wp\/v2\/pages\/11597"}],"collection":[{"href":"https:\/\/qubitacademy.com\/sk\/wp-json\/wp\/v2\/pages"}],"about":[{"href":"https:\/\/qubitacademy.com\/sk\/wp-json\/wp\/v2\/types\/page"}],"author":[{"embeddable":true,"href":"https:\/\/qubitacademy.com\/sk\/wp-json\/wp\/v2\/users\/4"}],"replies":[{"embeddable":true,"href":"https:\/\/qubitacademy.com\/sk\/wp-json\/wp\/v2\/comments?post=11597"}],"version-history":[{"count":4,"href":"https:\/\/qubitacademy.com\/sk\/wp-json\/wp\/v2\/pages\/11597\/revisions"}],"predecessor-version":[{"id":11603,"href":"https:\/\/qubitacademy.com\/sk\/wp-json\/wp\/v2\/pages\/11597\/revisions\/11603"}],"up":[{"embeddable":true,"href":"https:\/\/qubitacademy.com\/sk\/wp-json\/wp\/v2\/pages\/3664"}],"wp:attachment":[{"href":"https:\/\/qubitacademy.com\/sk\/wp-json\/wp\/v2\/media?parent=11597"}],"curies":[{"name":"wp","href":"https:\/\/api.w.org\/{rel}","templated":true}]}}