{"id":11727,"date":"2020-07-02T07:43:46","date_gmt":"2020-07-02T07:43:46","guid":{"rendered":"https:\/\/qubitacademy.com\/?page_id=11727"},"modified":"2021-01-19T08:48:44","modified_gmt":"2021-01-19T08:48:44","slug":"security-operation-center","status":"publish","type":"page","link":"https:\/\/qubitacademy.com\/sk\/security-operation-center\/","title":{"rendered":"Security Operation Center"},"content":{"rendered":"<h2>Security Operation Center<\/h2>\n<h4>Kontakt<\/h4>\n<p><a href=\"mailto:denisa@qubitacademy.com\">Denisa Lavkov\u00e1<\/a>+421 948 959 957<\/p>\n<p>Security Operation Center (SOC) zabezpe\u010duje monitorovanie a zis\u0165ovanie hrozieb pre organiz\u00e1ciu a spolupracuje na elimin\u00e1ci\u00ed t\u00fdchto hrozieb. V\u00e4\u010d\u0161ina obet\u00ed bezpe\u010dnostn\u00fdch incidentov sa dozvie o \u00fatoku alebo kompromit\u00e1cii od tret\u00edch str\u00e1n, nie od intern\u00e9ho bezpe\u010dnostn\u00e9ho t\u00edmu, \u010do v praxi znamen\u00e1 stratu \u010dasu a v\u00e4\u010d\u0161ie riziko vzniknut\u00fdch \u0161k\u00f4d. Mana\u017ement preto po\u017eaduje, aby ich bezpe\u010dnostn\u00e9 t\u00edmy neust\u00e1le zlep\u0161ovali zabezpe\u010denie a boli schopn\u00e9 monitorova\u0165 a zastavi\u0165 tak\u00e9to hrozby.<\/p>\n<p>Ako by organiz\u00e1cie mali budova\u0165 svoje SOC, aby zvl\u00e1dali n\u00e1por s\u00fa\u010dasn\u00fdch a novo-vznikaj\u00facich hrozieb? \u010co v\u0161etko je potrebn\u00e9, aby SOC malo pridan\u00fa hodnotu pre organiz\u00e1ciu? Na \u0161kolen\u00ed si zadefinujeme, \u010do je SOC a bli\u017e\u0161ie sa pozrieme ak\u00e9 merate\u013en\u00e9 benefity organiz\u00e1cii prin\u00e1\u0161a.<\/p>\n<p>Na tomto \u0161kolen\u00ed, ktor\u00e9 je s\u00fa\u010das\u0165ou minuloro\u010dnej s\u00e9rie venovanej technol\u00f3gii SIEM, bude \u00fa\u010dastn\u00edkom predstaven\u00e1 nielen te\u00f3ria, ale aj praktick\u00e9 uk\u00e1\u017eky, ako postupova\u0165 pri r\u00f4znych situ\u00e1ciach, ktor\u00e9 s\u00fa s\u00fa\u010das\u0165ou pr\u00e1ce s&nbsp;bezpe\u010dnostn\u00fdmi hrozbami. Nau\u010dia sa r\u00f4zne strat\u00e9gie, ktor\u00e9 im pom\u00f4\u017eu br\u00e1ni\u0165 sa proti nieko\u013ek\u00fdm scen\u00e1rom \u00fatoku. S\u00fa\u010das\u0165ou bude aj diskusia o budovan\u00ed a prev\u00e1dzke \u00faspe\u0161n\u00e9ho Security Operation Centra.&nbsp;<\/p>\n<p>Predn\u00e1\u0161aj\u00faci sa podel\u00ed o svoj praktick\u00fd pr\u00edstup a techniky, ktor\u00e9 pou\u017eil na zlep\u0161enie k\u013e\u00fa\u010dov\u00fdch prev\u00e1dzkov\u00fdch funkci\u00ed SOC: monitorovanie siete, reakcia na incidenty, threat intelligence, forenzn\u00e1 anal\u00fdza a hodnotenie \u00faspe\u0161nosti SOC.<\/p>\n<h4>Cie\u013eov\u00e1 skupina<\/h4>\n<ul>\n<li>CISO<\/li>\n<li>Mana\u017e\u00e9ri bezpe\u010dnosti<\/li>\n<li>Mana\u017e\u00e9ri SOC<\/li>\n<li>Mana\u017e\u00e9ri riz\u00edk OT<\/li>\n<li>Compliance mana\u017e\u00e9ri<\/li>\n<li>Bezpe\u010dnostn\u00ed analytici<\/li>\n<li>Syst\u00e9mov\u00ed administr\u00e1tori<\/li>\n<li>Vys\u030cetrovatelia kyberneticky\u0301ch hrozieb<\/li>\n<li>Jednotlivci pracuju\u0301ci na implementa\u0301cii monitorovania nepretrz\u030citej bezpec\u030cnosti alebo siete<\/li>\n<\/ul>\n<h4>Po\u017eiadavky na \u00fa\u010dastn\u00edkov<\/h4>\n<ul>\n<li>Notebook s nain\u0161talovan\u00fdm PDF Reader<\/li>\n<\/ul>\n<p>Trvanie: <strong>8 hod\u00edn vr\u00e1tane prest\u00e1vky na obed a dvoch 15-min\u00fatov\u00fdch prest\u00e1vok<\/strong><span><img alt=\"\" data-id=\"11731\" data-init-width=\"250\" data-init-height=\"250\" title=\"Pavol_Dovicovic\" loading=\"lazy\" src=\"https:\/\/qubitacademy.com\/wp-content\/uploads\/2020\/07\/Pavol_Dovicovic.jpg\" data-width=\"126\" data-height=\"126\" width=\"126\" height=\"126\"><\/span><\/p>\n<h4>Pavol Dovi\u010dovi\u010d<\/h4>\n<p>Security Consultant and former CISO<\/p>\n<p>Pavol je IT Guru v oblasti projektovania, architekt\u00fary a spr\u00e1vy bezpe\u010dnostn\u00fdch syst\u00e9mov, \u0161pecialista kybernetickej bezpe\u010dnosti s dlhoro\u010dn\u00fdmi sk\u00fasenos\u0165ami a hlbok\u00fdm porozumen\u00edm informa\u010dn\u00fdch technol\u00f3gi\u00ed.<\/p>\n<p>Podie\u013eal sa na bezpe\u010dnostn\u00fdch projektoch pre z\u00e1kazn\u00edkov v bankovom a finan\u010dnom sektore, bol zodpovedn\u00fd za anal\u00fdzu udalost\u00ed v celej IT infra\u0161trut\u00fare z\u00e1kazn\u00edka, od vy\u0161etrovania incidentov a\u017e po navrhovanie opatren\u00ed na ich odstr\u00e1nenie a minimaliz\u00e1ciu v bud\u00facnosti.<\/p>\n","protected":false},"excerpt":{"rendered":"<p>Security Operation Center Kontakt Denisa Lavkov\u00e1+421 948 959 957 Security Operation Center (SOC) zabezpe\u010duje monitorovanie a zis\u0165ovanie hrozieb pre organiz\u00e1ciu a spolupracuje na elimin\u00e1ci\u00ed t\u00fdchto hrozieb. V\u00e4\u010d\u0161ina obet\u00ed bezpe\u010dnostn\u00fdch incidentov &hellip; <\/p>\n","protected":false},"author":4,"featured_media":12082,"parent":0,"menu_order":0,"comment_status":"closed","ping_status":"closed","template":"","meta":[],"yoast_head":"<!-- This site is optimized with the Yoast SEO plugin v20.6 - https:\/\/yoast.com\/wordpress\/plugins\/seo\/ -->\n<title>Security Operation Center - Qubit Academy<\/title>\n<meta name=\"robots\" content=\"index, follow, max-snippet:-1, max-image-preview:large, max-video-preview:-1\" \/>\n<link rel=\"canonical\" href=\"https:\/\/qubitacademy.com\/sk\/security-operation-center\/\" \/>\n<meta property=\"og:locale\" content=\"sk_SK\" \/>\n<meta property=\"og:type\" content=\"article\" \/>\n<meta property=\"og:title\" content=\"Security Operation Center - Qubit Academy\" \/>\n<meta property=\"og:description\" content=\"Security Operation Center Kontakt Denisa Lavkov\u00e1+421 948 959 957 Security Operation Center (SOC) zabezpe\u010duje monitorovanie a zis\u0165ovanie hrozieb pre organiz\u00e1ciu a spolupracuje na elimin\u00e1ci\u00ed t\u00fdchto hrozieb. V\u00e4\u010d\u0161ina obet\u00ed bezpe\u010dnostn\u00fdch incidentov &hellip;\" \/>\n<meta property=\"og:url\" content=\"https:\/\/qubitacademy.com\/sk\/security-operation-center\/\" \/>\n<meta property=\"og:site_name\" content=\"Qubit Academy\" \/>\n<meta property=\"article:modified_time\" content=\"2021-01-19T08:48:44+00:00\" \/>\n<meta property=\"og:image\" content=\"https:\/\/qubitacademy.com\/wp-content\/uploads\/2020\/08\/soc_workshop_1600x500.jpg\" \/>\n\t<meta property=\"og:image:width\" content=\"1600\" \/>\n\t<meta property=\"og:image:height\" content=\"500\" \/>\n\t<meta property=\"og:image:type\" content=\"image\/jpeg\" \/>\n<meta name=\"twitter:card\" content=\"summary_large_image\" \/>\n<meta name=\"twitter:label1\" content=\"Predpokladan\u00fd \u010das \u010d\u00edtania\" \/>\n\t<meta name=\"twitter:data1\" content=\"2 min\u00faty\" \/>\n<script type=\"application\/ld+json\" class=\"yoast-schema-graph\">{\"@context\":\"https:\/\/schema.org\",\"@graph\":[{\"@type\":\"WebPage\",\"@id\":\"https:\/\/qubitacademy.com\/sk\/security-operation-center\/\",\"url\":\"https:\/\/qubitacademy.com\/sk\/security-operation-center\/\",\"name\":\"Security Operation Center - Qubit Academy\",\"isPartOf\":{\"@id\":\"https:\/\/qubitacademy.com\/sk\/#website\"},\"datePublished\":\"2020-07-02T07:43:46+00:00\",\"dateModified\":\"2021-01-19T08:48:44+00:00\",\"breadcrumb\":{\"@id\":\"https:\/\/qubitacademy.com\/sk\/security-operation-center\/#breadcrumb\"},\"inLanguage\":\"sk-SK\",\"potentialAction\":[{\"@type\":\"ReadAction\",\"target\":[\"https:\/\/qubitacademy.com\/sk\/security-operation-center\/\"]}]},{\"@type\":\"BreadcrumbList\",\"@id\":\"https:\/\/qubitacademy.com\/sk\/security-operation-center\/#breadcrumb\",\"itemListElement\":[{\"@type\":\"ListItem\",\"position\":1,\"name\":\"Home\",\"item\":\"https:\/\/qubitacademy.com\/sk\/\"},{\"@type\":\"ListItem\",\"position\":2,\"name\":\"Security Operation Center\"}]},{\"@type\":\"WebSite\",\"@id\":\"https:\/\/qubitacademy.com\/sk\/#website\",\"url\":\"https:\/\/qubitacademy.com\/sk\/\",\"name\":\"Qubit Academy\",\"description\":\"Vzdel\u00e1vanie v oblasti informa\u010dnej a kybernetickej bezpe\u010dnosti\",\"potentialAction\":[{\"@type\":\"SearchAction\",\"target\":{\"@type\":\"EntryPoint\",\"urlTemplate\":\"https:\/\/qubitacademy.com\/sk\/?s={search_term_string}\"},\"query-input\":\"required name=search_term_string\"}],\"inLanguage\":\"sk-SK\"}]}<\/script>\n<!-- \/ Yoast SEO plugin. -->","yoast_head_json":{"title":"Security Operation Center - Qubit Academy","robots":{"index":"index","follow":"follow","max-snippet":"max-snippet:-1","max-image-preview":"max-image-preview:large","max-video-preview":"max-video-preview:-1"},"canonical":"https:\/\/qubitacademy.com\/sk\/security-operation-center\/","og_locale":"sk_SK","og_type":"article","og_title":"Security Operation Center - Qubit Academy","og_description":"Security Operation Center Kontakt Denisa Lavkov\u00e1+421 948 959 957 Security Operation Center (SOC) zabezpe\u010duje monitorovanie a zis\u0165ovanie hrozieb pre organiz\u00e1ciu a spolupracuje na elimin\u00e1ci\u00ed t\u00fdchto hrozieb. V\u00e4\u010d\u0161ina obet\u00ed bezpe\u010dnostn\u00fdch incidentov &hellip;","og_url":"https:\/\/qubitacademy.com\/sk\/security-operation-center\/","og_site_name":"Qubit Academy","article_modified_time":"2021-01-19T08:48:44+00:00","og_image":[{"width":1600,"height":500,"url":"https:\/\/qubitacademy.com\/wp-content\/uploads\/2020\/08\/soc_workshop_1600x500.jpg","type":"image\/jpeg"}],"twitter_card":"summary_large_image","twitter_misc":{"Predpokladan\u00fd \u010das \u010d\u00edtania":"2 min\u00faty"},"schema":{"@context":"https:\/\/schema.org","@graph":[{"@type":"WebPage","@id":"https:\/\/qubitacademy.com\/sk\/security-operation-center\/","url":"https:\/\/qubitacademy.com\/sk\/security-operation-center\/","name":"Security Operation Center - Qubit Academy","isPartOf":{"@id":"https:\/\/qubitacademy.com\/sk\/#website"},"datePublished":"2020-07-02T07:43:46+00:00","dateModified":"2021-01-19T08:48:44+00:00","breadcrumb":{"@id":"https:\/\/qubitacademy.com\/sk\/security-operation-center\/#breadcrumb"},"inLanguage":"sk-SK","potentialAction":[{"@type":"ReadAction","target":["https:\/\/qubitacademy.com\/sk\/security-operation-center\/"]}]},{"@type":"BreadcrumbList","@id":"https:\/\/qubitacademy.com\/sk\/security-operation-center\/#breadcrumb","itemListElement":[{"@type":"ListItem","position":1,"name":"Home","item":"https:\/\/qubitacademy.com\/sk\/"},{"@type":"ListItem","position":2,"name":"Security Operation Center"}]},{"@type":"WebSite","@id":"https:\/\/qubitacademy.com\/sk\/#website","url":"https:\/\/qubitacademy.com\/sk\/","name":"Qubit Academy","description":"Vzdel\u00e1vanie v oblasti informa\u010dnej a kybernetickej bezpe\u010dnosti","potentialAction":[{"@type":"SearchAction","target":{"@type":"EntryPoint","urlTemplate":"https:\/\/qubitacademy.com\/sk\/?s={search_term_string}"},"query-input":"required name=search_term_string"}],"inLanguage":"sk-SK"}]}},"_links":{"self":[{"href":"https:\/\/qubitacademy.com\/sk\/wp-json\/wp\/v2\/pages\/11727"}],"collection":[{"href":"https:\/\/qubitacademy.com\/sk\/wp-json\/wp\/v2\/pages"}],"about":[{"href":"https:\/\/qubitacademy.com\/sk\/wp-json\/wp\/v2\/types\/page"}],"author":[{"embeddable":true,"href":"https:\/\/qubitacademy.com\/sk\/wp-json\/wp\/v2\/users\/4"}],"replies":[{"embeddable":true,"href":"https:\/\/qubitacademy.com\/sk\/wp-json\/wp\/v2\/comments?post=11727"}],"version-history":[{"count":15,"href":"https:\/\/qubitacademy.com\/sk\/wp-json\/wp\/v2\/pages\/11727\/revisions"}],"predecessor-version":[{"id":13589,"href":"https:\/\/qubitacademy.com\/sk\/wp-json\/wp\/v2\/pages\/11727\/revisions\/13589"}],"wp:featuredmedia":[{"embeddable":true,"href":"https:\/\/qubitacademy.com\/sk\/wp-json\/wp\/v2\/media\/12082"}],"wp:attachment":[{"href":"https:\/\/qubitacademy.com\/sk\/wp-json\/wp\/v2\/media?parent=11727"}],"curies":[{"name":"wp","href":"https:\/\/api.w.org\/{rel}","templated":true}]}}