{"id":11890,"date":"2020-07-09T09:23:14","date_gmt":"2020-07-09T09:23:14","guid":{"rendered":"https:\/\/qubitacademy.com\/?page_id=11890"},"modified":"2021-01-18T12:25:09","modified_gmt":"2021-01-18T12:25:09","slug":"praca-z-domu","status":"publish","type":"page","link":"https:\/\/qubitacademy.com\/sk\/praca-z-domu\/","title":{"rendered":"Pr\u00e1ca z domu \u201cv novom norm\u00e1le&#8221;"},"content":{"rendered":"<h2>Pr\u00e1ca z domu &#8222;v novom norm\u00e1le&#8220;<\/h2>\n<h4>Kontakt<\/h4>\n<p><a href=\"mailto:denisa@qubitacademy.com\" target=\"_blank\" rel=\"noopener noreferrer\">Denisa Lavkov\u00e1<\/a>+421 948 959 957<\/p>\n<p>Pand\u00e9mia COVID -19 a s \u0148ou s\u00favisiace obmedzenia v\u00fdkonu pr\u00e1ce z kancel\u00e1ri\u00ed aj zaryt\u00fdch odporcov pr\u00e1ce z domu presved\u010dili, \u017ee zamestnanci vedia pracova\u0165 riadne, zodpovedne a pod\u013ea pokynov zamestn\u00e1vate\u013ea aj inde ako v priestoroch zamestn\u00e1vate\u013ea. Po\u010det zamestn\u00e1vate\u013eov a zamestnancov, ktor\u00ed pr\u00e1cu z domu preferuj\u00fa, r\u00fdchlo rastie. Ako spr\u00e1vne adresova\u0165 potreby oboch str\u00e1n?&nbsp;<\/p>\n<ul>\n<li>Ak\u00e9 formy pr\u00e1ce z domu pozn\u00e1 slovensk\u00fd z\u00e1konn\u00edk pr\u00e1ce?<\/li>\n<li>Je treba v\u00fdkon pr\u00e1ce z domu osobitne upravi\u0165? (pom\u00f4cka: \u00c1no, a povieme si aj ako a kde)<\/li>\n<li>M\u00e1 zamestn\u00e1vate\u013e nejak\u00e9 povinnosti vo\u010di odborovej organiz\u00e1cii alebo in\u00fdm z\u00e1stupcom zamestnancov p\u00f4sobiacim na pracovisku?<\/li>\n<li>Ak\u00e9 povinnosti m\u00e1 zamestn\u00e1vate\u013e v oblasti bezpe\u010dnosti a ochrany zdravia pri pr\u00e1ci?<\/li>\n<\/ul>\n<p><strong>Trvanie: <\/strong>90 min\u00fat&nbsp;<\/p>\n<p><strong>Workshop<\/strong><strong>&nbsp;bude prebieha\u0165 v slovenskom jazyku.<\/strong><\/p>\n<p><span><img alt=\"\" data-id=\"12133\" data-init-width=\"250\" data-init-height=\"250\" title=\"Katarina_Matulnikova\" loading=\"lazy\" src=\"https:\/\/qubitacademy.com\/wp-content\/uploads\/2020\/08\/Katarina_Matulnikova.jpg\" data-width=\"126\" data-height=\"126\" width=\"126\" height=\"126\"><\/span><\/p>\n<h4><span lang=\"CS\">Katar\u00edna Matuln\u00edkov\u00e1<\/span><\/h4>\n<p>Counsel | Allen &amp; Overy Bratislava<\/p>\n<p>Katar\u00edna vedie oddelenie pracovn\u00e9ho pr\u00e1va v Allen &amp; Overy Bratislava. Pravidelne rad\u00ed zamestn\u00e1vate\u013eom p\u00f4sobiacim v r\u00f4znych odvetviach ekonomickej \u010dinnosti v oblasti pracovn\u00e9ho pr\u00e1va, v sporov\u00fdch ako aj nesporn\u00fdch z\u00e1le\u017eitostiach. M\u00e1 rozsiahle sk\u00fasenosti s pracovnopr\u00e1vnymi re\u0161trukturaliz\u00e1ciami, vysielan\u00edm zamestnancov, prevodmi zamestnancov a prep\u00fa\u0161\u0165an\u00edm (vr\u00e1tane hromadn\u00e9ho prep\u00fa\u0161\u0165ania). Do portf\u00f3lia jej sk\u00fasenost\u00ed patr\u00ed aj navrhovanie\/\u00faprava vn\u00fatorn\u00fdch predpisov (pracovn\u00fdch poriadkov), pracovn\u00fdch a mana\u017e\u00e9rskych zml\u00fav (zml\u00fav o v\u00fdkone funkcie) a tie\u017e poradenstvo s motiva\u010dn\u00fdmi programami a zamestnaneck\u00fdmi benefitmi, rie\u0161enie pracovnopr\u00e1vnych aspektov akviz\u00edci\u00ed a poradenstvo v oblasti ochrany osobn\u00fdch \u00fadajov.&nbsp;<\/p>\n<p><span><img alt=\"\" data-id=\"12134\" data-init-width=\"250\" data-init-height=\"250\" title=\"Michaela_Nemethova\" loading=\"lazy\" src=\"https:\/\/qubitacademy.com\/wp-content\/uploads\/2020\/08\/Michaela_Nemethova.jpg\" data-width=\"126\" data-height=\"126\" width=\"126\" height=\"126\"><\/span><\/p>\n<h4><span lang=\"CS\">Michaela N\u00e9methov\u00e1<\/span><\/h4>\n<p>&nbsp;Associate | Allen &amp; Overy Bratislava<\/p>\n<p>Michaela m\u00e1 bohat\u00e9 sk\u00fasenosti s poradenstvom v oblasti nehnute\u013enost\u00ed, f\u00fazi\u00ed, akviz\u00edci\u00ed a pracovn\u00e9ho pr\u00e1va. Po ukon\u010den\u00ed Paneur\u00f3pskej univerzity v roku 2015 pracovala vo v\u00fdznamn\u00fdch medzin\u00e1rodn\u00fdch advok\u00e1tskych kancel\u00e1ri\u00e1ch na Slovensku. Podie\u013eala sa na mnoh\u00fdch cezhrani\u010dn\u00fdch transakci\u00e1ch v oblasti f\u00fazi\u00ed a akviz\u00edci\u00ed. Michaela tie\u017e rad\u00ed zamestn\u00e1vate\u013eom v celej \u0161k\u00e1le ot\u00e1zok pracovn\u00e9ho pr\u00e1va. M\u00e1 rozsiahle sk\u00fasenosti s pracovnopr\u00e1vnymi re\u0161trukturaliz\u00e1ciami, vysielan\u00edm zamestnancov, prevodmi zamestnancov a prep\u00fa\u0161\u0165an\u00edm.<\/p>\n","protected":false},"excerpt":{"rendered":"<p>Pr\u00e1ca z domu &#8222;v novom norm\u00e1le&#8220; Kontakt Denisa Lavkov\u00e1+421 948 959 957 Pand\u00e9mia COVID -19 a s \u0148ou s\u00favisiace obmedzenia v\u00fdkonu pr\u00e1ce z kancel\u00e1ri\u00ed aj zaryt\u00fdch odporcov pr\u00e1ce z domu &hellip; <\/p>\n","protected":false},"author":4,"featured_media":0,"parent":0,"menu_order":0,"comment_status":"closed","ping_status":"closed","template":"","meta":[],"yoast_head":"<!-- This site is optimized with the Yoast SEO plugin v20.6 - https:\/\/yoast.com\/wordpress\/plugins\/seo\/ -->\n<title>Pr\u00e1ca z domu \u201cv novom norm\u00e1le&#8221; - Qubit Academy<\/title>\n<meta name=\"robots\" content=\"index, follow, max-snippet:-1, max-image-preview:large, max-video-preview:-1\" \/>\n<link rel=\"canonical\" href=\"https:\/\/qubitacademy.com\/sk\/praca-z-domu\/\" \/>\n<meta property=\"og:locale\" content=\"sk_SK\" \/>\n<meta property=\"og:type\" content=\"article\" \/>\n<meta property=\"og:title\" content=\"Pr\u00e1ca z domu \u201cv novom norm\u00e1le&#8221; - Qubit Academy\" \/>\n<meta property=\"og:description\" content=\"Pr\u00e1ca z domu &#8222;v novom norm\u00e1le&#8220; Kontakt Denisa Lavkov\u00e1+421 948 959 957 Pand\u00e9mia COVID -19 a s \u0148ou s\u00favisiace obmedzenia v\u00fdkonu pr\u00e1ce z kancel\u00e1ri\u00ed aj zaryt\u00fdch odporcov pr\u00e1ce z domu &hellip;\" \/>\n<meta property=\"og:url\" content=\"https:\/\/qubitacademy.com\/sk\/praca-z-domu\/\" \/>\n<meta property=\"og:site_name\" content=\"Qubit Academy\" \/>\n<meta property=\"article:modified_time\" content=\"2021-01-18T12:25:09+00:00\" \/>\n<meta property=\"og:image\" content=\"https:\/\/qubitacademy.com\/wp-content\/uploads\/2020\/08\/Katarina_Matulnikova.jpg\" \/>\n<meta name=\"twitter:card\" content=\"summary_large_image\" \/>\n<meta name=\"twitter:label1\" content=\"Predpokladan\u00fd \u010das \u010d\u00edtania\" \/>\n\t<meta name=\"twitter:data1\" content=\"2 min\u00faty\" \/>\n<script type=\"application\/ld+json\" class=\"yoast-schema-graph\">{\"@context\":\"https:\/\/schema.org\",\"@graph\":[{\"@type\":\"WebPage\",\"@id\":\"https:\/\/qubitacademy.com\/sk\/praca-z-domu\/\",\"url\":\"https:\/\/qubitacademy.com\/sk\/praca-z-domu\/\",\"name\":\"Pr\u00e1ca z domu \u201cv novom norm\u00e1le&#8221; - Qubit Academy\",\"isPartOf\":{\"@id\":\"https:\/\/qubitacademy.com\/sk\/#website\"},\"datePublished\":\"2020-07-09T09:23:14+00:00\",\"dateModified\":\"2021-01-18T12:25:09+00:00\",\"breadcrumb\":{\"@id\":\"https:\/\/qubitacademy.com\/sk\/praca-z-domu\/#breadcrumb\"},\"inLanguage\":\"sk-SK\",\"potentialAction\":[{\"@type\":\"ReadAction\",\"target\":[\"https:\/\/qubitacademy.com\/sk\/praca-z-domu\/\"]}]},{\"@type\":\"BreadcrumbList\",\"@id\":\"https:\/\/qubitacademy.com\/sk\/praca-z-domu\/#breadcrumb\",\"itemListElement\":[{\"@type\":\"ListItem\",\"position\":1,\"name\":\"Home\",\"item\":\"https:\/\/qubitacademy.com\/sk\/\"},{\"@type\":\"ListItem\",\"position\":2,\"name\":\"Pr\u00e1ca z domu \u201cv novom norm\u00e1le&#8221;\"}]},{\"@type\":\"WebSite\",\"@id\":\"https:\/\/qubitacademy.com\/sk\/#website\",\"url\":\"https:\/\/qubitacademy.com\/sk\/\",\"name\":\"Qubit Academy\",\"description\":\"Vzdel\u00e1vanie v oblasti informa\u010dnej a kybernetickej bezpe\u010dnosti\",\"potentialAction\":[{\"@type\":\"SearchAction\",\"target\":{\"@type\":\"EntryPoint\",\"urlTemplate\":\"https:\/\/qubitacademy.com\/sk\/?s={search_term_string}\"},\"query-input\":\"required name=search_term_string\"}],\"inLanguage\":\"sk-SK\"}]}<\/script>\n<!-- \/ Yoast SEO plugin. -->","yoast_head_json":{"title":"Pr\u00e1ca z domu \u201cv novom norm\u00e1le&#8221; - Qubit Academy","robots":{"index":"index","follow":"follow","max-snippet":"max-snippet:-1","max-image-preview":"max-image-preview:large","max-video-preview":"max-video-preview:-1"},"canonical":"https:\/\/qubitacademy.com\/sk\/praca-z-domu\/","og_locale":"sk_SK","og_type":"article","og_title":"Pr\u00e1ca z domu \u201cv novom norm\u00e1le&#8221; - Qubit Academy","og_description":"Pr\u00e1ca z domu &#8222;v novom norm\u00e1le&#8220; Kontakt Denisa Lavkov\u00e1+421 948 959 957 Pand\u00e9mia COVID -19 a s \u0148ou s\u00favisiace obmedzenia v\u00fdkonu pr\u00e1ce z kancel\u00e1ri\u00ed aj zaryt\u00fdch odporcov pr\u00e1ce z domu &hellip;","og_url":"https:\/\/qubitacademy.com\/sk\/praca-z-domu\/","og_site_name":"Qubit Academy","article_modified_time":"2021-01-18T12:25:09+00:00","og_image":[{"url":"https:\/\/qubitacademy.com\/wp-content\/uploads\/2020\/08\/Katarina_Matulnikova.jpg"}],"twitter_card":"summary_large_image","twitter_misc":{"Predpokladan\u00fd \u010das \u010d\u00edtania":"2 min\u00faty"},"schema":{"@context":"https:\/\/schema.org","@graph":[{"@type":"WebPage","@id":"https:\/\/qubitacademy.com\/sk\/praca-z-domu\/","url":"https:\/\/qubitacademy.com\/sk\/praca-z-domu\/","name":"Pr\u00e1ca z domu \u201cv novom norm\u00e1le&#8221; - Qubit Academy","isPartOf":{"@id":"https:\/\/qubitacademy.com\/sk\/#website"},"datePublished":"2020-07-09T09:23:14+00:00","dateModified":"2021-01-18T12:25:09+00:00","breadcrumb":{"@id":"https:\/\/qubitacademy.com\/sk\/praca-z-domu\/#breadcrumb"},"inLanguage":"sk-SK","potentialAction":[{"@type":"ReadAction","target":["https:\/\/qubitacademy.com\/sk\/praca-z-domu\/"]}]},{"@type":"BreadcrumbList","@id":"https:\/\/qubitacademy.com\/sk\/praca-z-domu\/#breadcrumb","itemListElement":[{"@type":"ListItem","position":1,"name":"Home","item":"https:\/\/qubitacademy.com\/sk\/"},{"@type":"ListItem","position":2,"name":"Pr\u00e1ca z domu \u201cv novom norm\u00e1le&#8221;"}]},{"@type":"WebSite","@id":"https:\/\/qubitacademy.com\/sk\/#website","url":"https:\/\/qubitacademy.com\/sk\/","name":"Qubit Academy","description":"Vzdel\u00e1vanie v oblasti informa\u010dnej a kybernetickej bezpe\u010dnosti","potentialAction":[{"@type":"SearchAction","target":{"@type":"EntryPoint","urlTemplate":"https:\/\/qubitacademy.com\/sk\/?s={search_term_string}"},"query-input":"required name=search_term_string"}],"inLanguage":"sk-SK"}]}},"_links":{"self":[{"href":"https:\/\/qubitacademy.com\/sk\/wp-json\/wp\/v2\/pages\/11890"}],"collection":[{"href":"https:\/\/qubitacademy.com\/sk\/wp-json\/wp\/v2\/pages"}],"about":[{"href":"https:\/\/qubitacademy.com\/sk\/wp-json\/wp\/v2\/types\/page"}],"author":[{"embeddable":true,"href":"https:\/\/qubitacademy.com\/sk\/wp-json\/wp\/v2\/users\/4"}],"replies":[{"embeddable":true,"href":"https:\/\/qubitacademy.com\/sk\/wp-json\/wp\/v2\/comments?post=11890"}],"version-history":[{"count":22,"href":"https:\/\/qubitacademy.com\/sk\/wp-json\/wp\/v2\/pages\/11890\/revisions"}],"predecessor-version":[{"id":13576,"href":"https:\/\/qubitacademy.com\/sk\/wp-json\/wp\/v2\/pages\/11890\/revisions\/13576"}],"wp:attachment":[{"href":"https:\/\/qubitacademy.com\/sk\/wp-json\/wp\/v2\/media?parent=11890"}],"curies":[{"name":"wp","href":"https:\/\/api.w.org\/{rel}","templated":true}]}}