{"id":12166,"date":"2020-08-19T12:16:37","date_gmt":"2020-08-19T12:16:37","guid":{"rendered":"https:\/\/qubitacademy.com\/?page_id=12166"},"modified":"2021-03-08T08:46:57","modified_gmt":"2021-03-08T08:46:57","slug":"gdpr-v-informacnej-bezpecnosti","status":"publish","type":"page","link":"https:\/\/qubitacademy.com\/sk\/gdpr-v-informacnej-bezpecnosti\/","title":{"rendered":"GDPR v\u00a0informa\u010dnej bezpe\u010dnosti"},"content":{"rendered":"<h1>GDPR v informa\u010dnej bezpe\u010dnosti<\/h1>\n<h4>Ako nestrati\u0165 smer<\/h4>\n<h4 style=\"text-align: left;\">D\u00e1tum<\/h4>\n<p style=\"text-align: left;\">TBA<\/p>\n<h4>Kontakt<\/h4>\n<p><a href=\"mailto:denisa@qubitacademy.com\" style=\"outline: none;\">Denisa Lavkov\u00e1<\/a>+421 948 959 957<\/p>\n<p>Neoddelite\u013enou s\u00fa\u010das\u0165ou zabezpe\u010dovania s\u00faladu sprac\u00favania osobn\u00fdch \u00fadajov s GDPR je aj bezpe\u010dnos\u0165 a ochrana inform\u00e1ci\u00ed. Zodpovedn\u00e9 osoby (DPO) aj osoby plniace \u00falohy na \u00faseku ochrany osobn\u00fdch \u00fadajov sa denne stret\u00e1vaj\u00fa s povinnos\u0165ami \u201emonitorova\u0165 rizik\u00e1\u201c, \u201eo\u0161etrova\u0165 rizik\u00e1\u201c, \u201eriadi\u0165 rizik\u00e1\u201c, prij\u00edma\u0165 \u201eprimeran\u00e9 bezpe\u010dnostn\u00e9 opatrenia\u201c,&nbsp;<\/p>\n<p>&#8230;. a&nbsp;to v\u0161etko tak, aby zabezpe\u010dili s\u00falad sprac\u00favania osobn\u00fdch \u00fadajov s&nbsp;GDPR.<\/p>\n<ul>\n<li>Informa\u010dn\u00e1 bezpe\u010dnos\u0165 v kontexte GDPR \u2013 \u010do to je, kto to m\u00f4\u017ee (mal by) realizova\u0165, ako zabezpe\u010di\u0165 s\u00falad.<\/li>\n<li>Ako monitorova\u0165 s\u00falad aj v oblasti informa\u010dnej bezpe\u010dnosti \u2013 praktick\u00e9 n\u00e1vody a vysvetlenia.<\/li>\n<li>S\u00favis medzi povinnos\u0165ami pod\u013ea Z\u00e1kona o kybernetickej bezpe\u010dnosti a GDPR, prepojenie, povinnosti, rozdiely\/prieniky.<\/li>\n<li>Vysvetl\u00edme si z\u00e1klady identifik\u00e1cie a hodnotenia riz\u00edk v kontexte ochrany osobn\u00fdch \u00fadajov.<\/li>\n<li>Ako sa vysporiada\u0165 s \u201eprimeranos\u0165ou\u201c bezpe\u010dnostn\u00e9ho opatrenia a \u010do to vlastne v praxi obn\u00e1\u0161a.<\/li>\n<li>Praktick\u00e9 pr\u00edklady a uk\u00e1\u017eky.<\/li>\n<\/ul>\n<h4>Komu je workshop ur\u010den\u00fd<\/h4>\n<ul>\n<li>Odborn\u00edkom v oblasti ochrany osobn\u00fdch \u00fadajov<\/li>\n<li>DPO<\/li>\n<li>Mana\u017e\u00e9rom<\/li>\n<li>Osob\u00e1m zodpovedn\u00fdm za zabezpe\u010dovanie s\u00faladu sprac\u00favania osobn\u00fdch \u00fadajov s GDPR<\/li>\n<\/ul>\n<p><strong>Komu workshop nie je ur\u010den\u00fd: <\/strong>odborn\u00edkom v oblasti informa\u010dnej bezpe\u010dnosti, za\u010diato\u010dn\u00edkom v oblasti ochrany osobn\u00fdch \u00fadajov.&nbsp;<\/p>\n<p><strong>Trvanie:&nbsp;<\/strong>8 hod\u00edn (9:00-17:00)<\/p>\n<p><strong> <\/strong><\/p>\n<p><strong>Maxim\u00e1lny po\u010det \u00fa\u010dastn\u00edkov: <\/strong>25<\/p>\n<p><strong>Workshop<\/strong><strong>&nbsp;bude prebieha\u0165 v slovenskom jazyku.<\/strong><\/p>\n<p><span><img alt=\"\" data-id=\"12170\" data-init-width=\"250\" data-init-height=\"250\" title=\"Tatiana_Valentova_profil\" loading=\"lazy\" src=\"https:\/\/qubitacademy.com\/wp-content\/uploads\/2020\/08\/Tatiana_Valentova_profil.jpg\" data-width=\"126\" data-height=\"126\" width=\"126\" height=\"126\"><\/span><\/p>\n<h4><span lang=\"CS\">Tatiana Valentov\u00e1<\/span><\/h4>\n<p>Odborn\u00ed\u010dka na s\u00fakromie a osobn\u00e9 \u00fadaje | ALGGER<\/p>\n<p><span style=\"font-family: Raleway; font-weight: 400;\">Tatiana je \u0161pecialistkou v oblasti ochrany osobn\u00fdch \u00fadajov. Svoje bohat\u00e9 sk\u00fasenosti z\u00edskala najm\u00e4 ako vrchn\u00e1 in\u0161pektorka \u00daradu na ochranu osobn\u00fdch \u00fadajov Slovenskej republiky a riadite\u013eka odboru kontroly.<\/span><span style=\"font-weight: 400;\"><span style=\"font-family: Raleway;\">V\u010faka svojmu dlhoro\u010dn\u00e9mu p\u00f4sobeniu v oblasti ochrany a bezpe\u010dnosti inform\u00e1ci\u00ed v poz\u00edcii bezpe\u010dnostn\u00e9ho analytika m\u00e1 sk\u00fasenosti s praktickou aplik\u00e1ciou bezpe\u010dnostn\u00fdch opatren\u00ed sl\u00fa\u017eiacich na ochranu inform\u00e1ci\u00ed, ako aj s aplik\u00e1ciou legislat\u00edvy a medzin\u00e1rodn\u00fdch noriem pri ich pr\u00edprave.<\/span><\/span><span style=\"font-weight: 400;\"><span style=\"font-family: Raleway;\">Svoje praktick\u00e9 sk\u00fasenosti z\u00faro\u010dila aj pri pr\u00edprave novej legislat\u00edvy v ochrane osobn\u00fdch \u00fadajov a sekund\u00e1rnych predpisov v s\u00favislosti s \u00fa\u010dinnos\u0165ou eur\u00f3pskeho nariadenia o ochrane osobn\u00fdch \u00fadajov (GDPR). V r\u00e1mci ochrany osobn\u00fdch \u00fadajov sa v s\u00fa\u010dasnosti \u0161pecializuje na ochranu s\u00fakromia, bezpe\u010dnos\u0165 inform\u00e1ci\u00ed a komplexn\u00fa implement\u00e1ciu GDPR do praktick\u00e9ho prostrediaspolo\u010dnost\u00ed. Tatiana publikuje v oblasti ochrany osobn\u00fdch \u00fadajov, spolupracuje s nieko\u013ek\u00fdmi medzin\u00e1rodn\u00fdmi organiz\u00e1ciami v oblasti ochrany s\u00fakromia a v\u00fdkonu auditu.<\/span><\/span><span style=\"font-weight: 400;\"><span style=\"font-family: Raleway;\"><\/span><\/span><span style=\"font-family: Raleway; font-weight: 400;\">Predn\u00e1\u0161a na konferenci\u00e1ch, vedie semin\u00e1re a workshopy tematicky zameran\u00e9 na ochranu osobn\u00fdch \u00fadajov, bezpe\u010dnos\u0165 a dopady na pr\u00e1va a slobody fyzick\u00fdch os\u00f4b. Je autorkou praktick\u00e9ho koment\u00e1ra ku GDPR.&nbsp;<\/span><span><img alt=\"\" data-id=\"11731\" data-init-width=\"250\" data-init-height=\"250\" title=\"Pavol_Dovicovic\" loading=\"lazy\" src=\"https:\/\/qubitacademy.com\/wp-content\/uploads\/2020\/07\/Pavol_Dovicovic.jpg\" data-width=\"126\" data-height=\"126\" width=\"126\" height=\"126\"><\/span><\/p>\n<h4><span lang=\"CS\">Pavol Dovi\u010dovi\u010d<\/span><\/h4>\n<p>Bezpe\u010dnostn\u00fd konzultant<\/p>\n<p>Pavol je IT Guru v oblasti projektovania, architekt\u00fary a spr\u00e1vy bezpe\u010dnostn\u00fdch syst\u00e9mov, \u0161pecialista kybernetickej bezpe\u010dnosti s dlhoro\u010dn\u00fdmi sk\u00fasenos\u0165ami a hlbok\u00fdm porozumen\u00edm informa\u010dn\u00fdch technol\u00f3gi\u00ed. Podie\u013eal sa na bezpe\u010dnostn\u00fdch projektoch pre z\u00e1kazn\u00edkov v bankovom a finan\u010dnom sektore, bol zodpovedn\u00fd za anal\u00fdzu udalost\u00ed v celej IT infra\u0161trukt\u00fare z\u00e1kazn\u00edka, od vy\u0161etrovania incidentov a\u017e po navrhovanie opatren\u00ed na ich odstr\u00e1nenie a minimaliz\u00e1ciu v bud\u00facnosti.<\/p>\n<h3>Pre\u010do z\u00e1kazn\u00edci chodia opakovane na na\u0161e \u0161kolenia?<\/h3>\n","protected":false},"excerpt":{"rendered":"<p>GDPR v informa\u010dnej bezpe\u010dnosti Ako nestrati\u0165 smer D\u00e1tum TBA Kontakt Denisa Lavkov\u00e1+421 948 959 957 Neoddelite\u013enou s\u00fa\u010das\u0165ou zabezpe\u010dovania s\u00faladu sprac\u00favania osobn\u00fdch \u00fadajov s GDPR je aj bezpe\u010dnos\u0165 a ochrana inform\u00e1ci\u00ed. &hellip; <\/p>\n","protected":false},"author":4,"featured_media":0,"parent":0,"menu_order":0,"comment_status":"closed","ping_status":"closed","template":"","meta":[],"yoast_head":"<!-- This site is optimized with the Yoast SEO plugin v20.6 - https:\/\/yoast.com\/wordpress\/plugins\/seo\/ -->\n<title>GDPR v\u00a0informa\u010dnej bezpe\u010dnosti - Qubit Academy<\/title>\n<meta name=\"robots\" content=\"index, follow, max-snippet:-1, max-image-preview:large, max-video-preview:-1\" \/>\n<link rel=\"canonical\" href=\"https:\/\/qubitacademy.com\/sk\/gdpr-v-informacnej-bezpecnosti\/\" \/>\n<meta property=\"og:locale\" content=\"sk_SK\" \/>\n<meta property=\"og:type\" content=\"article\" \/>\n<meta property=\"og:title\" content=\"GDPR v\u00a0informa\u010dnej bezpe\u010dnosti - Qubit Academy\" \/>\n<meta property=\"og:description\" content=\"GDPR v informa\u010dnej bezpe\u010dnosti Ako nestrati\u0165 smer D\u00e1tum TBA Kontakt Denisa Lavkov\u00e1+421 948 959 957 Neoddelite\u013enou s\u00fa\u010das\u0165ou zabezpe\u010dovania s\u00faladu sprac\u00favania osobn\u00fdch \u00fadajov s GDPR je aj bezpe\u010dnos\u0165 a ochrana inform\u00e1ci\u00ed. &hellip;\" \/>\n<meta property=\"og:url\" content=\"https:\/\/qubitacademy.com\/sk\/gdpr-v-informacnej-bezpecnosti\/\" \/>\n<meta property=\"og:site_name\" content=\"Qubit Academy\" \/>\n<meta property=\"article:modified_time\" content=\"2021-03-08T08:46:57+00:00\" \/>\n<meta property=\"og:image\" content=\"https:\/\/qubitacademy.com\/wp-content\/uploads\/2020\/08\/Tatiana_Valentova_profil.jpg\" \/>\n<meta name=\"twitter:card\" content=\"summary_large_image\" \/>\n<meta name=\"twitter:label1\" content=\"Predpokladan\u00fd \u010das \u010d\u00edtania\" \/>\n\t<meta name=\"twitter:data1\" content=\"3 min\u00faty\" \/>\n<script type=\"application\/ld+json\" class=\"yoast-schema-graph\">{\"@context\":\"https:\/\/schema.org\",\"@graph\":[{\"@type\":\"WebPage\",\"@id\":\"https:\/\/qubitacademy.com\/sk\/gdpr-v-informacnej-bezpecnosti\/\",\"url\":\"https:\/\/qubitacademy.com\/sk\/gdpr-v-informacnej-bezpecnosti\/\",\"name\":\"GDPR v\u00a0informa\u010dnej bezpe\u010dnosti - Qubit Academy\",\"isPartOf\":{\"@id\":\"https:\/\/qubitacademy.com\/sk\/#website\"},\"datePublished\":\"2020-08-19T12:16:37+00:00\",\"dateModified\":\"2021-03-08T08:46:57+00:00\",\"breadcrumb\":{\"@id\":\"https:\/\/qubitacademy.com\/sk\/gdpr-v-informacnej-bezpecnosti\/#breadcrumb\"},\"inLanguage\":\"sk-SK\",\"potentialAction\":[{\"@type\":\"ReadAction\",\"target\":[\"https:\/\/qubitacademy.com\/sk\/gdpr-v-informacnej-bezpecnosti\/\"]}]},{\"@type\":\"BreadcrumbList\",\"@id\":\"https:\/\/qubitacademy.com\/sk\/gdpr-v-informacnej-bezpecnosti\/#breadcrumb\",\"itemListElement\":[{\"@type\":\"ListItem\",\"position\":1,\"name\":\"Home\",\"item\":\"https:\/\/qubitacademy.com\/sk\/\"},{\"@type\":\"ListItem\",\"position\":2,\"name\":\"GDPR v\u00a0informa\u010dnej bezpe\u010dnosti\"}]},{\"@type\":\"WebSite\",\"@id\":\"https:\/\/qubitacademy.com\/sk\/#website\",\"url\":\"https:\/\/qubitacademy.com\/sk\/\",\"name\":\"Qubit Academy\",\"description\":\"Vzdel\u00e1vanie v oblasti informa\u010dnej a kybernetickej bezpe\u010dnosti\",\"potentialAction\":[{\"@type\":\"SearchAction\",\"target\":{\"@type\":\"EntryPoint\",\"urlTemplate\":\"https:\/\/qubitacademy.com\/sk\/?s={search_term_string}\"},\"query-input\":\"required name=search_term_string\"}],\"inLanguage\":\"sk-SK\"}]}<\/script>\n<!-- \/ Yoast SEO plugin. -->","yoast_head_json":{"title":"GDPR v\u00a0informa\u010dnej bezpe\u010dnosti - Qubit Academy","robots":{"index":"index","follow":"follow","max-snippet":"max-snippet:-1","max-image-preview":"max-image-preview:large","max-video-preview":"max-video-preview:-1"},"canonical":"https:\/\/qubitacademy.com\/sk\/gdpr-v-informacnej-bezpecnosti\/","og_locale":"sk_SK","og_type":"article","og_title":"GDPR v\u00a0informa\u010dnej bezpe\u010dnosti - Qubit Academy","og_description":"GDPR v informa\u010dnej bezpe\u010dnosti Ako nestrati\u0165 smer D\u00e1tum TBA Kontakt Denisa Lavkov\u00e1+421 948 959 957 Neoddelite\u013enou s\u00fa\u010das\u0165ou zabezpe\u010dovania s\u00faladu sprac\u00favania osobn\u00fdch \u00fadajov s GDPR je aj bezpe\u010dnos\u0165 a ochrana inform\u00e1ci\u00ed. &hellip;","og_url":"https:\/\/qubitacademy.com\/sk\/gdpr-v-informacnej-bezpecnosti\/","og_site_name":"Qubit Academy","article_modified_time":"2021-03-08T08:46:57+00:00","og_image":[{"url":"https:\/\/qubitacademy.com\/wp-content\/uploads\/2020\/08\/Tatiana_Valentova_profil.jpg"}],"twitter_card":"summary_large_image","twitter_misc":{"Predpokladan\u00fd \u010das \u010d\u00edtania":"3 min\u00faty"},"schema":{"@context":"https:\/\/schema.org","@graph":[{"@type":"WebPage","@id":"https:\/\/qubitacademy.com\/sk\/gdpr-v-informacnej-bezpecnosti\/","url":"https:\/\/qubitacademy.com\/sk\/gdpr-v-informacnej-bezpecnosti\/","name":"GDPR v\u00a0informa\u010dnej bezpe\u010dnosti - Qubit Academy","isPartOf":{"@id":"https:\/\/qubitacademy.com\/sk\/#website"},"datePublished":"2020-08-19T12:16:37+00:00","dateModified":"2021-03-08T08:46:57+00:00","breadcrumb":{"@id":"https:\/\/qubitacademy.com\/sk\/gdpr-v-informacnej-bezpecnosti\/#breadcrumb"},"inLanguage":"sk-SK","potentialAction":[{"@type":"ReadAction","target":["https:\/\/qubitacademy.com\/sk\/gdpr-v-informacnej-bezpecnosti\/"]}]},{"@type":"BreadcrumbList","@id":"https:\/\/qubitacademy.com\/sk\/gdpr-v-informacnej-bezpecnosti\/#breadcrumb","itemListElement":[{"@type":"ListItem","position":1,"name":"Home","item":"https:\/\/qubitacademy.com\/sk\/"},{"@type":"ListItem","position":2,"name":"GDPR v\u00a0informa\u010dnej bezpe\u010dnosti"}]},{"@type":"WebSite","@id":"https:\/\/qubitacademy.com\/sk\/#website","url":"https:\/\/qubitacademy.com\/sk\/","name":"Qubit Academy","description":"Vzdel\u00e1vanie v oblasti informa\u010dnej a kybernetickej bezpe\u010dnosti","potentialAction":[{"@type":"SearchAction","target":{"@type":"EntryPoint","urlTemplate":"https:\/\/qubitacademy.com\/sk\/?s={search_term_string}"},"query-input":"required name=search_term_string"}],"inLanguage":"sk-SK"}]}},"_links":{"self":[{"href":"https:\/\/qubitacademy.com\/sk\/wp-json\/wp\/v2\/pages\/12166"}],"collection":[{"href":"https:\/\/qubitacademy.com\/sk\/wp-json\/wp\/v2\/pages"}],"about":[{"href":"https:\/\/qubitacademy.com\/sk\/wp-json\/wp\/v2\/types\/page"}],"author":[{"embeddable":true,"href":"https:\/\/qubitacademy.com\/sk\/wp-json\/wp\/v2\/users\/4"}],"replies":[{"embeddable":true,"href":"https:\/\/qubitacademy.com\/sk\/wp-json\/wp\/v2\/comments?post=12166"}],"version-history":[{"count":40,"href":"https:\/\/qubitacademy.com\/sk\/wp-json\/wp\/v2\/pages\/12166\/revisions"}],"predecessor-version":[{"id":14415,"href":"https:\/\/qubitacademy.com\/sk\/wp-json\/wp\/v2\/pages\/12166\/revisions\/14415"}],"wp:attachment":[{"href":"https:\/\/qubitacademy.com\/sk\/wp-json\/wp\/v2\/media?parent=12166"}],"curies":[{"name":"wp","href":"https:\/\/api.w.org\/{rel}","templated":true}]}}