{"id":12455,"date":"2020-09-30T10:19:58","date_gmt":"2020-09-30T10:19:58","guid":{"rendered":"https:\/\/qubitacademy.com\/?page_id=12455"},"modified":"2020-10-06T07:08:30","modified_gmt":"2020-10-06T07:08:30","slug":"novelizacia-zakona-o-kybernetickej-bezpecnosti","status":"publish","type":"page","link":"https:\/\/qubitacademy.com\/sk\/novelizacia-zakona-o-kybernetickej-bezpecnosti\/","title":{"rendered":"Noveliz\u00e1cia Z\u00e1kona o kybernetickej bezpe\u010dnosti"},"content":{"rendered":"<h2>Odborn\u00e1 diskusia: Noveliz\u00e1cia Z\u00e1kona o kybernetickej bezpe\u010dnosti<\/h2>\n<h4 style=\"text-align: left;\">D\u00e1tum<\/h4>\n<p style=\"text-align: left;\">6. Okt\u00f3ber 2020<\/p>\n<h4>Miesto&nbsp;<\/h4>\n<p><a href=\"https:\/\/www.lindner.de\/sk\/bratislava-hotel-gallery-central\/vitajte.html\" target=\"_blank\" style=\"outline: none;\" rel=\"noopener noreferrer\"><\/a>Online diskusia (Webex)<\/p>\n<h4>Kontakt<\/h4>\n<p><a href=\"mailto:katarina.gambos@qubitconference.com\" style=\"outline: none;\">Katar\u00edna Gambo\u0161<\/a>+421 948 314 343<\/p>\n<p data-pm-slice=\"1 1 []\">Cie\u013eom otvorenej odbornej diskusie je vysvetli\u0165 stanovisk\u00e1 a postoje k pripravovanej novele Zakona \u010d. 69\/2018 o kybernetickej bezpe\u010dnosti. Medzi kontroverzn\u00e9 body patri napr\u00edklad blokovanie, hl\u00e1senie incidentov a \u010fal\u0161ie.<\/p>\n<h4>\u00da\u010dastn\u00edci<\/h4>\n<p>Z\u00e1stupcovia sektorov vymenovan\u00fdch v pr\u00edlohe \u010d. 1 spom\u00ednan\u00e9ho z\u00e1kona ako aj predkladatelia novely.<\/p>\n<p data-pm-slice=\"1 1 []\">Moder\u00e1tor: <strong>Boris Mutina<\/strong><\/p>\n<p>Registr\u00e1cia: <strong>Registr\u00e1cia je bezplatn\u00e1<\/strong>. Pros\u00edm registrujte sa ked\u017ee po\u010det miest je limitovan\u00fd.&nbsp;<\/p>\n<p style=\"\">Registr\u00e1cia je uzavret\u00e1<\/p>\n","protected":false},"excerpt":{"rendered":"<p>Odborn\u00e1 diskusia: Noveliz\u00e1cia Z\u00e1kona o kybernetickej bezpe\u010dnosti D\u00e1tum 6. Okt\u00f3ber 2020 Miesto&nbsp; Online diskusia (Webex) Kontakt Katar\u00edna Gambo\u0161+421 948 314 343 Cie\u013eom otvorenej odbornej diskusie je vysvetli\u0165 stanovisk\u00e1 a postoje &hellip; <\/p>\n","protected":false},"author":4,"featured_media":0,"parent":0,"menu_order":0,"comment_status":"closed","ping_status":"closed","template":"","meta":[],"yoast_head":"<!-- This site is optimized with the Yoast SEO plugin v20.6 - https:\/\/yoast.com\/wordpress\/plugins\/seo\/ -->\n<title>Noveliz\u00e1cia Z\u00e1kona o kybernetickej bezpe\u010dnosti - Qubit Academy<\/title>\n<meta name=\"robots\" content=\"index, follow, max-snippet:-1, max-image-preview:large, max-video-preview:-1\" \/>\n<link rel=\"canonical\" href=\"https:\/\/qubitacademy.com\/sk\/novelizacia-zakona-o-kybernetickej-bezpecnosti\/\" \/>\n<meta property=\"og:locale\" content=\"sk_SK\" \/>\n<meta property=\"og:type\" content=\"article\" \/>\n<meta property=\"og:title\" content=\"Noveliz\u00e1cia Z\u00e1kona o kybernetickej bezpe\u010dnosti - Qubit Academy\" \/>\n<meta property=\"og:description\" content=\"Odborn\u00e1 diskusia: Noveliz\u00e1cia Z\u00e1kona o kybernetickej bezpe\u010dnosti D\u00e1tum 6. Okt\u00f3ber 2020 Miesto&nbsp; Online diskusia (Webex) Kontakt Katar\u00edna Gambo\u0161+421 948 314 343 Cie\u013eom otvorenej odbornej diskusie je vysvetli\u0165 stanovisk\u00e1 a postoje &hellip;\" \/>\n<meta property=\"og:url\" content=\"https:\/\/qubitacademy.com\/sk\/novelizacia-zakona-o-kybernetickej-bezpecnosti\/\" \/>\n<meta property=\"og:site_name\" content=\"Qubit Academy\" \/>\n<meta property=\"article:modified_time\" content=\"2020-10-06T07:08:30+00:00\" \/>\n<meta name=\"twitter:card\" content=\"summary_large_image\" \/>\n<script type=\"application\/ld+json\" class=\"yoast-schema-graph\">{\"@context\":\"https:\/\/schema.org\",\"@graph\":[{\"@type\":\"WebPage\",\"@id\":\"https:\/\/qubitacademy.com\/sk\/novelizacia-zakona-o-kybernetickej-bezpecnosti\/\",\"url\":\"https:\/\/qubitacademy.com\/sk\/novelizacia-zakona-o-kybernetickej-bezpecnosti\/\",\"name\":\"Noveliz\u00e1cia Z\u00e1kona o kybernetickej bezpe\u010dnosti - Qubit Academy\",\"isPartOf\":{\"@id\":\"https:\/\/qubitacademy.com\/sk\/#website\"},\"datePublished\":\"2020-09-30T10:19:58+00:00\",\"dateModified\":\"2020-10-06T07:08:30+00:00\",\"breadcrumb\":{\"@id\":\"https:\/\/qubitacademy.com\/sk\/novelizacia-zakona-o-kybernetickej-bezpecnosti\/#breadcrumb\"},\"inLanguage\":\"sk-SK\",\"potentialAction\":[{\"@type\":\"ReadAction\",\"target\":[\"https:\/\/qubitacademy.com\/sk\/novelizacia-zakona-o-kybernetickej-bezpecnosti\/\"]}]},{\"@type\":\"BreadcrumbList\",\"@id\":\"https:\/\/qubitacademy.com\/sk\/novelizacia-zakona-o-kybernetickej-bezpecnosti\/#breadcrumb\",\"itemListElement\":[{\"@type\":\"ListItem\",\"position\":1,\"name\":\"Home\",\"item\":\"https:\/\/qubitacademy.com\/sk\/\"},{\"@type\":\"ListItem\",\"position\":2,\"name\":\"Noveliz\u00e1cia Z\u00e1kona o kybernetickej bezpe\u010dnosti\"}]},{\"@type\":\"WebSite\",\"@id\":\"https:\/\/qubitacademy.com\/sk\/#website\",\"url\":\"https:\/\/qubitacademy.com\/sk\/\",\"name\":\"Qubit Academy\",\"description\":\"Vzdel\u00e1vanie v oblasti informa\u010dnej a kybernetickej bezpe\u010dnosti\",\"potentialAction\":[{\"@type\":\"SearchAction\",\"target\":{\"@type\":\"EntryPoint\",\"urlTemplate\":\"https:\/\/qubitacademy.com\/sk\/?s={search_term_string}\"},\"query-input\":\"required name=search_term_string\"}],\"inLanguage\":\"sk-SK\"}]}<\/script>\n<!-- \/ Yoast SEO plugin. -->","yoast_head_json":{"title":"Noveliz\u00e1cia Z\u00e1kona o kybernetickej bezpe\u010dnosti - Qubit Academy","robots":{"index":"index","follow":"follow","max-snippet":"max-snippet:-1","max-image-preview":"max-image-preview:large","max-video-preview":"max-video-preview:-1"},"canonical":"https:\/\/qubitacademy.com\/sk\/novelizacia-zakona-o-kybernetickej-bezpecnosti\/","og_locale":"sk_SK","og_type":"article","og_title":"Noveliz\u00e1cia Z\u00e1kona o kybernetickej bezpe\u010dnosti - Qubit Academy","og_description":"Odborn\u00e1 diskusia: Noveliz\u00e1cia Z\u00e1kona o kybernetickej bezpe\u010dnosti D\u00e1tum 6. Okt\u00f3ber 2020 Miesto&nbsp; Online diskusia (Webex) Kontakt Katar\u00edna Gambo\u0161+421 948 314 343 Cie\u013eom otvorenej odbornej diskusie je vysvetli\u0165 stanovisk\u00e1 a postoje &hellip;","og_url":"https:\/\/qubitacademy.com\/sk\/novelizacia-zakona-o-kybernetickej-bezpecnosti\/","og_site_name":"Qubit Academy","article_modified_time":"2020-10-06T07:08:30+00:00","twitter_card":"summary_large_image","schema":{"@context":"https:\/\/schema.org","@graph":[{"@type":"WebPage","@id":"https:\/\/qubitacademy.com\/sk\/novelizacia-zakona-o-kybernetickej-bezpecnosti\/","url":"https:\/\/qubitacademy.com\/sk\/novelizacia-zakona-o-kybernetickej-bezpecnosti\/","name":"Noveliz\u00e1cia Z\u00e1kona o kybernetickej bezpe\u010dnosti - Qubit Academy","isPartOf":{"@id":"https:\/\/qubitacademy.com\/sk\/#website"},"datePublished":"2020-09-30T10:19:58+00:00","dateModified":"2020-10-06T07:08:30+00:00","breadcrumb":{"@id":"https:\/\/qubitacademy.com\/sk\/novelizacia-zakona-o-kybernetickej-bezpecnosti\/#breadcrumb"},"inLanguage":"sk-SK","potentialAction":[{"@type":"ReadAction","target":["https:\/\/qubitacademy.com\/sk\/novelizacia-zakona-o-kybernetickej-bezpecnosti\/"]}]},{"@type":"BreadcrumbList","@id":"https:\/\/qubitacademy.com\/sk\/novelizacia-zakona-o-kybernetickej-bezpecnosti\/#breadcrumb","itemListElement":[{"@type":"ListItem","position":1,"name":"Home","item":"https:\/\/qubitacademy.com\/sk\/"},{"@type":"ListItem","position":2,"name":"Noveliz\u00e1cia Z\u00e1kona o kybernetickej bezpe\u010dnosti"}]},{"@type":"WebSite","@id":"https:\/\/qubitacademy.com\/sk\/#website","url":"https:\/\/qubitacademy.com\/sk\/","name":"Qubit Academy","description":"Vzdel\u00e1vanie v oblasti informa\u010dnej a kybernetickej bezpe\u010dnosti","potentialAction":[{"@type":"SearchAction","target":{"@type":"EntryPoint","urlTemplate":"https:\/\/qubitacademy.com\/sk\/?s={search_term_string}"},"query-input":"required name=search_term_string"}],"inLanguage":"sk-SK"}]}},"_links":{"self":[{"href":"https:\/\/qubitacademy.com\/sk\/wp-json\/wp\/v2\/pages\/12455"}],"collection":[{"href":"https:\/\/qubitacademy.com\/sk\/wp-json\/wp\/v2\/pages"}],"about":[{"href":"https:\/\/qubitacademy.com\/sk\/wp-json\/wp\/v2\/types\/page"}],"author":[{"embeddable":true,"href":"https:\/\/qubitacademy.com\/sk\/wp-json\/wp\/v2\/users\/4"}],"replies":[{"embeddable":true,"href":"https:\/\/qubitacademy.com\/sk\/wp-json\/wp\/v2\/comments?post=12455"}],"version-history":[{"count":8,"href":"https:\/\/qubitacademy.com\/sk\/wp-json\/wp\/v2\/pages\/12455\/revisions"}],"predecessor-version":[{"id":12598,"href":"https:\/\/qubitacademy.com\/sk\/wp-json\/wp\/v2\/pages\/12455\/revisions\/12598"}],"wp:attachment":[{"href":"https:\/\/qubitacademy.com\/sk\/wp-json\/wp\/v2\/media?parent=12455"}],"curies":[{"name":"wp","href":"https:\/\/api.w.org\/{rel}","templated":true}]}}