{"id":13055,"date":"2020-12-15T11:17:48","date_gmt":"2020-12-15T11:17:48","guid":{"rendered":"https:\/\/qubitacademy.com\/?page_id=13055"},"modified":"2021-02-15T10:10:35","modified_gmt":"2021-02-15T10:10:35","slug":"bezpecnost-informacii-v-online-svete","status":"publish","type":"page","link":"https:\/\/qubitacademy.com\/sk\/bezpecnost-informacii-v-online-svete\/","title":{"rendered":"Bezpe\u010dnos\u0165 inform\u00e1ci\u00ed v online svete"},"content":{"rendered":"<h1 style=\"text-align: left;\">Bezpe\u010dnos\u0165 inform\u00e1ci\u00ed v online svete<\/h1>\n<ul>\n<li style=\"\"><span style=\"color: rgb(51, 51, 51) !important; --tcb-applied-color:  rgb(51, 51, 51)  !important;\">Pou\u017e\u00edvate pri pr\u00e1ci po\u010d\u00edta\u010d? Pracujete z domu?<\/span><\/li>\n<li style=\"\"><span style=\"color: rgb(51, 51, 51) !important; --tcb-applied-color:  rgb(51, 51, 51)  !important;\">Stretli ste sa u\u017e s phishingom?<\/span><\/li>\n<li style=\"\"><span style=\"color: rgb(51, 51, 51) !important; --tcb-applied-color:  rgb(51, 51, 51)  !important;\">Ako \u010dasto si men\u00edte heslo?<\/span><\/li>\n<li style=\"\"><span style=\"color: rgb(51, 51, 51) !important; --tcb-applied-color:  rgb(51, 51, 51)  !important;\">Viete ako bezpe\u010dne pracova\u0165 na dom\u00e1cej WiFi sieti? Nie?<\/span><\/li>\n<\/ul>\n<p style=\"text-align: left; color: rgb(51, 51, 51) !important; --tcb-applied-color:  rgb(51, 51, 51)  !important;\"><strong>Poz\u00fdvame V\u00e1s na online semin\u00e1r s odborn\u00edkmi na informa\u010dn\u00fa a kybernetick\u00fa bezpe\u010dnos\u0165.<\/strong><\/p>\n<p style=\"\">3 Hodiny<\/p>\n<p style=\"\">7 Okruhov<\/p>\n<p style=\"\">Za\u010diato\u010dn\u00edk<\/p>\n<h2 style=\"text-align: left;\">\u010co sa nau\u010d\u00edte<\/h2>\n<ul>\n<li><span>Ako bezpe\u010dne pracova\u0165 na po\u010d\u00edta\u010di, tablete \u010di mobile<\/span><\/li>\n<li><span>Ako bezpe\u010dne komunikova\u0165 v online priestore<\/span><\/li>\n<li><span>Ako sa br\u00e1ni\u0165 be\u017en\u00fdm hackersk\u00fdm technik\u00e1m<\/span><\/li>\n<li><span>Z\u00e1klady kyberhygieny<\/span><\/li>\n<\/ul>\n<p>Virtu\u00e1lny svet sa stal na\u0161\u00edm ka\u017edodenn\u00fdm spolo\u010dn\u00edkom. R\u00e1no vst\u00e1vame, na z\u00e1chod ideme s mobilom v ruke. Pracujeme z domu, de\u0165om d\u00e1vame do r\u00fak tablet, zap\u00edname smart TV, nakupujeme a bankujeme online. Prip\u00e1jame sa na r\u00f4zne soci\u00e1lne m\u00e9dia, s\u0165ahujeme hry, filmy. Jednoducho, technol\u00f3gi\u00e1m sa nevyhneme. A to dobre vedia aj \u00fato\u010dn\u00edci a tak vznik\u00e1 ide\u00e1lny priestor pre po\u010d\u00edta\u010dov\u00fdch krimin\u00e1lnikov, r\u00f4zne hackersk\u00e9 \u00fatoky ako phishingy, \u0161\u00edrenie malwarov, ransomware, a \u010fal\u0161ie n\u00e1strahy. Je preto d\u00f4le\u017eit\u00e9 pozna\u0165 rizik\u00e1, ktor\u00e9 n\u00e1m hrozia a \u00fa\u010dinne sa proti nim br\u00e1ni\u0165.&nbsp;<\/p>\n<p>Pripravili sme pre V\u00e1s online semin\u00e1r, v ktorom V\u00e1m odborn\u00edk na informa\u010dn\u00fa a kybernetick\u00fa bezpe\u010dnos\u0165 \u013eudskou re\u010dou vysvetl\u00ed a porad\u00ed jednoduch\u00e9 tipy a triky ako zabezpe\u010di\u0165 svoju dom\u00e1cnos\u0165 vo\u010di be\u017en\u00fdm hackersk\u00fdm technik\u00e1m. Nau\u010d\u00edme sa takzvanej kyberhygiene.<\/p>\n<h2 style=\"text-align: left;\">Obsah kurzu<\/h2>\n<ul>\n<li><span><strong>\u017dIVOT V KYBERNETICKOM PRIESTORE<\/strong><\/span><\/li>\n<\/ul>\n<p>N\u00e1strahy okolo n\u00e1s | M\u00e1me sa b\u00e1\u0165? | Internet &#8211; \u010co to vlastne je, ako to cel\u00e9 funguje | Ako sa bezpe\u010dne spr\u00e1va\u0165 na internete<\/p>\n<ul>\n<li><span><strong>AKO BY\u0164 ONLINE A BEZPE\u010cNE<\/strong><\/span><\/li>\n<\/ul>\n<p>Po\u010d\u00edta\u010de, mobiln\u00e9 zariadenia &#8211; rizik\u00e1 pou\u017e\u00edvania | Smart zariadenia | WiFi &#8211; dobr\u00fd sluha, zl\u00fd p\u00e1n | Free Wifi =\u0338 bezpe\u010dn\u00e1 WiFi | Ako zabezpe\u010di\u0165 dom\u00e1cu WiFi<\/p>\n<ul>\n<li><span><strong>SOCI\u00c1LNE IN\u017dINIERSTVO<\/strong><\/span><\/li>\n<\/ul>\n<p>\u010co to je a ako funguje soci\u00e1lne in\u017einierstvo | Tipy, ako sa br\u00e1ni\u0165<\/p>\n<ul>\n<li><span><strong>SOCI\u00c1LNE SIETE<\/strong><\/span><\/li>\n<\/ul>\n<p>N\u00e1\u0161 virtu\u00e1lny \u017eivot v sieti | Rizik\u00e1 soci\u00e1lnych siet\u00ed | Ako \u017ei\u0165 bezpe\u010dne svoj virtu\u00e1lny \u017eivot<\/p>\n<ul>\n<li><span><strong>NAKUPUJEM ONLINE<\/strong><\/span><\/li>\n<\/ul>\n<p>E-shop = shop | Pozor na zlodejov | Nakupujeme bezpe\u010dne<\/p>\n<ul>\n<li><span><strong>BEZPE\u010cN\u00dd EMAIL A HESL\u00c1<\/strong><\/span><\/li>\n<\/ul>\n<p>Hrozby v emailoch | Ako bezpe\u010dne komunikova\u0165 | Spr\u00e1va a zabezpe\u010denie hesiel<\/p>\n<ul>\n<li><span><strong>A TO NIE JE V\u0160ETKO<\/strong><\/span><\/li>\n<\/ul>\n<p>Malware, ransomware a in\u00e1 \u201ch\u00e1ve\u010f\u201d | Darknet | Phishing nie je o ryb\u00e1ch<\/p>\n<ul>\n<li><span><strong>ZHRNUTIE A PRAKTICK\u00c9 RADY NA Z\u00c1VER<\/strong><\/span><\/li>\n<\/ul>\n<h2 style=\"text-align: left;\">Kurzom V\u00e1s preved\u00fa<\/h2>\n<p><span><img alt=\"\" data-id=\"11731\" data-init-width=\"250\" data-init-height=\"250\" title=\"Pavol_Dovicovic\" loading=\"lazy\" src=\"https:\/\/qubitacademy.com\/wp-content\/uploads\/2020\/07\/Pavol_Dovicovic.jpg\" data-width=\"211\" data-height=\"211\" width=\"211\" height=\"211\"><\/span><\/p>\n<h4>Pavol Dovi\u010dovi\u010d<\/h4>\n<p>Bezpe\u010dnostn\u00fd konzultant<\/p>\n<p><span lang=\"SK\">Pavol je IT Guru v oblasti projektovania, architekt\u00fary a spr\u00e1vy bezpe\u010dnostn\u00fdch syst\u00e9mov, \u0161pecialista kybernetickej bezpe\u010dnosti s dlhoro\u010dn\u00fdmi sk\u00fasenos\u0165ami a hlbok\u00fdm porozumen\u00edm informa\u010dn\u00fdch technol\u00f3gi\u00ed. Podie\u013eal sa na bezpe\u010dnostn\u00fdch projektoch pre z\u00e1kazn\u00edkov v bankovom a finan\u010dnom sektore, bol zodpovedn\u00fd za anal\u00fdzu udalost\u00ed v celej IT infra\u0161trukt\u00fare z\u00e1kazn\u00edka, od vy\u0161etrovania incidentov a\u017e po navrhovanie opatren\u00ed na ich odstr\u00e1nenie a minimaliz\u00e1ciu v bud\u00facnosti.<\/span><\/p>\n<p><span><img alt=\"\" data-id=\"13597\" data-init-width=\"250\" data-init-height=\"250\" title=\"Boris_Mutina_circle\" loading=\"lazy\" src=\"https:\/\/qubitacademy.com\/wp-content\/uploads\/2021\/01\/Boris_Mutina_circle.jpg\" data-width=\"211\" data-height=\"211\" width=\"211\" height=\"211\"><\/span><\/p>\n<h4>Boris Mutina<\/h4>\n<p>Bezpe\u010dnostn\u00fd konzultant | Excello<\/p>\n<p>Boris je autorom mnoh\u00fdch \u010dl\u00e1nkov a odborn\u00fdch publik\u00e1ci\u00ed k danej oblasti. Po mnoh\u00fdch rokoch na cest\u00e1ch za kybernetickou bezpe\u010dnos\u0165ou je teraz Boris \u0161\u0165astn\u00fd cybersec analytik v spolo\u010dnosti Excello. Boris je aud\u00edtorom a v\u00fdskumn\u00fdm pracovn\u00edkom. Ako freelancer v oblasti bezpe\u010dnosti IT spolupracuje s mnoh\u00fdmi spolo\u010dnos\u0165ami v celej Eur\u00f3pe.<\/p>\n<h2 style=\"text-align: center;\">PARTNERI<\/h2>\n<p><span><img alt=\"\" data-id=\"13933\" width=\"200\" data-init-width=\"200\" height=\"93\" data-init-height=\"93\" title=\"logotyp dvojriadkovy 1\" loading=\"lazy\" src=\"https:\/\/qubitacademy.com\/wp-content\/uploads\/2021\/01\/Banskobystricke_gymnazium_logo.jpg\" data-width=\"200\" data-height=\"93\"><\/span><span><img alt=\"\" data-id=\"13789\" width=\"200\" data-init-width=\"250\" height=\"114\" data-init-height=\"143\" title=\"Print\" loading=\"lazy\" src=\"https:\/\/qubitacademy.com\/wp-content\/uploads\/2021\/01\/AjtyvIT_logo.jpg\" data-width=\"200\" data-height=\"114\"><\/span><span><img alt=\"\" data-id=\"13791\" width=\"200\" data-init-width=\"250\" height=\"30\" data-init-height=\"38\" title=\"CyberSec_logo\" loading=\"lazy\" src=\"https:\/\/qubitacademy.com\/wp-content\/uploads\/2021\/01\/CyberSec_logo.png\" data-width=\"200\" data-height=\"30\"><\/span><span><img alt=\"\" data-id=\"13966\" width=\"200\" data-init-width=\"200\" height=\"50\" data-init-height=\"50\" title=\"driving.digital_logo\" loading=\"lazy\" src=\"https:\/\/qubitacademy.com\/wp-content\/uploads\/2021\/02\/driving.digital_logo.png\" data-width=\"200\" data-height=\"50\"><\/span><span><img alt=\"\" data-id=\"14043\" width=\"200\" data-init-width=\"200\" height=\"64\" data-init-height=\"64\" title=\"Elkan_logo\" loading=\"lazy\" src=\"https:\/\/qubitacademy.com\/wp-content\/uploads\/2021\/02\/Elkan_logo.png\" data-width=\"200\" data-height=\"64\"><\/span><span><img alt=\"\" data-id=\"13651\" width=\"200\" data-init-width=\"200\" height=\"31\" data-init-height=\"31\" title=\"Excello_logo_200x31\" loading=\"lazy\" src=\"https:\/\/qubitacademy.com\/wp-content\/uploads\/2021\/01\/Excello_logo_200x31.jpg\" data-width=\"200\" data-height=\"31\"><\/span><span><img alt=\"\" data-id=\"13935\" width=\"200\" data-init-width=\"200\" height=\"158\" data-init-height=\"158\" title=\"fpvmv_umb_primary_logo\" loading=\"lazy\" src=\"https:\/\/qubitacademy.com\/wp-content\/uploads\/2021\/01\/fpvmv_umb_primary_logo.png\" data-width=\"200\" data-height=\"158\"><\/span><span><img alt=\"\" data-id=\"13946\" width=\"200\" data-init-width=\"200\" height=\"31\" data-init-height=\"31\" title=\"fitcubator_logo\" loading=\"lazy\" src=\"https:\/\/qubitacademy.com\/wp-content\/uploads\/2021\/01\/fitcubator_logo.png\" data-width=\"200\" data-height=\"31\"><\/span><span><img alt=\"\" data-id=\"12779\" width=\"200\" data-init-width=\"200\" height=\"44\" data-init-height=\"44\" title=\"NEXTECH logo.cdr\" loading=\"lazy\" src=\"https:\/\/qubitacademy.com\/wp-content\/uploads\/2020\/11\/NEXTECH_logo.jpg\" data-width=\"200\" data-height=\"44\"><\/span><span><img alt=\"\" data-id=\"13618\" width=\"200\" data-init-width=\"300\" height=\"51\" data-init-height=\"76\" title=\"Logo_office_zrucnosti\" loading=\"lazy\" src=\"https:\/\/qubitacademy.com\/wp-content\/uploads\/2021\/01\/Logo_office_zrucnosti.png\" data-width=\"200\" data-height=\"51\"><\/span><span><img alt=\"\" data-id=\"12129\" width=\"200\" data-init-width=\"200\" height=\"67\" data-init-height=\"67\" title=\"robime.it_logo_orig\" loading=\"lazy\" src=\"https:\/\/qubitacademy.com\/wp-content\/uploads\/2020\/08\/robime.it_logo_orig.jpg\" data-width=\"200\" data-height=\"67\"><\/span><span><img alt=\"\" data-id=\"13620\" width=\"200\" data-init-width=\"379\" height=\"87\" data-init-height=\"165\" title=\"Sapie_logo_transparent\" loading=\"lazy\" src=\"https:\/\/qubitacademy.com\/wp-content\/uploads\/2021\/01\/Sapie_logo_transparent.png\" data-width=\"200\" data-height=\"87\"><\/span><span><img alt=\"\" data-id=\"13419\" width=\"200\" data-init-width=\"1200\" height=\"120\" data-init-height=\"720\" title=\"sba_logo\" loading=\"lazy\" src=\"https:\/\/qubitacademy.com\/wp-content\/uploads\/2021\/01\/sba_logo.jpg\" data-width=\"200\" data-height=\"120\"><\/span><span><img alt=\"\" data-id=\"13622\" width=\"200\" data-init-width=\"1101\" height=\"40\" data-init-height=\"222\" title=\"Touchit_logo-01\" loading=\"lazy\" src=\"https:\/\/qubitacademy.com\/wp-content\/uploads\/2021\/01\/Touchit_logo-01.png\" data-width=\"200\" data-height=\"40\"><\/span><span><img alt=\"\" data-id=\"13937\" width=\"200\" data-init-width=\"200\" height=\"61\" data-init-height=\"61\" title=\"Zdruzenie_mladych_podnikatelov_slovenska_logo\" loading=\"lazy\" src=\"https:\/\/qubitacademy.com\/wp-content\/uploads\/2021\/01\/Zdruzenie_mladych_podnikatelov_slovenska_logo.png\" data-width=\"200\" data-height=\"61\"><\/span><\/p>\n<p style=\"text-align: center;\">Podujatie je realizovan\u00e9 s podporou SBA ako partnera Podujatia.<\/p>\n","protected":false},"excerpt":{"rendered":"<p>Bezpe\u010dnos\u0165 inform\u00e1ci\u00ed v online svete Pou\u017e\u00edvate pri pr\u00e1ci po\u010d\u00edta\u010d? Pracujete z domu? Stretli ste sa u\u017e s phishingom? Ako \u010dasto si men\u00edte heslo? Viete ako bezpe\u010dne pracova\u0165 na dom\u00e1cej WiFi &hellip; <\/p>\n","protected":false},"author":4,"featured_media":0,"parent":0,"menu_order":0,"comment_status":"closed","ping_status":"closed","template":"page-templates\/homepage.php","meta":[],"yoast_head":"<!-- This site is optimized with the Yoast SEO plugin v20.6 - https:\/\/yoast.com\/wordpress\/plugins\/seo\/ -->\n<title>Bezpe\u010dnos\u0165 inform\u00e1ci\u00ed v online svete - Qubit Academy<\/title>\n<meta name=\"robots\" content=\"index, follow, max-snippet:-1, max-image-preview:large, max-video-preview:-1\" \/>\n<link rel=\"canonical\" href=\"https:\/\/qubitacademy.com\/sk\/bezpecnost-informacii-v-online-svete\/\" \/>\n<meta property=\"og:locale\" content=\"sk_SK\" \/>\n<meta property=\"og:type\" content=\"article\" \/>\n<meta property=\"og:title\" content=\"Bezpe\u010dnos\u0165 inform\u00e1ci\u00ed v online svete - Qubit Academy\" \/>\n<meta property=\"og:description\" content=\"Bezpe\u010dnos\u0165 inform\u00e1ci\u00ed v online svete Pou\u017e\u00edvate pri pr\u00e1ci po\u010d\u00edta\u010d? Pracujete z domu? Stretli ste sa u\u017e s phishingom? Ako \u010dasto si men\u00edte heslo? Viete ako bezpe\u010dne pracova\u0165 na dom\u00e1cej WiFi &hellip;\" \/>\n<meta property=\"og:url\" content=\"https:\/\/qubitacademy.com\/sk\/bezpecnost-informacii-v-online-svete\/\" \/>\n<meta property=\"og:site_name\" content=\"Qubit Academy\" \/>\n<meta property=\"article:modified_time\" content=\"2021-02-15T10:10:35+00:00\" \/>\n<meta property=\"og:image\" content=\"https:\/\/qubitacademy.com\/wp-content\/uploads\/2020\/07\/Pavol_Dovicovic.jpg\" \/>\n<meta name=\"twitter:card\" content=\"summary_large_image\" \/>\n<meta name=\"twitter:label1\" content=\"Predpokladan\u00fd \u010das \u010d\u00edtania\" \/>\n\t<meta name=\"twitter:data1\" content=\"3 min\u00faty\" \/>\n<script type=\"application\/ld+json\" class=\"yoast-schema-graph\">{\"@context\":\"https:\/\/schema.org\",\"@graph\":[{\"@type\":\"WebPage\",\"@id\":\"https:\/\/qubitacademy.com\/sk\/bezpecnost-informacii-v-online-svete\/\",\"url\":\"https:\/\/qubitacademy.com\/sk\/bezpecnost-informacii-v-online-svete\/\",\"name\":\"Bezpe\u010dnos\u0165 inform\u00e1ci\u00ed v online svete - Qubit Academy\",\"isPartOf\":{\"@id\":\"https:\/\/qubitacademy.com\/sk\/#website\"},\"datePublished\":\"2020-12-15T11:17:48+00:00\",\"dateModified\":\"2021-02-15T10:10:35+00:00\",\"breadcrumb\":{\"@id\":\"https:\/\/qubitacademy.com\/sk\/bezpecnost-informacii-v-online-svete\/#breadcrumb\"},\"inLanguage\":\"sk-SK\",\"potentialAction\":[{\"@type\":\"ReadAction\",\"target\":[\"https:\/\/qubitacademy.com\/sk\/bezpecnost-informacii-v-online-svete\/\"]}]},{\"@type\":\"BreadcrumbList\",\"@id\":\"https:\/\/qubitacademy.com\/sk\/bezpecnost-informacii-v-online-svete\/#breadcrumb\",\"itemListElement\":[{\"@type\":\"ListItem\",\"position\":1,\"name\":\"Home\",\"item\":\"https:\/\/qubitacademy.com\/sk\/\"},{\"@type\":\"ListItem\",\"position\":2,\"name\":\"Bezpe\u010dnos\u0165 inform\u00e1ci\u00ed v online svete\"}]},{\"@type\":\"WebSite\",\"@id\":\"https:\/\/qubitacademy.com\/sk\/#website\",\"url\":\"https:\/\/qubitacademy.com\/sk\/\",\"name\":\"Qubit Academy\",\"description\":\"Vzdel\u00e1vanie v oblasti informa\u010dnej a kybernetickej bezpe\u010dnosti\",\"potentialAction\":[{\"@type\":\"SearchAction\",\"target\":{\"@type\":\"EntryPoint\",\"urlTemplate\":\"https:\/\/qubitacademy.com\/sk\/?s={search_term_string}\"},\"query-input\":\"required name=search_term_string\"}],\"inLanguage\":\"sk-SK\"}]}<\/script>\n<!-- \/ Yoast SEO plugin. -->","yoast_head_json":{"title":"Bezpe\u010dnos\u0165 inform\u00e1ci\u00ed v online svete - Qubit Academy","robots":{"index":"index","follow":"follow","max-snippet":"max-snippet:-1","max-image-preview":"max-image-preview:large","max-video-preview":"max-video-preview:-1"},"canonical":"https:\/\/qubitacademy.com\/sk\/bezpecnost-informacii-v-online-svete\/","og_locale":"sk_SK","og_type":"article","og_title":"Bezpe\u010dnos\u0165 inform\u00e1ci\u00ed v online svete - Qubit Academy","og_description":"Bezpe\u010dnos\u0165 inform\u00e1ci\u00ed v online svete Pou\u017e\u00edvate pri pr\u00e1ci po\u010d\u00edta\u010d? Pracujete z domu? Stretli ste sa u\u017e s phishingom? Ako \u010dasto si men\u00edte heslo? Viete ako bezpe\u010dne pracova\u0165 na dom\u00e1cej WiFi &hellip;","og_url":"https:\/\/qubitacademy.com\/sk\/bezpecnost-informacii-v-online-svete\/","og_site_name":"Qubit Academy","article_modified_time":"2021-02-15T10:10:35+00:00","og_image":[{"url":"https:\/\/qubitacademy.com\/wp-content\/uploads\/2020\/07\/Pavol_Dovicovic.jpg"}],"twitter_card":"summary_large_image","twitter_misc":{"Predpokladan\u00fd \u010das \u010d\u00edtania":"3 min\u00faty"},"schema":{"@context":"https:\/\/schema.org","@graph":[{"@type":"WebPage","@id":"https:\/\/qubitacademy.com\/sk\/bezpecnost-informacii-v-online-svete\/","url":"https:\/\/qubitacademy.com\/sk\/bezpecnost-informacii-v-online-svete\/","name":"Bezpe\u010dnos\u0165 inform\u00e1ci\u00ed v online svete - Qubit Academy","isPartOf":{"@id":"https:\/\/qubitacademy.com\/sk\/#website"},"datePublished":"2020-12-15T11:17:48+00:00","dateModified":"2021-02-15T10:10:35+00:00","breadcrumb":{"@id":"https:\/\/qubitacademy.com\/sk\/bezpecnost-informacii-v-online-svete\/#breadcrumb"},"inLanguage":"sk-SK","potentialAction":[{"@type":"ReadAction","target":["https:\/\/qubitacademy.com\/sk\/bezpecnost-informacii-v-online-svete\/"]}]},{"@type":"BreadcrumbList","@id":"https:\/\/qubitacademy.com\/sk\/bezpecnost-informacii-v-online-svete\/#breadcrumb","itemListElement":[{"@type":"ListItem","position":1,"name":"Home","item":"https:\/\/qubitacademy.com\/sk\/"},{"@type":"ListItem","position":2,"name":"Bezpe\u010dnos\u0165 inform\u00e1ci\u00ed v online svete"}]},{"@type":"WebSite","@id":"https:\/\/qubitacademy.com\/sk\/#website","url":"https:\/\/qubitacademy.com\/sk\/","name":"Qubit Academy","description":"Vzdel\u00e1vanie v oblasti informa\u010dnej a kybernetickej bezpe\u010dnosti","potentialAction":[{"@type":"SearchAction","target":{"@type":"EntryPoint","urlTemplate":"https:\/\/qubitacademy.com\/sk\/?s={search_term_string}"},"query-input":"required name=search_term_string"}],"inLanguage":"sk-SK"}]}},"_links":{"self":[{"href":"https:\/\/qubitacademy.com\/sk\/wp-json\/wp\/v2\/pages\/13055"}],"collection":[{"href":"https:\/\/qubitacademy.com\/sk\/wp-json\/wp\/v2\/pages"}],"about":[{"href":"https:\/\/qubitacademy.com\/sk\/wp-json\/wp\/v2\/types\/page"}],"author":[{"embeddable":true,"href":"https:\/\/qubitacademy.com\/sk\/wp-json\/wp\/v2\/users\/4"}],"replies":[{"embeddable":true,"href":"https:\/\/qubitacademy.com\/sk\/wp-json\/wp\/v2\/comments?post=13055"}],"version-history":[{"count":152,"href":"https:\/\/qubitacademy.com\/sk\/wp-json\/wp\/v2\/pages\/13055\/revisions"}],"predecessor-version":[{"id":14200,"href":"https:\/\/qubitacademy.com\/sk\/wp-json\/wp\/v2\/pages\/13055\/revisions\/14200"}],"wp:attachment":[{"href":"https:\/\/qubitacademy.com\/sk\/wp-json\/wp\/v2\/media?parent=13055"}],"curies":[{"name":"wp","href":"https:\/\/api.w.org\/{rel}","templated":true}]}}