{"id":15519,"date":"2021-10-06T09:01:03","date_gmt":"2021-10-06T09:01:03","guid":{"rendered":"https:\/\/qubitacademy.com\/?page_id=15519"},"modified":"2021-11-12T11:53:21","modified_gmt":"2021-11-12T11:53:21","slug":"bezpecnost-it-vo-firme","status":"publish","type":"page","link":"https:\/\/qubitacademy.com\/sk\/bezpecnost-it-vo-firme\/","title":{"rendered":"Bezpe\u010dnos\u0165 IT vo firme"},"content":{"rendered":"<p><span><img alt=\"\" data-id=\"15584\" width=\"1000\" data-init-width=\"1000\" height=\"304\" data-init-height=\"304\" title=\"Bezpecnost IT vo firme-2\" loading=\"lazy\" src=\"https:\/\/qubitacademy.com\/wp-content\/uploads\/2021\/10\/Bezpecnost-IT-vo-firme-2.png\" data-width=\"1000\" data-height=\"304\"><\/span><\/p>\n<h2 style=\"text-align: left;\">\u010co V\u00e1m semin\u00e1r prinesie<\/h2>\n<ul>\n<li><span>Porozumenie po\u017eiadaviek na bezpe\u010dnos\u0165 informa\u010dn\u00fdch a komunika\u010dn\u00fdch technol\u00f3gi\u00ed&nbsp;<\/span><\/li>\n<li><span>Pochopenie podstaty hrozieb a riz\u00edk spojen\u00fdch s prev\u00e1dzkou IT&nbsp;<\/span><\/li>\n<\/ul>\n<p>\u010co sa zdalo by\u0165 nemo\u017en\u00e9, stalo sa realitou. Va\u0161i zamestnanci pracuj\u00fa na dia\u013eku, firemn\u00e9 d\u00e1ta sa pohybuj\u00fa v&nbsp;oblakoch a&nbsp;Va\u0161a obchodn\u00e1 strat\u00e9gia zah\u0155\u0148a aj bezpe\u010dnos\u0165 IT.<\/p>\n<p>Ak ste mal\u00fd \u010di stredn\u00fd podnik t\u00e1to situ\u00e1cia sa V\u00e1m st\u00e1le m\u00f4\u017ee zda\u0165 ako sci-fi pr\u00edbeh. Je to v\u0161ak realita aj v na\u0161ich podmienkach a preto V\u00e1m prin\u00e1\u0161ame dvojdielny online semin\u00e1r o bezpe\u010dnosti IT vo firme.<\/p>\n<p>*Vstup na semin\u00e1r je bez poplatku v\u010faka podpore Slovak Business Agency a \u010fal\u0161\u00edch partnerov<\/p>\n<h2 style=\"text-align: left;\">Pre koho je semin\u00e1r ur\u010den\u00fd<\/h2>\n<ul>\n<li><span>M<span lang=\"SK\">ana\u017e\u00e9ri mal\u00fdch a stredn\u00fdch podnikov<\/span>&nbsp;<\/span><\/li>\n<li><span>Majitelia firiem&nbsp;<\/span><\/li>\n<li><span>Freelanceri&nbsp;<\/span><\/li>\n<\/ul>\n<h2 style=\"text-align: left;\">Obsah I. \u010das\u0165<\/h2>\n<h5 style=\"text-align: left;\"><span lang=\"SK\">Organiza\u010dno-legislat\u00edvna \u010das\u0165- 4. November 2021<\/span><\/h5>\n<h5 style=\"text-align: left;\"><span style=\"font-weight: normal;\">Z\u00e1kladn\u00fd r\u00e1mec IT bezpe\u010dnosti vo firme z organiza\u010dn\u00e9ho h\u013eadiska<\/span><\/h5>\n<ul>\n<li><span><strong><span lang=\"SK\">Z\u00e1kladn\u00e9 pojmy \u2013 Ako sa vysporiada\u0165 s rizikom?<\/span><\/strong><strong><span lang=\"SK\"><\/span><\/strong><strong><span lang=\"SK\"><\/span><\/strong><\/span><\/li>\n<li><span><strong><span lang=\"SK\"><\/span><\/strong><strong><span lang=\"SK\">Princ\u00edpy IT bezpe\u010dnosti<\/span><\/strong><strong><span lang=\"SK\"><\/span><\/strong><\/span><\/li>\n<li><span><strong><span lang=\"SK\"><\/span><\/strong><strong><span lang=\"SK\">Bezpe\u010dnostn\u00e1 IT politika vo firme a anal\u00fdza hrozieb<\/span><\/strong><strong><span lang=\"SK\"><\/span><\/strong><\/span><\/li>\n<li><span><strong><span lang=\"SK\"><\/span><\/strong><strong><span lang=\"SK\">Havarijn\u00fd pl\u00e1n a kr\u00edzov\u00e1 komunik\u00e1cia<\/span><\/strong><strong><span lang=\"SK\"><\/span><\/strong><\/span><\/li>\n<li><span><strong><span lang=\"SK\"><\/span><\/strong><strong><span lang=\"SK\">Bezpe\u010dnostn\u00e9 politiky pre <strong><span lang=\"SK\">\u201e<\/span><\/strong>home office&#8220;<\/span><\/strong><strong><span lang=\"SK\"><\/span><\/strong><\/span><\/li>\n<\/ul>\n<h5 style=\"text-align: left;\"><span style=\"font-weight: normal;\">Legislat\u00edvna \u010das\u0165 &#8211; pr\u00e1vne normy, \u0161tandardy a z nich vypl\u00fdvaj\u00face po\u017eiadavky na stredn\u00e9 a mal\u00e9 podnikate\u013esk\u00e9 subjekty<\/span><\/h5>\n<ul>\n<li><span><strong><span lang=\"SK\">Po\u017eiadavky na ochranu osobn\u00fdch \u00fadajov<\/span><\/strong><strong><span lang=\"SK\"><\/span><\/strong><\/span><\/li>\n<li><span><strong><span lang=\"SK\">B<\/span><\/strong><strong><span lang=\"SK\">ezpe\u010dnos\u0165 technick\u00fdch prostriedkov vy\u017eadovan\u00e1 NB\u00da<\/span><\/strong><\/span><\/li>\n<li><span><strong><span lang=\"SK\">E<\/span><\/strong><strong><span lang=\"SK\">lektronick\u00fd podpis a legislat\u00edva<\/span><\/strong><\/span><\/li>\n<\/ul>\n<h2 style=\"text-align: left; color: rgb(239, 81, 65) !important; --tcb-applied-color:  rgb(239, 81, 65)  !important;\">Obsah II. \u010das\u0165<\/h2>\n<h5>Technick\u00e1 \u010das\u0165 &#8211; 11. November 2021<\/h5>\n<h5 style=\"text-align: left;\"><span style=\"font-weight: normal;\">Zabezpe\u010denie firemnej infra\u0161trukt\u00fary po technickej str\u00e1nke &#8211; \u010co v\u0161etko je potrebn\u00e9 a na \u010do nezabudn\u00fa\u0165<\/span><\/h5>\n<ul>\n<li><span><strong><span lang=\"SK\">Pravidl\u00e1 a postupy ako zabezpe\u010di\u0165 firemn\u00e9 po\u010d\u00edta\u010de a klientske zariadenia<\/span><\/strong><strong><span lang=\"SK\"><\/span><\/strong><\/span><\/li>\n<li><span><strong><span lang=\"SK\">B<\/span><\/strong><strong><span lang=\"SK\">ezpe\u010dnos\u0165 a spr\u00e1va firemn\u00e9ho servera<\/span><\/strong><\/span><\/li>\n<li><span><strong><span lang=\"SK\">Z<\/span><\/strong><strong><span lang=\"SK\">abezpe\u010denie firemnej PC siete, BYOD a mobiln\u00e9 zariadenia<\/span><\/strong><\/span><\/li>\n<li><span><strong><span lang=\"SK\">B<\/span><\/strong><strong><span lang=\"SK\">ezpe\u010dn\u00fd obeh e-dokumentov medzi firmami, elektronick\u00fd podpis<\/span><\/strong><\/span><\/li>\n<li><span><strong><span lang=\"SK\">C<\/span><\/strong><strong><span lang=\"SK\">loudov\u00e9 slu\u017eby<\/span><\/strong><\/span><\/li>\n<li><span><strong><span lang=\"SK\">F<\/span><\/strong><strong><span lang=\"SK\">yzick\u00e9 zabezpe\u010denie firemnej IT infra\u0161trukt\u00fary<\/span><\/strong><\/span><\/li>\n<\/ul>\n<h2 style=\"text-align: left;\">Semin\u00e1rom V\u00e1s bude sprev\u00e1dza\u0165<\/h2>\n<p><span><img alt=\"\" data-id=\"11731\" data-init-width=\"250\" data-init-height=\"250\" title=\"Pavol_Dovicovic\" loading=\"lazy\" src=\"https:\/\/qubitacademy.com\/wp-content\/uploads\/2020\/07\/Pavol_Dovicovic.jpg\" data-width=\"211\" data-height=\"211\" width=\"211\" height=\"211\"><\/span><\/p>\n<h4>Pavol Dovi\u010dovi\u010d<\/h4>\n<p>Bezpe\u010dnostn\u00fd konzultant<\/p>\n<p><span lang=\"SK\">Pavol je IT Guru v oblasti projektovania, architekt\u00fary a spr\u00e1vy bezpe\u010dnostn\u00fdch syst\u00e9mov, \u0161pecialista kybernetickej bezpe\u010dnosti s dlhoro\u010dn\u00fdmi sk\u00fasenos\u0165ami a hlbok\u00fdm porozumen\u00edm informa\u010dn\u00fdch technol\u00f3gi\u00ed. Podie\u013eal sa na bezpe\u010dnostn\u00fdch projektoch pre z\u00e1kazn\u00edkov v bankovom a finan\u010dnom sektore, bol zodpovedn\u00fd za anal\u00fdzu udalost\u00ed v celej IT infra\u0161trukt\u00fare z\u00e1kazn\u00edka, od vy\u0161etrovania incidentov a\u017e po navrhovanie opatren\u00ed na ich odstr\u00e1nenie a minimaliz\u00e1ciu v bud\u00facnosti.<\/span><\/p>\n<h2 style=\"text-align: center;\">Partneri<\/h2>\n<p><span><img alt=\"\" data-id=\"13933\" width=\"200\" data-init-width=\"200\" height=\"93\" data-init-height=\"93\" title=\"logotyp dvojriadkovy 1\" loading=\"lazy\" src=\"https:\/\/qubitacademy.com\/wp-content\/uploads\/2021\/01\/Banskobystricke_gymnazium_logo.jpg\" data-width=\"200\" data-height=\"93\"><\/span><span><img alt=\"\" data-id=\"15620\" width=\"200\" data-init-width=\"2000\" height=\"30\" data-init-height=\"300\" title=\"CyberSec_logo\" loading=\"lazy\" src=\"https:\/\/qubitacademy.com\/wp-content\/uploads\/2021\/10\/CyberSec_logo.png\" data-width=\"200\" data-height=\"30\"><\/span><span><img alt=\"\" data-id=\"15692\" width=\"200\" data-init-width=\"600\" height=\"158\" data-init-height=\"473\" title=\"FPVMV_umb_logo\" loading=\"lazy\" src=\"https:\/\/qubitacademy.com\/wp-content\/uploads\/2021\/10\/FPVMV_umb_logo.png\" data-width=\"200\" data-height=\"158\"><\/span><span><img alt=\"\" data-id=\"15808\" width=\"200\" data-init-width=\"200\" height=\"31\" data-init-height=\"31\" title=\"fitcubator_logo\" loading=\"lazy\" src=\"https:\/\/qubitacademy.com\/wp-content\/uploads\/2021\/11\/fitcubator_logo.png\" data-width=\"200\" data-height=\"31\"><\/span><span><img alt=\"\" data-id=\"15622\" width=\"120\" data-init-width=\"120\" height=\"112\" data-init-height=\"112\" title=\"incident_logo\" loading=\"lazy\" src=\"https:\/\/qubitacademy.com\/wp-content\/uploads\/2021\/10\/incident_logo.png\" data-width=\"120\" data-height=\"112\"><\/span><span><img alt=\"\" data-id=\"15690\" width=\"250\" data-init-width=\"2560\" height=\"115\" data-init-height=\"1176\" title=\"IT VALLEY Kosice_logo\" loading=\"lazy\" src=\"https:\/\/qubitacademy.com\/wp-content\/uploads\/2021\/10\/IT-VALLEY-Kosice_logo-scaled.jpg\" data-width=\"250\" data-height=\"115\"><\/span><span><img alt=\"\" data-id=\"12779\" width=\"200\" data-init-width=\"200\" height=\"44\" data-init-height=\"44\" title=\"NEXTECH logo.cdr\" loading=\"lazy\" src=\"https:\/\/qubitacademy.com\/wp-content\/uploads\/2020\/11\/NEXTECH_logo.jpg\" data-width=\"200\" data-height=\"44\"><\/span><span><img alt=\"\" data-id=\"13618\" width=\"200\" data-init-width=\"300\" height=\"51\" data-init-height=\"76\" title=\"Logo_office_zrucnosti\" loading=\"lazy\" src=\"https:\/\/qubitacademy.com\/wp-content\/uploads\/2021\/01\/Logo_office_zrucnosti.png\" data-width=\"200\" data-height=\"51\"><\/span><span><img alt=\"\" data-id=\"15817\" width=\"250\" data-init-width=\"300\" height=\"69\" data-init-height=\"83\" title=\"Podnikajte.sk_logo\" loading=\"lazy\" src=\"https:\/\/qubitacademy.com\/wp-content\/uploads\/2021\/11\/Podnikajte.sk_logo.jpg\" data-width=\"250\" data-height=\"69\"><\/span><span><img alt=\"\" data-id=\"12129\" width=\"200\" data-init-width=\"200\" height=\"67\" data-init-height=\"67\" title=\"robime.it_logo_orig\" loading=\"lazy\" src=\"https:\/\/qubitacademy.com\/wp-content\/uploads\/2020\/08\/robime.it_logo_orig.jpg\" data-width=\"200\" data-height=\"67\"><\/span><span><img alt=\"\" data-id=\"13620\" width=\"200\" data-init-width=\"379\" height=\"87\" data-init-height=\"165\" title=\"Sapie_logo_transparent\" loading=\"lazy\" src=\"https:\/\/qubitacademy.com\/wp-content\/uploads\/2021\/01\/Sapie_logo_transparent.png\" data-width=\"200\" data-height=\"87\"><\/span><span><img alt=\"\" data-id=\"13419\" width=\"200\" data-init-width=\"1200\" height=\"120\" data-init-height=\"720\" title=\"sba_logo\" loading=\"lazy\" src=\"https:\/\/qubitacademy.com\/wp-content\/uploads\/2021\/01\/sba_logo.jpg\" data-width=\"200\" data-height=\"120\"><\/span><span><img alt=\"\" data-id=\"15734\" width=\"180\" data-init-width=\"180\" height=\"121\" data-init-height=\"121\" title=\"Titans_freelancers_logo\" loading=\"lazy\" src=\"https:\/\/qubitacademy.com\/wp-content\/uploads\/2021\/10\/Titans_freelancers_logo.png\" data-width=\"180\" data-height=\"121\"><\/span><span><img alt=\"\" data-id=\"13622\" width=\"200\" data-init-width=\"1101\" height=\"40\" data-init-height=\"222\" title=\"Touchit_logo-01\" loading=\"lazy\" src=\"https:\/\/qubitacademy.com\/wp-content\/uploads\/2021\/01\/Touchit_logo-01.png\" data-width=\"200\" data-height=\"40\"><\/span><span><img alt=\"\" data-id=\"13937\" width=\"200\" data-init-width=\"200\" height=\"61\" data-init-height=\"61\" title=\"Zdruzenie_mladych_podnikatelov_slovenska_logo\" loading=\"lazy\" src=\"https:\/\/qubitacademy.com\/wp-content\/uploads\/2021\/01\/Zdruzenie_mladych_podnikatelov_slovenska_logo.png\" data-width=\"200\" data-height=\"61\"><\/span><span><img alt=\"\" data-id=\"15806\" width=\"200\" data-init-width=\"604\" height=\"125\" data-init-height=\"376\" title=\"Unique_people_logo\" loading=\"lazy\" src=\"https:\/\/qubitacademy.com\/wp-content\/uploads\/2021\/11\/Unique_people_logo.jpg\" data-width=\"200\" data-height=\"125\"><\/span><\/p>\n","protected":false},"excerpt":{"rendered":"<p>\u010co V\u00e1m semin\u00e1r prinesie Porozumenie po\u017eiadaviek na bezpe\u010dnos\u0165 informa\u010dn\u00fdch a komunika\u010dn\u00fdch technol\u00f3gi\u00ed&nbsp; Pochopenie podstaty hrozieb a riz\u00edk spojen\u00fdch s prev\u00e1dzkou IT&nbsp; \u010co sa zdalo by\u0165 nemo\u017en\u00e9, stalo sa realitou. Va\u0161i &hellip; <\/p>\n","protected":false},"author":4,"featured_media":15740,"parent":0,"menu_order":0,"comment_status":"closed","ping_status":"closed","template":"page-templates\/homepage.php","meta":[],"yoast_head":"<!-- This site is optimized with the Yoast SEO plugin v20.6 - https:\/\/yoast.com\/wordpress\/plugins\/seo\/ -->\n<title>Bezpe\u010dnos\u0165 IT vo firme - Qubit Academy<\/title>\n<meta name=\"robots\" content=\"index, follow, max-snippet:-1, max-image-preview:large, max-video-preview:-1\" \/>\n<link rel=\"canonical\" href=\"https:\/\/qubitacademy.com\/sk\/bezpecnost-it-vo-firme\/\" \/>\n<meta property=\"og:locale\" content=\"sk_SK\" \/>\n<meta property=\"og:type\" content=\"article\" \/>\n<meta property=\"og:title\" content=\"Bezpe\u010dnos\u0165 IT vo firme - Qubit Academy\" \/>\n<meta property=\"og:description\" content=\"\u010co V\u00e1m semin\u00e1r prinesie Porozumenie po\u017eiadaviek na bezpe\u010dnos\u0165 informa\u010dn\u00fdch a komunika\u010dn\u00fdch technol\u00f3gi\u00ed&nbsp; Pochopenie podstaty hrozieb a riz\u00edk spojen\u00fdch s prev\u00e1dzkou IT&nbsp; \u010co sa zdalo by\u0165 nemo\u017en\u00e9, stalo sa realitou. Va\u0161i &hellip;\" \/>\n<meta property=\"og:url\" content=\"https:\/\/qubitacademy.com\/sk\/bezpecnost-it-vo-firme\/\" \/>\n<meta property=\"og:site_name\" content=\"Qubit Academy\" \/>\n<meta property=\"article:modified_time\" content=\"2021-11-12T11:53:21+00:00\" \/>\n<meta property=\"og:image\" content=\"https:\/\/qubitacademy.com\/wp-content\/uploads\/2021\/10\/Bezpecnost_IT_vo_firme_fb.jpg\" \/>\n\t<meta property=\"og:image:width\" content=\"1465\" \/>\n\t<meta property=\"og:image:height\" content=\"700\" \/>\n\t<meta property=\"og:image:type\" content=\"image\/jpeg\" \/>\n<meta name=\"twitter:card\" content=\"summary_large_image\" \/>\n<meta name=\"twitter:label1\" content=\"Predpokladan\u00fd \u010das \u010d\u00edtania\" \/>\n\t<meta name=\"twitter:data1\" content=\"2 min\u00faty\" \/>\n<script type=\"application\/ld+json\" class=\"yoast-schema-graph\">{\"@context\":\"https:\/\/schema.org\",\"@graph\":[{\"@type\":\"WebPage\",\"@id\":\"https:\/\/qubitacademy.com\/sk\/bezpecnost-it-vo-firme\/\",\"url\":\"https:\/\/qubitacademy.com\/sk\/bezpecnost-it-vo-firme\/\",\"name\":\"Bezpe\u010dnos\u0165 IT vo firme - Qubit Academy\",\"isPartOf\":{\"@id\":\"https:\/\/qubitacademy.com\/sk\/#website\"},\"datePublished\":\"2021-10-06T09:01:03+00:00\",\"dateModified\":\"2021-11-12T11:53:21+00:00\",\"breadcrumb\":{\"@id\":\"https:\/\/qubitacademy.com\/sk\/bezpecnost-it-vo-firme\/#breadcrumb\"},\"inLanguage\":\"sk-SK\",\"potentialAction\":[{\"@type\":\"ReadAction\",\"target\":[\"https:\/\/qubitacademy.com\/sk\/bezpecnost-it-vo-firme\/\"]}]},{\"@type\":\"BreadcrumbList\",\"@id\":\"https:\/\/qubitacademy.com\/sk\/bezpecnost-it-vo-firme\/#breadcrumb\",\"itemListElement\":[{\"@type\":\"ListItem\",\"position\":1,\"name\":\"Home\",\"item\":\"https:\/\/qubitacademy.com\/sk\/\"},{\"@type\":\"ListItem\",\"position\":2,\"name\":\"Bezpe\u010dnos\u0165 IT vo firme\"}]},{\"@type\":\"WebSite\",\"@id\":\"https:\/\/qubitacademy.com\/sk\/#website\",\"url\":\"https:\/\/qubitacademy.com\/sk\/\",\"name\":\"Qubit Academy\",\"description\":\"Vzdel\u00e1vanie v oblasti informa\u010dnej a kybernetickej bezpe\u010dnosti\",\"potentialAction\":[{\"@type\":\"SearchAction\",\"target\":{\"@type\":\"EntryPoint\",\"urlTemplate\":\"https:\/\/qubitacademy.com\/sk\/?s={search_term_string}\"},\"query-input\":\"required name=search_term_string\"}],\"inLanguage\":\"sk-SK\"}]}<\/script>\n<!-- \/ Yoast SEO plugin. -->","yoast_head_json":{"title":"Bezpe\u010dnos\u0165 IT vo firme - Qubit Academy","robots":{"index":"index","follow":"follow","max-snippet":"max-snippet:-1","max-image-preview":"max-image-preview:large","max-video-preview":"max-video-preview:-1"},"canonical":"https:\/\/qubitacademy.com\/sk\/bezpecnost-it-vo-firme\/","og_locale":"sk_SK","og_type":"article","og_title":"Bezpe\u010dnos\u0165 IT vo firme - Qubit Academy","og_description":"\u010co V\u00e1m semin\u00e1r prinesie Porozumenie po\u017eiadaviek na bezpe\u010dnos\u0165 informa\u010dn\u00fdch a komunika\u010dn\u00fdch technol\u00f3gi\u00ed&nbsp; Pochopenie podstaty hrozieb a riz\u00edk spojen\u00fdch s prev\u00e1dzkou IT&nbsp; \u010co sa zdalo by\u0165 nemo\u017en\u00e9, stalo sa realitou. Va\u0161i &hellip;","og_url":"https:\/\/qubitacademy.com\/sk\/bezpecnost-it-vo-firme\/","og_site_name":"Qubit Academy","article_modified_time":"2021-11-12T11:53:21+00:00","og_image":[{"width":1465,"height":700,"url":"https:\/\/qubitacademy.com\/wp-content\/uploads\/2021\/10\/Bezpecnost_IT_vo_firme_fb.jpg","type":"image\/jpeg"}],"twitter_card":"summary_large_image","twitter_misc":{"Predpokladan\u00fd \u010das \u010d\u00edtania":"2 min\u00faty"},"schema":{"@context":"https:\/\/schema.org","@graph":[{"@type":"WebPage","@id":"https:\/\/qubitacademy.com\/sk\/bezpecnost-it-vo-firme\/","url":"https:\/\/qubitacademy.com\/sk\/bezpecnost-it-vo-firme\/","name":"Bezpe\u010dnos\u0165 IT vo firme - Qubit Academy","isPartOf":{"@id":"https:\/\/qubitacademy.com\/sk\/#website"},"datePublished":"2021-10-06T09:01:03+00:00","dateModified":"2021-11-12T11:53:21+00:00","breadcrumb":{"@id":"https:\/\/qubitacademy.com\/sk\/bezpecnost-it-vo-firme\/#breadcrumb"},"inLanguage":"sk-SK","potentialAction":[{"@type":"ReadAction","target":["https:\/\/qubitacademy.com\/sk\/bezpecnost-it-vo-firme\/"]}]},{"@type":"BreadcrumbList","@id":"https:\/\/qubitacademy.com\/sk\/bezpecnost-it-vo-firme\/#breadcrumb","itemListElement":[{"@type":"ListItem","position":1,"name":"Home","item":"https:\/\/qubitacademy.com\/sk\/"},{"@type":"ListItem","position":2,"name":"Bezpe\u010dnos\u0165 IT vo firme"}]},{"@type":"WebSite","@id":"https:\/\/qubitacademy.com\/sk\/#website","url":"https:\/\/qubitacademy.com\/sk\/","name":"Qubit Academy","description":"Vzdel\u00e1vanie v oblasti informa\u010dnej a kybernetickej bezpe\u010dnosti","potentialAction":[{"@type":"SearchAction","target":{"@type":"EntryPoint","urlTemplate":"https:\/\/qubitacademy.com\/sk\/?s={search_term_string}"},"query-input":"required name=search_term_string"}],"inLanguage":"sk-SK"}]}},"_links":{"self":[{"href":"https:\/\/qubitacademy.com\/sk\/wp-json\/wp\/v2\/pages\/15519"}],"collection":[{"href":"https:\/\/qubitacademy.com\/sk\/wp-json\/wp\/v2\/pages"}],"about":[{"href":"https:\/\/qubitacademy.com\/sk\/wp-json\/wp\/v2\/types\/page"}],"author":[{"embeddable":true,"href":"https:\/\/qubitacademy.com\/sk\/wp-json\/wp\/v2\/users\/4"}],"replies":[{"embeddable":true,"href":"https:\/\/qubitacademy.com\/sk\/wp-json\/wp\/v2\/comments?post=15519"}],"version-history":[{"count":61,"href":"https:\/\/qubitacademy.com\/sk\/wp-json\/wp\/v2\/pages\/15519\/revisions"}],"predecessor-version":[{"id":15866,"href":"https:\/\/qubitacademy.com\/sk\/wp-json\/wp\/v2\/pages\/15519\/revisions\/15866"}],"wp:featuredmedia":[{"embeddable":true,"href":"https:\/\/qubitacademy.com\/sk\/wp-json\/wp\/v2\/media\/15740"}],"wp:attachment":[{"href":"https:\/\/qubitacademy.com\/sk\/wp-json\/wp\/v2\/media?parent=15519"}],"curies":[{"name":"wp","href":"https:\/\/api.w.org\/{rel}","templated":true}]}}