{"id":15853,"date":"2021-11-10T09:09:40","date_gmt":"2021-11-10T09:09:40","guid":{"rendered":"https:\/\/qubitacademy.com\/?page_id=15853"},"modified":"2021-11-12T11:58:43","modified_gmt":"2021-11-12T11:58:43","slug":"zaznam-bezpecnost-it-vo-firme","status":"publish","type":"page","link":"https:\/\/qubitacademy.com\/sk\/bezpecnost-it-vo-firme\/zaznam-bezpecnost-it-vo-firme\/","title":{"rendered":"Z\u00e1znam: Bezpe\u010dnos\u0165 IT vo firme"},"content":{"rendered":"<p><span><img alt=\"\" data-id=\"15584\" width=\"928\" data-init-width=\"1000\" height=\"282\" data-init-height=\"304\" title=\"Bezpecnost IT vo firme-2\" loading=\"lazy\" src=\"https:\/\/qubitacademy.com\/wp-content\/uploads\/2021\/10\/Bezpecnost-IT-vo-firme-2.png\" data-width=\"928\" data-height=\"282\"><\/span><\/p>\n<p>Ak m\u00e1te z\u00e1ujem o nahr\u00e1vku zo semin\u00e1ru Bezpe\u010dnos\u0165 IT vo firme, pros\u00edm vypl\u0148te formul\u00e1r:<\/p>\n<script>(function() {\n\twindow.mc4wp = window.mc4wp || {\n\t\tlisteners: [],\n\t\tforms: {\n\t\t\ton: function(evt, cb) {\n\t\t\t\twindow.mc4wp.listeners.push(\n\t\t\t\t\t{\n\t\t\t\t\t\tevent   : evt,\n\t\t\t\t\t\tcallback: cb\n\t\t\t\t\t}\n\t\t\t\t);\n\t\t\t}\n\t\t}\n\t}\n})();\n<\/script><!-- Mailchimp for WordPress v4.10.4 - https:\/\/wordpress.org\/plugins\/mailchimp-for-wp\/ --><form id=\"mc4wp-form-1\" class=\"mc4wp-form mc4wp-form-2562 mc4wp-form-theme mc4wp-form-theme-light\" method=\"post\" data-id=\"2562\" data-name=\"Newsletter\" ><div class=\"mc4wp-form-fields\"><p>\r\n    <label>*Krstn\u00e9 meno: <\/label>\r\n    <input type=\"text\" name=\"FNAME\" required=\"\">\r\n<\/p>\r\n\r\n<p>\r\n    <label>*Priezvisko: <\/label>\r\n    <input type=\"text\" name=\"LNAME\" required=\"\">\r\n<\/p>\r\n\r\n<p>\r\n    <label>*Email: <\/label>\r\n\t<input type=\"email\" name=\"EMAIL\" required=\"\">\r\n<\/p>\r\n<p>\r\n    <label>*Krajina: <\/label>\r\n    <input type=\"text\" name=\"MMERGE6\" required=\"\">\r\n<\/p>\r\n\r\n<p>\r\n  <label>Viac inform\u00e1cii ako naklad\u00e1me s osobn\u00fdmi \u00fadajmi n\u00e1jdete vo <a href=\"https:\/\/qubitacademy.com\/sk\/processing-personal-data\/\">Vyhl\u00e1sen\u00ed o sprac\u00favan\u00ed osobn\u00fdch \u00fadajov<\/a>.<\/label>\r\n<\/p>\r\n\r\n\r\n<p>\r\n\t<input type=\"submit\" value=\"Odosla\u0165\" \/>\r\n<\/p><\/div><label style=\"display: none !important;\">Leave this field empty if you're human: <input type=\"text\" name=\"_mc4wp_honeypot\" value=\"\" tabindex=\"-1\" autocomplete=\"off\" \/><\/label><input type=\"hidden\" name=\"_mc4wp_timestamp\" value=\"1777680075\" \/><input type=\"hidden\" name=\"_mc4wp_form_id\" value=\"2562\" \/><input type=\"hidden\" name=\"_mc4wp_form_element_id\" value=\"mc4wp-form-1\" \/><div class=\"mc4wp-response\"><\/div><\/form><!-- \/ Mailchimp for WordPress Plugin -->\n","protected":false},"excerpt":{"rendered":"<p>Ak m\u00e1te z\u00e1ujem o nahr\u00e1vku zo semin\u00e1ru Bezpe\u010dnos\u0165 IT vo firme, pros\u00edm vypl\u0148te formul\u00e1r: &nbsp;<\/p>\n","protected":false},"author":4,"featured_media":0,"parent":15519,"menu_order":0,"comment_status":"closed","ping_status":"closed","template":"page-templates\/homepage.php","meta":[],"yoast_head":"<!-- This site is optimized with the Yoast SEO plugin v20.6 - https:\/\/yoast.com\/wordpress\/plugins\/seo\/ -->\n<title>Z\u00e1znam: Bezpe\u010dnos\u0165 IT vo firme - Qubit Academy<\/title>\n<meta name=\"robots\" content=\"index, follow, max-snippet:-1, max-image-preview:large, max-video-preview:-1\" \/>\n<link rel=\"canonical\" href=\"https:\/\/qubitacademy.com\/sk\/bezpecnost-it-vo-firme\/zaznam-bezpecnost-it-vo-firme\/\" \/>\n<meta property=\"og:locale\" content=\"sk_SK\" \/>\n<meta property=\"og:type\" content=\"article\" \/>\n<meta property=\"og:title\" content=\"Z\u00e1znam: Bezpe\u010dnos\u0165 IT vo firme - Qubit Academy\" \/>\n<meta property=\"og:description\" content=\"Ak m\u00e1te z\u00e1ujem o nahr\u00e1vku zo semin\u00e1ru Bezpe\u010dnos\u0165 IT vo firme, pros\u00edm vypl\u0148te formul\u00e1r: &nbsp;\" \/>\n<meta property=\"og:url\" content=\"https:\/\/qubitacademy.com\/sk\/bezpecnost-it-vo-firme\/zaznam-bezpecnost-it-vo-firme\/\" \/>\n<meta property=\"og:site_name\" content=\"Qubit Academy\" \/>\n<meta property=\"article:modified_time\" content=\"2021-11-12T11:58:43+00:00\" \/>\n<meta property=\"og:image\" content=\"https:\/\/qubitacademy.com\/wp-content\/uploads\/2021\/10\/Bezpecnost-IT-vo-firme-2.png\" \/>\n<meta name=\"twitter:card\" content=\"summary_large_image\" \/>\n<script type=\"application\/ld+json\" class=\"yoast-schema-graph\">{\"@context\":\"https:\/\/schema.org\",\"@graph\":[{\"@type\":\"WebPage\",\"@id\":\"https:\/\/qubitacademy.com\/sk\/bezpecnost-it-vo-firme\/zaznam-bezpecnost-it-vo-firme\/\",\"url\":\"https:\/\/qubitacademy.com\/sk\/bezpecnost-it-vo-firme\/zaznam-bezpecnost-it-vo-firme\/\",\"name\":\"Z\u00e1znam: Bezpe\u010dnos\u0165 IT vo firme - Qubit Academy\",\"isPartOf\":{\"@id\":\"https:\/\/qubitacademy.com\/sk\/#website\"},\"datePublished\":\"2021-11-10T09:09:40+00:00\",\"dateModified\":\"2021-11-12T11:58:43+00:00\",\"breadcrumb\":{\"@id\":\"https:\/\/qubitacademy.com\/sk\/bezpecnost-it-vo-firme\/zaznam-bezpecnost-it-vo-firme\/#breadcrumb\"},\"inLanguage\":\"sk-SK\",\"potentialAction\":[{\"@type\":\"ReadAction\",\"target\":[\"https:\/\/qubitacademy.com\/sk\/bezpecnost-it-vo-firme\/zaznam-bezpecnost-it-vo-firme\/\"]}]},{\"@type\":\"BreadcrumbList\",\"@id\":\"https:\/\/qubitacademy.com\/sk\/bezpecnost-it-vo-firme\/zaznam-bezpecnost-it-vo-firme\/#breadcrumb\",\"itemListElement\":[{\"@type\":\"ListItem\",\"position\":1,\"name\":\"Home\",\"item\":\"https:\/\/qubitacademy.com\/sk\/\"},{\"@type\":\"ListItem\",\"position\":2,\"name\":\"Bezpe\u010dnos\u0165 IT vo firme\",\"item\":\"https:\/\/qubitacademy.com\/sk\/bezpecnost-it-vo-firme\/\"},{\"@type\":\"ListItem\",\"position\":3,\"name\":\"Z\u00e1znam: Bezpe\u010dnos\u0165 IT vo firme\"}]},{\"@type\":\"WebSite\",\"@id\":\"https:\/\/qubitacademy.com\/sk\/#website\",\"url\":\"https:\/\/qubitacademy.com\/sk\/\",\"name\":\"Qubit Academy\",\"description\":\"Vzdel\u00e1vanie v oblasti informa\u010dnej a kybernetickej bezpe\u010dnosti\",\"potentialAction\":[{\"@type\":\"SearchAction\",\"target\":{\"@type\":\"EntryPoint\",\"urlTemplate\":\"https:\/\/qubitacademy.com\/sk\/?s={search_term_string}\"},\"query-input\":\"required name=search_term_string\"}],\"inLanguage\":\"sk-SK\"}]}<\/script>\n<!-- \/ Yoast SEO plugin. -->","yoast_head_json":{"title":"Z\u00e1znam: Bezpe\u010dnos\u0165 IT vo firme - Qubit Academy","robots":{"index":"index","follow":"follow","max-snippet":"max-snippet:-1","max-image-preview":"max-image-preview:large","max-video-preview":"max-video-preview:-1"},"canonical":"https:\/\/qubitacademy.com\/sk\/bezpecnost-it-vo-firme\/zaznam-bezpecnost-it-vo-firme\/","og_locale":"sk_SK","og_type":"article","og_title":"Z\u00e1znam: Bezpe\u010dnos\u0165 IT vo firme - Qubit Academy","og_description":"Ak m\u00e1te z\u00e1ujem o nahr\u00e1vku zo semin\u00e1ru Bezpe\u010dnos\u0165 IT vo firme, pros\u00edm vypl\u0148te formul\u00e1r: &nbsp;","og_url":"https:\/\/qubitacademy.com\/sk\/bezpecnost-it-vo-firme\/zaznam-bezpecnost-it-vo-firme\/","og_site_name":"Qubit Academy","article_modified_time":"2021-11-12T11:58:43+00:00","og_image":[{"url":"https:\/\/qubitacademy.com\/wp-content\/uploads\/2021\/10\/Bezpecnost-IT-vo-firme-2.png"}],"twitter_card":"summary_large_image","schema":{"@context":"https:\/\/schema.org","@graph":[{"@type":"WebPage","@id":"https:\/\/qubitacademy.com\/sk\/bezpecnost-it-vo-firme\/zaznam-bezpecnost-it-vo-firme\/","url":"https:\/\/qubitacademy.com\/sk\/bezpecnost-it-vo-firme\/zaznam-bezpecnost-it-vo-firme\/","name":"Z\u00e1znam: Bezpe\u010dnos\u0165 IT vo firme - Qubit Academy","isPartOf":{"@id":"https:\/\/qubitacademy.com\/sk\/#website"},"datePublished":"2021-11-10T09:09:40+00:00","dateModified":"2021-11-12T11:58:43+00:00","breadcrumb":{"@id":"https:\/\/qubitacademy.com\/sk\/bezpecnost-it-vo-firme\/zaznam-bezpecnost-it-vo-firme\/#breadcrumb"},"inLanguage":"sk-SK","potentialAction":[{"@type":"ReadAction","target":["https:\/\/qubitacademy.com\/sk\/bezpecnost-it-vo-firme\/zaznam-bezpecnost-it-vo-firme\/"]}]},{"@type":"BreadcrumbList","@id":"https:\/\/qubitacademy.com\/sk\/bezpecnost-it-vo-firme\/zaznam-bezpecnost-it-vo-firme\/#breadcrumb","itemListElement":[{"@type":"ListItem","position":1,"name":"Home","item":"https:\/\/qubitacademy.com\/sk\/"},{"@type":"ListItem","position":2,"name":"Bezpe\u010dnos\u0165 IT vo firme","item":"https:\/\/qubitacademy.com\/sk\/bezpecnost-it-vo-firme\/"},{"@type":"ListItem","position":3,"name":"Z\u00e1znam: Bezpe\u010dnos\u0165 IT vo firme"}]},{"@type":"WebSite","@id":"https:\/\/qubitacademy.com\/sk\/#website","url":"https:\/\/qubitacademy.com\/sk\/","name":"Qubit Academy","description":"Vzdel\u00e1vanie v oblasti informa\u010dnej a kybernetickej bezpe\u010dnosti","potentialAction":[{"@type":"SearchAction","target":{"@type":"EntryPoint","urlTemplate":"https:\/\/qubitacademy.com\/sk\/?s={search_term_string}"},"query-input":"required name=search_term_string"}],"inLanguage":"sk-SK"}]}},"_links":{"self":[{"href":"https:\/\/qubitacademy.com\/sk\/wp-json\/wp\/v2\/pages\/15853"}],"collection":[{"href":"https:\/\/qubitacademy.com\/sk\/wp-json\/wp\/v2\/pages"}],"about":[{"href":"https:\/\/qubitacademy.com\/sk\/wp-json\/wp\/v2\/types\/page"}],"author":[{"embeddable":true,"href":"https:\/\/qubitacademy.com\/sk\/wp-json\/wp\/v2\/users\/4"}],"replies":[{"embeddable":true,"href":"https:\/\/qubitacademy.com\/sk\/wp-json\/wp\/v2\/comments?post=15853"}],"version-history":[{"count":6,"href":"https:\/\/qubitacademy.com\/sk\/wp-json\/wp\/v2\/pages\/15853\/revisions"}],"predecessor-version":[{"id":15871,"href":"https:\/\/qubitacademy.com\/sk\/wp-json\/wp\/v2\/pages\/15853\/revisions\/15871"}],"up":[{"embeddable":true,"href":"https:\/\/qubitacademy.com\/sk\/wp-json\/wp\/v2\/pages\/15519"}],"wp:attachment":[{"href":"https:\/\/qubitacademy.com\/sk\/wp-json\/wp\/v2\/media?parent=15853"}],"curies":[{"name":"wp","href":"https:\/\/api.w.org\/{rel}","templated":true}]}}