{"id":16461,"date":"2022-02-28T09:45:00","date_gmt":"2022-02-28T09:45:00","guid":{"rendered":"https:\/\/qubitacademy.com\/?page_id=16461"},"modified":"2022-02-28T09:45:00","modified_gmt":"2022-02-28T09:45:00","slug":"cookies-a-web","status":"publish","type":"page","link":"https:\/\/qubitacademy.com\/sk\/cookies-a-web\/","title":{"rendered":"Cookies a web"},"content":{"rendered":"<h1 style=\"text-align: left;\">Vyhl\u00e1senie o ochrane s\u00fakromia &#8211; pou\u017e\u00edvanie cookies a web<\/h1>\n<h3>Cookies<\/h3>\n<p>Ak nav\u0161t\u00edvite st\u00e1nku, ktor\u00e1 zapisuje cookies, vo Va\u0161om po\u010d\u00edta\u010di alebo mobilnom zariaden\u00ed (vr\u00e1tane tabletu) sa pri jej prehliadan\u00ed vytvor\u00ed mal\u00fd textov\u00fd \u201ecookie\u201c s\u00fabor. Ak t\u00fa ist\u00fa str\u00e1nku nav\u0161t\u00edvite znova, v\u010faka s\u00faboru cookie sa pripoj\u00edte r\u00fdchlej\u0161ie. Okrem toho V\u00e1s tak\u00e1to str\u00e1nka \u201espozn\u00e1\u201c a pon\u00fakne V\u00e1m inform\u00e1cie, ktor\u00e9 preferujete, zaist\u00ed neopakovanie sa u\u017e zobrazenej reklamy alebo V\u00e1m umo\u017en\u00ed vstup bez op\u00e4tovn\u00e9ho zad\u00e1vania hesla. V\u00a0pr\u00edpade vyp\u013a\u0148ania identifika\u010dn\u00fdch \u00fadajov V\u00e1m s\u00fabory cookies pon\u00faknu doplnenie \u00fadajov vyplnen\u00fdch u\u017e pri predch\u00e1dzaj\u00facich n\u00e1v\u0161tev\u00e1ch tohto webov\u00e9ho prostredia a v nadv\u00e4znosti na tieto inform\u00e1cie\u00a0sa V\u00e1m zobraz\u00ed relevantn\u00fd obsah a\u00a0ponuky pre va\u0161e predpokladan\u00e9\u00a0 aktivity a\u00a0slu\u017eby, ktor\u00e9 by ste mohli vyu\u017ei\u0165.<\/p>\n<p>S\u00fabory cookies pou\u017e\u00edvame na anal\u00fdzu n\u00e1v\u0161tevnosti na\u0161ich webstr\u00e1nok prostredn\u00edctvom slu\u017eieb ako napr\u00edklad Google Analytics, Google AdSense, Facebook, Strossle alebo Gemius SA, Exponea a\u00a0in\u00e9. Ide\u00a0 o analytick\u00fd n\u00e1stroj, ktor\u00fd pom\u00e1ha vlastn\u00edkom webov\u00fdch str\u00e1nok a aplik\u00e1ci\u00ed pochopi\u0165, ako ich n\u00e1v\u0161tevn\u00edci tieto str\u00e1nky pou\u017e\u00edvaj\u00fa. S\u00fabory cookie je mo\u017en\u00e9 pou\u017ei\u0165 na \u0161tatistick\u00e9 \u00fadaje o pou\u017e\u00edvan\u00ed webov\u00fdch str\u00e1nok bez osobnej identifik\u00e1cie jednotliv\u00fdch n\u00e1v\u0161tevn\u00edkov.<\/p>\n<h3>Pr\u00e1vny z\u00e1klad sprac\u00favania<\/h3>\n<p><span lang=\"SK\">Ak pri zaznamen\u00e1van\u00ed dok\u00e1\u017eeme identifikova\u0165 osobu n\u00e1v\u0161tevn\u00edka n\u00e1\u0161ho webov\u00e9ho prostredia, p\u00f4jde o\u00a0sprac\u00favanie osobn\u00fdch \u00fadajov. Pre tak\u00e9to sprac\u00favanie mus\u00edme disponova\u0165 pr\u00e1vnym z\u00e1kladom. Jedn\u00fdm pr\u00e1vnym z\u00e1kladom m\u00f4\u017ee by\u0165 V\u00e1\u0161 s\u00fahlas ako dotknutej osoby.<\/span><\/p>\n<h3>Ak\u00e9 cookies vyhodnocujeme<\/h3>\n<p><strong><span lang=\"SK\">Z\u00e1kladn\u00e9 s\u00fabory cookies<\/span><\/strong><span lang=\"SK\">\u00a0\u2013 tieto s\u00fabory cookies umo\u017e\u0148uj\u00fa pou\u017e\u00edvanie z\u00e1kladn\u00fdch funkci\u00ed ako napr\u00edklad prihl\u00e1senie registrovan\u00e9ho pou\u017e\u00edvate\u013ea alebo predvyp\u013a\u0148anie formul\u00e1rov. Ak tieto cookies zak\u00e1\u017eete, nem\u00f4\u017eeme garantova\u0165 pln\u00fa funk\u010dnos\u0165 na\u0161ich str\u00e1nok.<\/span><\/p>\n<p><span lang=\"SK\"><strong>Preferen\u010dn\u00e9 cookies<\/strong>\u00a0\u2013\u00a0<\/span><span lang=\"SK\">sl\u00fa\u017eia na identifik\u00e1ciu Vami preferovan\u00fdch aktiv\u00edt, ktor\u00e9 vedome vykon\u00e1te na na\u0161ich str\u00e1nkach.<\/span><\/p>\n<p><span lang=\"SK\"><strong>Prev\u00e1dzkov\u00e9 s\u00fabory cookies<\/strong>\u00a0\u2013 t<\/span><span lang=\"SK\">ieto cookies sl\u00fa\u017eia na anal\u00fdzu spr\u00e1vania n\u00e1v\u0161tevn\u00edka na webovej str\u00e1nke a n\u00e1sledne na zlep\u0161ovanie jej funk\u010dnosti a vzh\u013eadu. Ak tieto cookies zak\u00e1\u017eete, nem\u00f4\u017eeme garantova\u0165 pln\u00fa funk\u010dnos\u0165 na\u0161ich str\u00e1nok.<\/span><\/p>\n<p><strong><span lang=\"SK\">Marketingov\u00e9 s\u00fabory cookies\u00a0<\/span><\/strong><span lang=\"SK\">\u2013 sl\u00fa\u017eia na optimaliz\u00e1ciu zobrazovan\u00e9ho obsahu a reklamy vzh\u013eadom na zvyklosti n\u00e1v\u0161tevn\u00edka a efekt\u00edvnos\u0165 marketingovej komunik\u00e1cie zad\u00e1vate\u013eov. V\u010faka nim sa V\u00e1m napr\u00edklad nebude zbyto\u010dne \u010dasto zobrazova\u0165 reklama z oblasti, o ktor\u00fa nem\u00e1te z\u00e1ujem.<\/span><\/p>\n<p><span lang=\"SK\"><strong>Cookies tret\u00edch str\u00e1n<\/strong>\u00a0\u2013<\/span><span lang=\"SK\">\u00a0vytv\u00e1raj\u00fa a vyu\u017e\u00edvaj\u00fa poskytovatelia slu\u017eieb ako Google Analytics, Google AdSense, Facebook, Strossle, Gemius SA, Exponea a \u010fal\u0161\u00ed. Tieto slu\u017eby s\u00fa integrovan\u00e9 do na\u0161ich str\u00e1nok, preto\u017ee ich pova\u017eujeme za u\u017eito\u010dn\u00e9 a plne bezpe\u010dn\u00e9. Pravidl\u00e1 pou\u017e\u00edvania si m\u00f4\u017eete doh\u013eada\u0165 na str\u00e1nkach t\u00fdchto spolo\u010dnost\u00ed. V\u010faka nim sa v\u00e1m napr\u00edklad nebude zbyto\u010dne \u010dasto zobrazova\u0165 reklama z oblasti, o ktor\u00fa nem\u00e1te z\u00e1ujem.<\/span><\/p>\n<h3>Ak\u00e9 \u00fadaje o V\u00e1s m\u00f4\u017eeme vyhodnocova\u0165<\/h3>\n<ul>\n<li>Inform\u00e1cie o\u00a0Va\u0161ej n\u00e1v\u0161teve n\u00e1\u0161ho web s\u00eddla (str\u00e1nky www);<\/li>\n<li>Inform\u00e1cie o\u00a0IP adrese pripojenia, \u00fadaj o\u00a0prehliada\u010di, ktor\u00fd pou\u017e\u00edvate;<\/li>\n<li>Inform\u00e1cie o\u00a0Va\u0161ej aktivite na na\u0161ej str\u00e1nke.<\/li>\n<\/ul>\n<h3>Automatizovan\u00e9 rozhodovanie a profilovanie<\/h3>\n<p><span lang=\"SK\">V\u00a0na\u0161om prostred\u00ed nedoch\u00e1dza k\u00a0sp\u00e1janiu uveden\u00fdch aktiv\u00edt na na\u0161ej str\u00e1nke s\u00a0Va\u0161ou osobou, a\u00a0teda automatizovan\u00e9 sprac\u00favanie nem\u00e1 vplyv na Va\u0161e pr\u00e1va a\u00a0slobody. Rovnako pri sprac\u00favan\u00ed Va\u0161ich \u00fadajov nedoch\u00e1dza k\u00a0profilovaniu.\u00a0<\/span><\/p>\n<h3>Ako skontrolova\u0165 nastavenie cookies<\/h3>\n<p>S\u00fabory cookies m\u00f4\u017eete kontrolova\u0165 alebo zmaza\u0165 pod\u013ea uv\u00e1\u017eenia. Podrobnosti n\u00e1jdete na str\u00e1nke aboutcookies.org. M\u00f4\u017eete vymaza\u0165 v\u0161etky s\u00fabory cookie ulo\u017een\u00e9 vo Va\u0161om po\u010d\u00edta\u010di a v\u00e4\u010d\u0161inu prehliada\u010dov m\u00f4\u017eete nastavi\u0165 tak, aby ste im znemo\u017enili ich ukladanie.<\/p>\n<p>Cookies s\u00fa u\u017eito\u010dn\u00e9, pokia\u013e ich majitelia str\u00e1nok nezneu\u017eij\u00fa na nepovolen\u00fd zber \u00fadajov. Ak funkcionalite cookies ned\u00f4verujete, m\u00f4\u017eete ich pravidelne z V\u00e1\u0161ho disku vymaz\u00e1va\u0165. V niektor\u00fdch pr\u00edpadoch m\u00f4\u017ee d\u00f4js\u0165 k nekorektn\u00e9mu z\u00e1pisu inform\u00e1ci\u00ed z\u00edskan\u00fdch prostredn\u00edctvom cookies, a teda k probl\u00e9mu s prihl\u00e1sen\u00edm sa napr. do na\u0161ich internetov\u00fdch aplik\u00e1ci\u00ed. N\u00e1vod na odstr\u00e1nenie v\u0161etk\u00fdch aj nekorektne zap\u00edsan\u00fdch cookies n\u00e1jdete \u010falej.<\/p>\n<h3>N\u00e1vody na vymazanie cookies v jednotliv\u00fdch internetov\u00fdch prehliada\u010doch<\/h3>\n<ul>\n<li>Internet Explorer<strong>\u2122\u00a0<\/strong><a href=\"http:\/\/windows.microsoft.com\/sk-SK\/windows-vista\/Block-or-allow-cookies\">http:\/\/windows.microsoft.com\/sk-SK\/windows-vista\/Block-or-allow-cookies<\/a><\/li>\n<li>Safari<strong>\u2122\u00a0<\/strong><a href=\"http:\/\/www.apple.com\/\">http:\/\/www.apple.com\/<\/a><\/li>\n<li>Opera<strong>\u2122<\/strong>\u00a0<a href=\"http:\/\/help.opera.com\/Windows\/10.20\/sk\/cookies.html\">http:\/\/help.opera.com\/Windows\/10.20\/sk\/cookies.html<\/a><\/li>\n<li>Mozilla Firefox<strong>\u2122<\/strong>\u00a0<a href=\"http:\/\/support.mozilla.org\/sk\/kb\/povolenie-zakazanie-cookies\">http:\/\/support.mozilla.org\/sk\/kb\/povolenie-zakazanie-cookies<\/a><\/li>\n<li>Google Chrome<strong>\u2122<\/strong>\u00a0<a href=\"https:\/\/support.google.com\/chrome\/answer\/95647?hl=sk&amp;hlrm=en\">https:\/\/support.google.com\/chrome\/answer\/95647?hl=sk&amp;hlrm=en<\/a><\/li>\n<\/ul>\n<h3>Umiestnenie va\u0161ich osobn\u00fdch \u00fadajov<\/h3>\n<p>Va\u0161e \u00fadaje nepren\u00e1\u0161ame do tret\u00edch kraj\u00edn mimo Eur\u00f3pskeho hospod\u00e1rskeho priestoru (EHS) a\u00a0Eur\u00f3pskej \u00fanie (E\u00da).<\/p>\n<h3>Ako dlho budeme uchov\u00e1va\u0165 \u00fadaje z prehliadania<\/h3>\n<p>Inform\u00e1cie, ktor\u00e9 sp\u00e1jame s\u00a0\u00fadajmi z\u00a0cookies uchov\u00e1vame pod\u013ea V\u00e1\u0161ho s\u00fahlasu, ktor\u00fd ste n\u00e1m poskytli, alebo pod\u013ea doby trvania zmluvn\u00e9ho vz\u0165ahu medzi nami a\u00a0Va\u0161ou osobou. Skombinovan\u00e9 \u00fadaje z\u00a0cookies a\u00a0na\u0161ich syst\u00e9mov budeme uchov\u00e1va\u0165 po dobu 6 mesiacov.<\/p>\n<h3>Odvolanie s\u00fahlasu<\/h3>\n<p>V\u00a0pr\u00edpade, ak sprac\u00favame Va\u0161e \u00fadaje na z\u00e1klade V\u00e1\u0161ho s\u00fahlasu, je mo\u017en\u00e9 tento s\u00fahlas kedyko\u013evek odvola\u0165.<\/p>\n<h3>Kontaktn\u00e9 \u00fadaje<\/h3>\n<p>Ak chcete poda\u0165 s\u0165a\u017enos\u0165 na to, ako spracov\u00e1vame Va\u0161e osobn\u00e9 \u00fadaje, a to aj vo vz\u0165ahu k uveden\u00fdm pr\u00e1vam, alebo ak m\u00e1te ak\u00e9ko\u013evek \u010fal\u0161ie ot\u00e1zky t\u00fdkaj\u00face sa spracovania Va\u0161ich osobn\u00fdch \u00fadajov, m\u00f4\u017eete sa obr\u00e1ti\u0165 na:\u00a0 \u0161tatut\u00e1rneho z\u00e1stupcu prostredn\u00edctvom e-mailu:\u00a0<a href=\"mailto:maria.krahulecova@qubitconference.com\">maria.krahulecova@qubitconference.com<\/a>\u00a0a Va\u0161e podnety a \u017eiadosti bud\u00fa preveren\u00e9. Rovnako n\u00e1s m\u00f4\u017eete v\u00a0tejto veci kontaktova\u0165 p\u00edsomne prostredn\u00edctvom \u0161tandardn\u00fdch kontaktn\u00fdch miest na\u0161ej spolo\u010dnosti.<\/p>\n<p>Ak m\u00e1te podozrenie na poru\u0161enie ochrany Va\u0161ich osobn\u00fdch \u00fadajov alebo sa domnievate, \u017ee spracov\u00e1vame Va\u0161e \u00fadaje v\u00a0rozpore so z\u00e1konom, pr\u00edpadne ak nie ste spokojn\u00fd s na\u0161ou odpove\u010fou na Va\u0161e ot\u00e1zky \u010di podnet, m\u00f4\u017eete sa obr\u00e1ti\u0165 na dozorn\u00fd org\u00e1n, ktor\u00fdm je \u00darad na ochranu osobn\u00fdch \u00fadajov SR (\u00daOO\u00da), a\u00a0m\u00e1te pr\u00e1vo na za\u010datie konania pod\u013ea \u00a7 100 z\u00e1kona \u010d. 18\/2018 Z.z. o\u00a0ochrane osobn\u00fdch \u00fadajov. \u010eal\u0161ie inform\u00e1cie o \u00daOO\u00da a\u00a0o postupe pri pod\u00e1van\u00ed s\u0165a\u017enost\u00ed n\u00e1jdete tu:\u00a0<a href=\"http:\/\/www.dataprotection.gov.sk\/\">www.dataprotection.gov.sk<\/a>.<\/p>\n","protected":false},"excerpt":{"rendered":"<p>Vyhl\u00e1senie o ochrane s\u00fakromia &#8211; pou\u017e\u00edvanie cookies a web Cookies Ak nav\u0161t\u00edvite st\u00e1nku, ktor\u00e1 zapisuje cookies, vo Va\u0161om po\u010d\u00edta\u010di alebo mobilnom zariaden\u00ed (vr\u00e1tane tabletu) sa pri jej prehliadan\u00ed vytvor\u00ed mal\u00fd &hellip; <\/p>\n","protected":false},"author":4,"featured_media":0,"parent":0,"menu_order":0,"comment_status":"closed","ping_status":"closed","template":"","meta":[],"yoast_head":"<!-- This site is optimized with the Yoast SEO plugin v20.6 - https:\/\/yoast.com\/wordpress\/plugins\/seo\/ -->\n<title>Cookies a web - Qubit Academy<\/title>\n<meta name=\"robots\" content=\"index, follow, max-snippet:-1, max-image-preview:large, max-video-preview:-1\" \/>\n<link rel=\"canonical\" href=\"https:\/\/qubitacademy.com\/sk\/cookies-a-web\/\" \/>\n<meta property=\"og:locale\" content=\"sk_SK\" \/>\n<meta property=\"og:type\" content=\"article\" \/>\n<meta property=\"og:title\" content=\"Cookies a web - Qubit Academy\" \/>\n<meta property=\"og:description\" content=\"Vyhl\u00e1senie o ochrane s\u00fakromia &#8211; pou\u017e\u00edvanie cookies a web Cookies Ak nav\u0161t\u00edvite st\u00e1nku, ktor\u00e1 zapisuje cookies, vo Va\u0161om po\u010d\u00edta\u010di alebo mobilnom zariaden\u00ed (vr\u00e1tane tabletu) sa pri jej prehliadan\u00ed vytvor\u00ed mal\u00fd &hellip;\" \/>\n<meta property=\"og:url\" content=\"https:\/\/qubitacademy.com\/sk\/cookies-a-web\/\" \/>\n<meta property=\"og:site_name\" content=\"Qubit Academy\" \/>\n<meta name=\"twitter:card\" content=\"summary_large_image\" \/>\n<meta name=\"twitter:label1\" content=\"Predpokladan\u00fd \u010das \u010d\u00edtania\" \/>\n\t<meta name=\"twitter:data1\" content=\"6 min\u00fat\" \/>\n<script type=\"application\/ld+json\" class=\"yoast-schema-graph\">{\"@context\":\"https:\/\/schema.org\",\"@graph\":[{\"@type\":\"WebPage\",\"@id\":\"https:\/\/qubitacademy.com\/sk\/cookies-a-web\/\",\"url\":\"https:\/\/qubitacademy.com\/sk\/cookies-a-web\/\",\"name\":\"Cookies a web - Qubit Academy\",\"isPartOf\":{\"@id\":\"https:\/\/qubitacademy.com\/sk\/#website\"},\"datePublished\":\"2022-02-28T09:45:00+00:00\",\"dateModified\":\"2022-02-28T09:45:00+00:00\",\"breadcrumb\":{\"@id\":\"https:\/\/qubitacademy.com\/sk\/cookies-a-web\/#breadcrumb\"},\"inLanguage\":\"sk-SK\",\"potentialAction\":[{\"@type\":\"ReadAction\",\"target\":[\"https:\/\/qubitacademy.com\/sk\/cookies-a-web\/\"]}]},{\"@type\":\"BreadcrumbList\",\"@id\":\"https:\/\/qubitacademy.com\/sk\/cookies-a-web\/#breadcrumb\",\"itemListElement\":[{\"@type\":\"ListItem\",\"position\":1,\"name\":\"Home\",\"item\":\"https:\/\/qubitacademy.com\/sk\/\"},{\"@type\":\"ListItem\",\"position\":2,\"name\":\"Cookies a web\"}]},{\"@type\":\"WebSite\",\"@id\":\"https:\/\/qubitacademy.com\/sk\/#website\",\"url\":\"https:\/\/qubitacademy.com\/sk\/\",\"name\":\"Qubit Academy\",\"description\":\"Vzdel\u00e1vanie v oblasti informa\u010dnej a kybernetickej bezpe\u010dnosti\",\"potentialAction\":[{\"@type\":\"SearchAction\",\"target\":{\"@type\":\"EntryPoint\",\"urlTemplate\":\"https:\/\/qubitacademy.com\/sk\/?s={search_term_string}\"},\"query-input\":\"required name=search_term_string\"}],\"inLanguage\":\"sk-SK\"}]}<\/script>\n<!-- \/ Yoast SEO plugin. -->","yoast_head_json":{"title":"Cookies a web - Qubit Academy","robots":{"index":"index","follow":"follow","max-snippet":"max-snippet:-1","max-image-preview":"max-image-preview:large","max-video-preview":"max-video-preview:-1"},"canonical":"https:\/\/qubitacademy.com\/sk\/cookies-a-web\/","og_locale":"sk_SK","og_type":"article","og_title":"Cookies a web - Qubit Academy","og_description":"Vyhl\u00e1senie o ochrane s\u00fakromia &#8211; pou\u017e\u00edvanie cookies a web Cookies Ak nav\u0161t\u00edvite st\u00e1nku, ktor\u00e1 zapisuje cookies, vo Va\u0161om po\u010d\u00edta\u010di alebo mobilnom zariaden\u00ed (vr\u00e1tane tabletu) sa pri jej prehliadan\u00ed vytvor\u00ed mal\u00fd &hellip;","og_url":"https:\/\/qubitacademy.com\/sk\/cookies-a-web\/","og_site_name":"Qubit Academy","twitter_card":"summary_large_image","twitter_misc":{"Predpokladan\u00fd \u010das \u010d\u00edtania":"6 min\u00fat"},"schema":{"@context":"https:\/\/schema.org","@graph":[{"@type":"WebPage","@id":"https:\/\/qubitacademy.com\/sk\/cookies-a-web\/","url":"https:\/\/qubitacademy.com\/sk\/cookies-a-web\/","name":"Cookies a web - Qubit Academy","isPartOf":{"@id":"https:\/\/qubitacademy.com\/sk\/#website"},"datePublished":"2022-02-28T09:45:00+00:00","dateModified":"2022-02-28T09:45:00+00:00","breadcrumb":{"@id":"https:\/\/qubitacademy.com\/sk\/cookies-a-web\/#breadcrumb"},"inLanguage":"sk-SK","potentialAction":[{"@type":"ReadAction","target":["https:\/\/qubitacademy.com\/sk\/cookies-a-web\/"]}]},{"@type":"BreadcrumbList","@id":"https:\/\/qubitacademy.com\/sk\/cookies-a-web\/#breadcrumb","itemListElement":[{"@type":"ListItem","position":1,"name":"Home","item":"https:\/\/qubitacademy.com\/sk\/"},{"@type":"ListItem","position":2,"name":"Cookies a web"}]},{"@type":"WebSite","@id":"https:\/\/qubitacademy.com\/sk\/#website","url":"https:\/\/qubitacademy.com\/sk\/","name":"Qubit Academy","description":"Vzdel\u00e1vanie v oblasti informa\u010dnej a kybernetickej bezpe\u010dnosti","potentialAction":[{"@type":"SearchAction","target":{"@type":"EntryPoint","urlTemplate":"https:\/\/qubitacademy.com\/sk\/?s={search_term_string}"},"query-input":"required name=search_term_string"}],"inLanguage":"sk-SK"}]}},"_links":{"self":[{"href":"https:\/\/qubitacademy.com\/sk\/wp-json\/wp\/v2\/pages\/16461"}],"collection":[{"href":"https:\/\/qubitacademy.com\/sk\/wp-json\/wp\/v2\/pages"}],"about":[{"href":"https:\/\/qubitacademy.com\/sk\/wp-json\/wp\/v2\/types\/page"}],"author":[{"embeddable":true,"href":"https:\/\/qubitacademy.com\/sk\/wp-json\/wp\/v2\/users\/4"}],"replies":[{"embeddable":true,"href":"https:\/\/qubitacademy.com\/sk\/wp-json\/wp\/v2\/comments?post=16461"}],"version-history":[{"count":2,"href":"https:\/\/qubitacademy.com\/sk\/wp-json\/wp\/v2\/pages\/16461\/revisions"}],"predecessor-version":[{"id":16463,"href":"https:\/\/qubitacademy.com\/sk\/wp-json\/wp\/v2\/pages\/16461\/revisions\/16463"}],"wp:attachment":[{"href":"https:\/\/qubitacademy.com\/sk\/wp-json\/wp\/v2\/media?parent=16461"}],"curies":[{"name":"wp","href":"https:\/\/api.w.org\/{rel}","templated":true}]}}