{"id":3319,"date":"2019-06-12T08:46:31","date_gmt":"2019-06-12T08:46:31","guid":{"rendered":"https:\/\/qubitacademy.com\/?page_id=3319"},"modified":"2021-01-15T12:01:54","modified_gmt":"2021-01-15T12:01:54","slug":"scada","status":"publish","type":"page","link":"https:\/\/qubitacademy.com\/sk\/scada\/","title":{"rendered":"Monitorovanie hrozieb v SCADA ICS"},"content":{"rendered":"<h2>Monitorovanie hrozieb v SCADA ICS<\/h2>\n<p><span style=\"font-family: Raleway; font-weight: 400;\">Technick\u00fd workshop zameran\u00fd na v\u00fdzvy kritickej infra\u0161trukt\u00fary SCADA ICS.<\/span><\/p>\n<p><span style=\"font-family: Raleway; font-weight: 400;\">\u00davod do problematiky ICS bezpe\u010dnosti (ICS, DCS, MES, QCS, BMS, BAS)<\/span><\/p>\n<p>SCADA ICS zn\u00e1me aj ako bezpe\u010dnos\u0165 OT, m\u00e1 ve\u013ea v\u00fdziev. Obsah \u0161kolenia:<\/p>\n<ul>\n<li>N\u00e1h\u013ead do z\u00e1kona o kybernetickej bezpe\u010dnosti 69\/2018 Z. z. a po\u017eiadavky vyhl\u00e1\u0161ky \u010d. 362\/2018 Z. z. ktorou sa ustanovuje obsah bezpe\u010dnostn\u00fdch opatren\u00ed, obsah a \u0161trukt\u00fara bezpe\u010dnostnej dokument\u00e1cie a rozsah v\u0161eobecn\u00fdch bezpe\u010dnostn\u00fdch opatren\u00ed<\/li>\n<li>\u00davod do problematiky ICS bezpe\u010dnosti<\/li>\n<li>Rozdiely v&nbsp;po\u017eiadavk\u00e1ch kladen\u00fdch na bezpe\u010dnos\u0165 &#8211; IT vs. OT svet&nbsp;<\/li>\n<li>\u0160pecifick\u00e9 bezpe\u010dnostn\u00e9 probl\u00e9my a&nbsp;\u00fatoky v ICS, ktor\u00e9 sa vyskytli v&nbsp;minulosti<\/li>\n<li>Ako je vidite\u013enos\u0165 sie\u0165ov\u00fdch hrozieb prvorad\u00e1 pre zabezpe\u010denie t\u00fdchto komplexn\u00fdch priemyseln\u00fdch prostred\u00ed<\/li>\n<li>Automatick\u00e1 identifik\u00e1cia a&nbsp;inventariz\u00e1cia akt\u00edv v ICS<\/li>\n<li>Pas\u00edvny vs. Akt\u00edvny skener zranite\u013enost\u00ed<\/li>\n<li>Architek\u00fara monitoringu v ICS &#8211; kde, \u010do a ako monitorova\u0165<\/li>\n<li>Praktick\u00e1 demo uk\u00e1\u017eka monitorovacieho rie\u0161enia v ICS<\/li>\n<\/ul>\n<p>\u0160kolenie poskytne \u00favod do ned\u00e1vnych \u00fatokov SCADA ICS, taktie\u017e aj \u00favod do terminol\u00f3gie ICS, industri\u00e1lnych protokolov, vrstiev a.k.a Purdue Model, technick\u00fdch rozdielov medzi bezpe\u010dnos\u0165ou IT a&nbsp;OT a kult\u00farne rozdiely person\u00e1lu poch\u00e1zaj\u00facich z&nbsp;t\u00fdchto r\u00f4znych svetov.<\/p>\n<p>Viete ako chr\u00e1ni\u0165 sie\u0165, ktor\u00e1 je nevidite\u013en\u00e1? Monitorovacie v\u00fdzvy v SCADA ICS, ako je napr\u00edklad nedostato\u010dn\u00e1 bezpe\u010dnos\u0165 komponentov a zastaran\u00e9 ICS komponenty, ktor\u00e9 nemaj\u00fa radi akt\u00edvne skenovanie zranite\u013enost\u00ed. Schopnos\u0165 odhali\u0165 cielen\u00e9 \u00fatoky a ako reagova\u0165.<\/p>\n<p>\u010co je d\u00f4le\u017eit\u00e9 monitorova\u0165 v prostred\u00ed SCADA ICS? Pre\u010do je d\u00f4le\u017eit\u00e9 pas\u00edvne monitorovanie a ak\u00e9 s\u00fa krit\u00e9ri\u00e1 pre v\u00fdber spr\u00e1vneho n\u00e1stroja na detekciu nepretr\u017eitej hrozby (Continous Threat Detection), opis r\u00f4znych sie\u0165ov\u00fdch prostred\u00ed a architekt\u00far, do ktor\u00fdch je mo\u017en\u00e9 in\u0161talova\u0165 CTD, a ako identifikova\u0165 vhodn\u00e9 body na zber komunik\u00e1cie \u00fadajov (SPAN) na zhroma\u017e\u010fovanie \u00fadajov z t\u00fdchto siet\u00ed.<\/p>\n<p>\u0160kolenie poskytne \u00fa\u010dastn\u00edkom lep\u0161\u00ed preh\u013ead o technik\u00e1ch monitorovania hrozieb a technick\u00fdch mo\u017enostiach vo svete SCADA ICS. Ktor\u00e9 n\u00e1stroje s\u00fa povinn\u00e9 a ktor\u00e9 n\u00e1stroje s\u00fa vhodn\u00e9 pre toto vysoko \u0161pecifick\u00e9 prostredie.<\/p>\n<h5>\u0160kolenie je ur\u010den\u00e9 v\u00fdhradne pre vlastn\u00edkov OT infra\u0161trukt\u00fary a prev\u00e1dzkovate\u013eov z\u00e1kladn\u00fdch slu\u017eieb:<\/h5>\n<ul>\n<li>IT\/OT CISO<\/li>\n<li>IT\/OT bezpe\u010dnostn\u00ed \u0161pecialisti a in\u017einieri<\/li>\n<li>In\u017einieri automatiz\u00e1cie so zameran\u00edm na Cybersecurity<\/li>\n<\/ul>\n<h4>Po\u017eiadavky<\/h4>\n<ul>\n<li>Rozumie\u0165 z\u00e1kladom TCP \/ IP a sie\u0165ovej komunik\u00e1cie<\/li>\n<li>Ma\u0165 z\u00e1kladn\u00e9 vedomosti z prostredia SCADA ICS<\/li>\n<li>Ma\u0165 z\u00e1kladn\u00e9 vedomosti o monitoringu hrozieb z IT sveta<\/li>\n<\/ul>\n<p><strong>\u0160kolenie bude prebieha\u0165 v slovenskom jazyku.<\/strong><\/p>\n<p><strong><\/strong><strong>Po\u010det \u00fa\u010dastn\u00edkov je limitovan\u00fd na 15.<\/strong><\/p>\n<p><span><img alt=\"\" data-id=\"13546\" data-init-width=\"250\" data-init-height=\"250\" title=\"Martin_Fabry_circle\" loading=\"lazy\" src=\"https:\/\/qubitacademy.com\/wp-content\/uploads\/2021\/01\/Martin_Fabry_circle.jpg\" data-width=\"126\" data-height=\"126\" width=\"126\" height=\"126\"><\/span><\/p>\n<h4><span lang=\"SK\">Martin F\u00e1bry<\/span><\/h4>\n<p>Advance SCADA ICS security | Accura<\/p>\n<p>Martin je poradcom v oblasti kybernetickej bezpe\u010dnosti s dvadsiatimi rokmi sk\u00fasenost\u00ed v oblasti IT, sie\u0165ov\u00e9ho in\u017einieringu a kybernetickej bezpe\u010dnosti. Podie\u013eal sa na ve\u013ek\u00fdch medzin\u00e1rodn\u00fdch projektoch v krajin\u00e1ch ako Gibralt\u00e1r, Izrael, Rak\u00fasko, Bielorusko a Kirgizsko. Jeho prim\u00e1rnou \u0161pecializ\u00e1ciou je holistick\u00e1 a komplexn\u00e1 kybernetick\u00e1 obrana IT a OT prostredia a SCADA ICS \/ DCS. Aktu\u00e1lne pom\u00e1ha organiz\u00e1ci\u00e1m s nasaden\u00edm programu kybernetickej bezpe\u010dnosti v SCADA ICS\/DCS prostred\u00ed a implementuje opatrenia kybernetickej bezpe\u010dnosti v kritick\u00fdch infra\u0161trukt\u00farach.<\/p>\n","protected":false},"excerpt":{"rendered":"<p>Monitorovanie hrozieb v SCADA ICS Technick\u00fd workshop zameran\u00fd na v\u00fdzvy kritickej infra\u0161trukt\u00fary SCADA ICS. \u00davod do problematiky ICS bezpe\u010dnosti (ICS, DCS, MES, QCS, BMS, BAS) SCADA ICS zn\u00e1me aj ako &hellip; <\/p>\n","protected":false},"author":4,"featured_media":0,"parent":0,"menu_order":0,"comment_status":"closed","ping_status":"closed","template":"","meta":[],"yoast_head":"<!-- This site is optimized with the Yoast SEO plugin v20.6 - https:\/\/yoast.com\/wordpress\/plugins\/seo\/ -->\n<title>Monitorovanie hrozieb v SCADA ICS - Qubit Academy<\/title>\n<meta name=\"robots\" content=\"index, follow, max-snippet:-1, max-image-preview:large, max-video-preview:-1\" \/>\n<link rel=\"canonical\" href=\"https:\/\/qubitacademy.com\/sk\/scada\/\" \/>\n<meta property=\"og:locale\" content=\"sk_SK\" \/>\n<meta property=\"og:type\" content=\"article\" \/>\n<meta property=\"og:title\" content=\"Monitorovanie hrozieb v SCADA ICS - Qubit Academy\" \/>\n<meta property=\"og:description\" content=\"Monitorovanie hrozieb v SCADA ICS Technick\u00fd workshop zameran\u00fd na v\u00fdzvy kritickej infra\u0161trukt\u00fary SCADA ICS. \u00davod do problematiky ICS bezpe\u010dnosti (ICS, DCS, MES, QCS, BMS, BAS) SCADA ICS zn\u00e1me aj ako &hellip;\" \/>\n<meta property=\"og:url\" content=\"https:\/\/qubitacademy.com\/sk\/scada\/\" \/>\n<meta property=\"og:site_name\" content=\"Qubit Academy\" \/>\n<meta property=\"article:modified_time\" content=\"2021-01-15T12:01:54+00:00\" \/>\n<meta property=\"og:image\" content=\"https:\/\/qubitacademy.com\/wp-content\/uploads\/2021\/01\/Martin_Fabry_circle.jpg\" \/>\n<meta name=\"twitter:card\" content=\"summary_large_image\" \/>\n<meta name=\"twitter:label1\" content=\"Predpokladan\u00fd \u010das \u010d\u00edtania\" \/>\n\t<meta name=\"twitter:data1\" content=\"3 min\u00faty\" \/>\n<script type=\"application\/ld+json\" class=\"yoast-schema-graph\">{\"@context\":\"https:\/\/schema.org\",\"@graph\":[{\"@type\":\"WebPage\",\"@id\":\"https:\/\/qubitacademy.com\/sk\/scada\/\",\"url\":\"https:\/\/qubitacademy.com\/sk\/scada\/\",\"name\":\"Monitorovanie hrozieb v SCADA ICS - Qubit Academy\",\"isPartOf\":{\"@id\":\"https:\/\/qubitacademy.com\/sk\/#website\"},\"datePublished\":\"2019-06-12T08:46:31+00:00\",\"dateModified\":\"2021-01-15T12:01:54+00:00\",\"breadcrumb\":{\"@id\":\"https:\/\/qubitacademy.com\/sk\/scada\/#breadcrumb\"},\"inLanguage\":\"sk-SK\",\"potentialAction\":[{\"@type\":\"ReadAction\",\"target\":[\"https:\/\/qubitacademy.com\/sk\/scada\/\"]}]},{\"@type\":\"BreadcrumbList\",\"@id\":\"https:\/\/qubitacademy.com\/sk\/scada\/#breadcrumb\",\"itemListElement\":[{\"@type\":\"ListItem\",\"position\":1,\"name\":\"Home\",\"item\":\"https:\/\/qubitacademy.com\/sk\/\"},{\"@type\":\"ListItem\",\"position\":2,\"name\":\"Monitorovanie hrozieb v SCADA ICS\"}]},{\"@type\":\"WebSite\",\"@id\":\"https:\/\/qubitacademy.com\/sk\/#website\",\"url\":\"https:\/\/qubitacademy.com\/sk\/\",\"name\":\"Qubit Academy\",\"description\":\"Vzdel\u00e1vanie v oblasti informa\u010dnej a kybernetickej bezpe\u010dnosti\",\"potentialAction\":[{\"@type\":\"SearchAction\",\"target\":{\"@type\":\"EntryPoint\",\"urlTemplate\":\"https:\/\/qubitacademy.com\/sk\/?s={search_term_string}\"},\"query-input\":\"required name=search_term_string\"}],\"inLanguage\":\"sk-SK\"}]}<\/script>\n<!-- \/ Yoast SEO plugin. -->","yoast_head_json":{"title":"Monitorovanie hrozieb v SCADA ICS - Qubit Academy","robots":{"index":"index","follow":"follow","max-snippet":"max-snippet:-1","max-image-preview":"max-image-preview:large","max-video-preview":"max-video-preview:-1"},"canonical":"https:\/\/qubitacademy.com\/sk\/scada\/","og_locale":"sk_SK","og_type":"article","og_title":"Monitorovanie hrozieb v SCADA ICS - Qubit Academy","og_description":"Monitorovanie hrozieb v SCADA ICS Technick\u00fd workshop zameran\u00fd na v\u00fdzvy kritickej infra\u0161trukt\u00fary SCADA ICS. \u00davod do problematiky ICS bezpe\u010dnosti (ICS, DCS, MES, QCS, BMS, BAS) SCADA ICS zn\u00e1me aj ako &hellip;","og_url":"https:\/\/qubitacademy.com\/sk\/scada\/","og_site_name":"Qubit Academy","article_modified_time":"2021-01-15T12:01:54+00:00","og_image":[{"url":"https:\/\/qubitacademy.com\/wp-content\/uploads\/2021\/01\/Martin_Fabry_circle.jpg"}],"twitter_card":"summary_large_image","twitter_misc":{"Predpokladan\u00fd \u010das \u010d\u00edtania":"3 min\u00faty"},"schema":{"@context":"https:\/\/schema.org","@graph":[{"@type":"WebPage","@id":"https:\/\/qubitacademy.com\/sk\/scada\/","url":"https:\/\/qubitacademy.com\/sk\/scada\/","name":"Monitorovanie hrozieb v SCADA ICS - Qubit Academy","isPartOf":{"@id":"https:\/\/qubitacademy.com\/sk\/#website"},"datePublished":"2019-06-12T08:46:31+00:00","dateModified":"2021-01-15T12:01:54+00:00","breadcrumb":{"@id":"https:\/\/qubitacademy.com\/sk\/scada\/#breadcrumb"},"inLanguage":"sk-SK","potentialAction":[{"@type":"ReadAction","target":["https:\/\/qubitacademy.com\/sk\/scada\/"]}]},{"@type":"BreadcrumbList","@id":"https:\/\/qubitacademy.com\/sk\/scada\/#breadcrumb","itemListElement":[{"@type":"ListItem","position":1,"name":"Home","item":"https:\/\/qubitacademy.com\/sk\/"},{"@type":"ListItem","position":2,"name":"Monitorovanie hrozieb v SCADA ICS"}]},{"@type":"WebSite","@id":"https:\/\/qubitacademy.com\/sk\/#website","url":"https:\/\/qubitacademy.com\/sk\/","name":"Qubit Academy","description":"Vzdel\u00e1vanie v oblasti informa\u010dnej a kybernetickej bezpe\u010dnosti","potentialAction":[{"@type":"SearchAction","target":{"@type":"EntryPoint","urlTemplate":"https:\/\/qubitacademy.com\/sk\/?s={search_term_string}"},"query-input":"required name=search_term_string"}],"inLanguage":"sk-SK"}]}},"_links":{"self":[{"href":"https:\/\/qubitacademy.com\/sk\/wp-json\/wp\/v2\/pages\/3319"}],"collection":[{"href":"https:\/\/qubitacademy.com\/sk\/wp-json\/wp\/v2\/pages"}],"about":[{"href":"https:\/\/qubitacademy.com\/sk\/wp-json\/wp\/v2\/types\/page"}],"author":[{"embeddable":true,"href":"https:\/\/qubitacademy.com\/sk\/wp-json\/wp\/v2\/users\/4"}],"replies":[{"embeddable":true,"href":"https:\/\/qubitacademy.com\/sk\/wp-json\/wp\/v2\/comments?post=3319"}],"version-history":[{"count":43,"href":"https:\/\/qubitacademy.com\/sk\/wp-json\/wp\/v2\/pages\/3319\/revisions"}],"predecessor-version":[{"id":13550,"href":"https:\/\/qubitacademy.com\/sk\/wp-json\/wp\/v2\/pages\/3319\/revisions\/13550"}],"wp:attachment":[{"href":"https:\/\/qubitacademy.com\/sk\/wp-json\/wp\/v2\/media?parent=3319"}],"curies":[{"name":"wp","href":"https:\/\/api.w.org\/{rel}","templated":true}]}}