{"id":3518,"date":"2019-07-02T10:12:06","date_gmt":"2019-07-02T10:12:06","guid":{"rendered":"https:\/\/qubitacademy.com\/?page_id=3518"},"modified":"2021-01-12T12:57:14","modified_gmt":"2021-01-12T12:57:14","slug":"about-qubit-academy","status":"publish","type":"page","link":"https:\/\/qubitacademy.com\/sk\/about-qubit-academy\/","title":{"rendered":"O QuBit Academy"},"content":{"rendered":"<h1>O QuBit Academy<\/h1>\n<p>QuBit Academy poskytuje vzdel\u00e1vanie prim\u00e1rne v oblasti informa\u010dnej a kybernetickej bezpe\u010dnosti. Tr\u00e9ningy a workshopy s\u00fa praktick\u00e9ho charakteru a po\u010det \u00fa\u010dastn\u00edkov je limitovan\u00fd na mal\u00e9 skupiny, aby mal ka\u017ed\u00fd mo\u017enos\u0165 sa akt\u00edvne zapoji\u0165 a komunikova\u0165 so \u0161kolite\u013eom.Na\u0161ou v\u00edziou je pom\u00f4c\u0165 v\u00e1m roz\u0161\u00edri\u0165 svoje odborn\u00e9 znalosti a zru\u010dnosti \u00fa\u010das\u0165ou na praktick\u00fdch kurzoch.<\/p>\n<p><span><img alt=\"\" title=\"Qubit_Academy_workshop_3\" data-id=\"13386\" src=\"https:\/\/qubitacademy.com\/wp-content\/uploads\/2021\/01\/Qubit_Academy_workshop_3.jpg\" width=\"428\" height=\"285\" data-width=\"428\" data-height=\"285\" data-init-width=\"400\" data-init-height=\"267\" loading=\"lazy\"><\/span><span style=\"font-size: 14px; line-height: 21px; margin-top: 0px; padding-top: 0px; padding-left: 0px; margin-left: 0px; padding-right: 0px; margin-right: 0px; text-align: start;\"><\/span><span style=\"font-size: 14px; line-height: 21px; margin-top: 0px; padding-top: 0px; padding-left: 0px; margin-left: 0px; padding-right: 0px; margin-right: 0px; text-align: start;\"><\/span><\/p>\n<h2>\u010co poskytujeme<\/h2>\n<p>Od roku 2016 QuBit Academy pon\u00faka vzdel\u00e1vanie pre mana\u017e\u00e9rov a expertov so zameran\u00edm na<strong>&nbsp;forenzn\u00fa anal\u00fdzu, malware anal\u00fdzu, ochranu d\u00e1t a GDPR, APT<\/strong> a mnoh\u00e9 \u010fal\u0161ie, ktor\u00e9 tvoria <strong>z\u00e1klad kybernetickej bezpe\u010dnosti<\/strong>.<\/p>\n<p><span><img alt=\"\" data-id=\"13376\" width=\"79\" data-init-width=\"79\" height=\"77\" data-init-height=\"77\" title=\"Qubit_Academy_prakticke_skolenia\" loading=\"lazy\" src=\"https:\/\/qubitacademy.com\/wp-content\/uploads\/2021\/01\/Qubit_Academy_prakticke_skolenia.png\" data-width=\"79\" data-height=\"77\"><\/span><\/p>\n<p style=\"text-align: center;\">Praktick\u00e9 \u0161kolenia<\/p>\n<p><span><img alt=\"\" data-id=\"13374\" width=\"60\" data-init-width=\"59\" height=\"75\" data-init-height=\"74\" title=\"Qubit_Academy_male_skupiny\" loading=\"lazy\" src=\"https:\/\/qubitacademy.com\/wp-content\/uploads\/2021\/01\/Qubit_Academy_male_skupiny.png\" data-width=\"60\" data-height=\"75\"><\/span><\/p>\n<p style=\"text-align: center;\">Mal\u00e9 skupiny<\/p>\n<p><span><img alt=\"\" data-id=\"13378\" width=\"60\" data-init-width=\"57\" height=\"81\" data-init-height=\"77\" title=\"Qubit_Academy_skuseni_skolitelia\" loading=\"lazy\" src=\"https:\/\/qubitacademy.com\/wp-content\/uploads\/2021\/01\/Qubit_Academy_skuseni_skolitelia.png\" data-width=\"60\" data-height=\"81\"><\/span><\/p>\n<p style=\"text-align: center;\">Sk\u00fasen\u00ed \u0161kolitelia<\/p>\n<p><span><img alt=\"\" data-id=\"13372\" width=\"88\" data-init-width=\"88\" height=\"61\" data-init-height=\"61\" title=\"Qubit_Academy_aktivna_diskusia\" loading=\"lazy\" src=\"https:\/\/qubitacademy.com\/wp-content\/uploads\/2021\/01\/Qubit_Academy_aktivna_diskusia.png\" data-width=\"88\" data-height=\"61\"><\/span><\/p>\n<p style=\"text-align: center;\">Akt\u00edvna diskusia so \u0161kolite\u013eom<\/p>\n","protected":false},"excerpt":{"rendered":"<p>O QuBit Academy QuBit Academy poskytuje vzdel\u00e1vanie prim\u00e1rne v oblasti informa\u010dnej a kybernetickej bezpe\u010dnosti. Tr\u00e9ningy a workshopy s\u00fa praktick\u00e9ho charakteru a po\u010det \u00fa\u010dastn\u00edkov je limitovan\u00fd na mal\u00e9 skupiny, aby mal &hellip; <\/p>\n","protected":false},"author":4,"featured_media":0,"parent":0,"menu_order":0,"comment_status":"closed","ping_status":"closed","template":"","meta":[],"yoast_head":"<!-- This site is optimized with the Yoast SEO plugin v20.6 - https:\/\/yoast.com\/wordpress\/plugins\/seo\/ -->\n<title>O QuBit Academy - Qubit Academy<\/title>\n<meta name=\"robots\" content=\"index, follow, max-snippet:-1, max-image-preview:large, max-video-preview:-1\" \/>\n<link rel=\"canonical\" href=\"https:\/\/qubitacademy.com\/sk\/about-qubit-academy\/\" \/>\n<meta property=\"og:locale\" content=\"sk_SK\" \/>\n<meta property=\"og:type\" content=\"article\" \/>\n<meta property=\"og:title\" content=\"O QuBit Academy - Qubit Academy\" \/>\n<meta property=\"og:description\" content=\"O QuBit Academy QuBit Academy poskytuje vzdel\u00e1vanie prim\u00e1rne v oblasti informa\u010dnej a kybernetickej bezpe\u010dnosti. Tr\u00e9ningy a workshopy s\u00fa praktick\u00e9ho charakteru a po\u010det \u00fa\u010dastn\u00edkov je limitovan\u00fd na mal\u00e9 skupiny, aby mal &hellip;\" \/>\n<meta property=\"og:url\" content=\"https:\/\/qubitacademy.com\/sk\/about-qubit-academy\/\" \/>\n<meta property=\"og:site_name\" content=\"Qubit Academy\" \/>\n<meta property=\"article:modified_time\" content=\"2021-01-12T12:57:14+00:00\" \/>\n<meta property=\"og:image\" content=\"https:\/\/qubitacademy.com\/wp-content\/uploads\/2021\/01\/Qubit_Academy_workshop_3.jpg\" \/>\n<meta name=\"twitter:card\" content=\"summary_large_image\" \/>\n<meta name=\"twitter:label1\" content=\"Predpokladan\u00fd \u010das \u010d\u00edtania\" \/>\n\t<meta name=\"twitter:data1\" content=\"1 min\u00fata\" \/>\n<script type=\"application\/ld+json\" class=\"yoast-schema-graph\">{\"@context\":\"https:\/\/schema.org\",\"@graph\":[{\"@type\":\"WebPage\",\"@id\":\"https:\/\/qubitacademy.com\/sk\/about-qubit-academy\/\",\"url\":\"https:\/\/qubitacademy.com\/sk\/about-qubit-academy\/\",\"name\":\"O QuBit Academy - Qubit Academy\",\"isPartOf\":{\"@id\":\"https:\/\/qubitacademy.com\/sk\/#website\"},\"datePublished\":\"2019-07-02T10:12:06+00:00\",\"dateModified\":\"2021-01-12T12:57:14+00:00\",\"breadcrumb\":{\"@id\":\"https:\/\/qubitacademy.com\/sk\/about-qubit-academy\/#breadcrumb\"},\"inLanguage\":\"sk-SK\",\"potentialAction\":[{\"@type\":\"ReadAction\",\"target\":[\"https:\/\/qubitacademy.com\/sk\/about-qubit-academy\/\"]}]},{\"@type\":\"BreadcrumbList\",\"@id\":\"https:\/\/qubitacademy.com\/sk\/about-qubit-academy\/#breadcrumb\",\"itemListElement\":[{\"@type\":\"ListItem\",\"position\":1,\"name\":\"Home\",\"item\":\"https:\/\/qubitacademy.com\/sk\/\"},{\"@type\":\"ListItem\",\"position\":2,\"name\":\"O QuBit Academy\"}]},{\"@type\":\"WebSite\",\"@id\":\"https:\/\/qubitacademy.com\/sk\/#website\",\"url\":\"https:\/\/qubitacademy.com\/sk\/\",\"name\":\"Qubit Academy\",\"description\":\"Vzdel\u00e1vanie v oblasti informa\u010dnej a kybernetickej bezpe\u010dnosti\",\"potentialAction\":[{\"@type\":\"SearchAction\",\"target\":{\"@type\":\"EntryPoint\",\"urlTemplate\":\"https:\/\/qubitacademy.com\/sk\/?s={search_term_string}\"},\"query-input\":\"required name=search_term_string\"}],\"inLanguage\":\"sk-SK\"}]}<\/script>\n<!-- \/ Yoast SEO plugin. -->","yoast_head_json":{"title":"O QuBit Academy - Qubit Academy","robots":{"index":"index","follow":"follow","max-snippet":"max-snippet:-1","max-image-preview":"max-image-preview:large","max-video-preview":"max-video-preview:-1"},"canonical":"https:\/\/qubitacademy.com\/sk\/about-qubit-academy\/","og_locale":"sk_SK","og_type":"article","og_title":"O QuBit Academy - Qubit Academy","og_description":"O QuBit Academy QuBit Academy poskytuje vzdel\u00e1vanie prim\u00e1rne v oblasti informa\u010dnej a kybernetickej bezpe\u010dnosti. Tr\u00e9ningy a workshopy s\u00fa praktick\u00e9ho charakteru a po\u010det \u00fa\u010dastn\u00edkov je limitovan\u00fd na mal\u00e9 skupiny, aby mal &hellip;","og_url":"https:\/\/qubitacademy.com\/sk\/about-qubit-academy\/","og_site_name":"Qubit Academy","article_modified_time":"2021-01-12T12:57:14+00:00","og_image":[{"url":"https:\/\/qubitacademy.com\/wp-content\/uploads\/2021\/01\/Qubit_Academy_workshop_3.jpg"}],"twitter_card":"summary_large_image","twitter_misc":{"Predpokladan\u00fd \u010das \u010d\u00edtania":"1 min\u00fata"},"schema":{"@context":"https:\/\/schema.org","@graph":[{"@type":"WebPage","@id":"https:\/\/qubitacademy.com\/sk\/about-qubit-academy\/","url":"https:\/\/qubitacademy.com\/sk\/about-qubit-academy\/","name":"O QuBit Academy - Qubit Academy","isPartOf":{"@id":"https:\/\/qubitacademy.com\/sk\/#website"},"datePublished":"2019-07-02T10:12:06+00:00","dateModified":"2021-01-12T12:57:14+00:00","breadcrumb":{"@id":"https:\/\/qubitacademy.com\/sk\/about-qubit-academy\/#breadcrumb"},"inLanguage":"sk-SK","potentialAction":[{"@type":"ReadAction","target":["https:\/\/qubitacademy.com\/sk\/about-qubit-academy\/"]}]},{"@type":"BreadcrumbList","@id":"https:\/\/qubitacademy.com\/sk\/about-qubit-academy\/#breadcrumb","itemListElement":[{"@type":"ListItem","position":1,"name":"Home","item":"https:\/\/qubitacademy.com\/sk\/"},{"@type":"ListItem","position":2,"name":"O QuBit Academy"}]},{"@type":"WebSite","@id":"https:\/\/qubitacademy.com\/sk\/#website","url":"https:\/\/qubitacademy.com\/sk\/","name":"Qubit Academy","description":"Vzdel\u00e1vanie v oblasti informa\u010dnej a kybernetickej bezpe\u010dnosti","potentialAction":[{"@type":"SearchAction","target":{"@type":"EntryPoint","urlTemplate":"https:\/\/qubitacademy.com\/sk\/?s={search_term_string}"},"query-input":"required name=search_term_string"}],"inLanguage":"sk-SK"}]}},"_links":{"self":[{"href":"https:\/\/qubitacademy.com\/sk\/wp-json\/wp\/v2\/pages\/3518"}],"collection":[{"href":"https:\/\/qubitacademy.com\/sk\/wp-json\/wp\/v2\/pages"}],"about":[{"href":"https:\/\/qubitacademy.com\/sk\/wp-json\/wp\/v2\/types\/page"}],"author":[{"embeddable":true,"href":"https:\/\/qubitacademy.com\/sk\/wp-json\/wp\/v2\/users\/4"}],"replies":[{"embeddable":true,"href":"https:\/\/qubitacademy.com\/sk\/wp-json\/wp\/v2\/comments?post=3518"}],"version-history":[{"count":24,"href":"https:\/\/qubitacademy.com\/sk\/wp-json\/wp\/v2\/pages\/3518\/revisions"}],"predecessor-version":[{"id":13394,"href":"https:\/\/qubitacademy.com\/sk\/wp-json\/wp\/v2\/pages\/3518\/revisions\/13394"}],"wp:attachment":[{"href":"https:\/\/qubitacademy.com\/sk\/wp-json\/wp\/v2\/media?parent=3518"}],"curies":[{"name":"wp","href":"https:\/\/api.w.org\/{rel}","templated":true}]}}