{"id":3693,"date":"2019-07-02T10:20:21","date_gmt":"2019-07-02T10:20:21","guid":{"rendered":"https:\/\/qubitacademy.com\/?page_id=3693"},"modified":"2020-10-21T10:06:23","modified_gmt":"2020-10-21T10:06:23","slug":"obchodne-podmienky","status":"publish","type":"page","link":"https:\/\/qubitacademy.com\/sk\/obchodne-podmienky\/","title":{"rendered":"V\u0161eobecn\u00e9 obchodn\u00e9 podmienky"},"content":{"rendered":"<h2>V\u0161eobecn\u00e9 obchodn\u00e9 podmienky<\/h2>\n<p>V\u0161eobecn\u00e9 obchodn\u00e9 podmienky medzi QuBit Security, s.r.o., so s\u00eddlom J. Koz\u00e1\u010deka 2, 96001 Zvolen, I\u010cO 477 175 05, \u010falej \u201eQuBit\u201c alebo \u201eorganiz\u00e1tor\u201c a objedn\u00e1vate\u013eom (\u00fa\u010dastn\u00edkom konferencie alebo \u0161kolenia)<\/p>\n<p>1. Z\u00e1ujemca o \u00fa\u010das\u0165 na konferencii alebo \u0161kolen\u00ed vyp\u013a\u0148a on-line registra\u010dn\u00fd formul\u00e1r, ktor\u00fd je z\u00e1rove\u0148 z\u00e1v\u00e4znou prihl\u00e1\u0161kou a&nbsp;st\u00e1va sa objedn\u00e1vate\u013eom. Registr\u00e1cia sa pova\u017euje za z\u00e1v\u00e4zn\u00fa objedn\u00e1vku.<\/p>\n<p>2. \u00dadaje z\u00edskan\u00e9 registr\u00e1ciou bud\u00fa v zmysle z\u00e1kona o ochrane osobn\u00fdch \u00fadajov \u010d. 18\/2018&nbsp;Z.z.&nbsp;pou\u017eit\u00e9 iba v r\u00e1mci obchodn\u00e9ho vz\u0165ahu medzi organiz\u00e1torom a objedn\u00e1vate\u013eom a nebud\u00fa poskytnut\u00e9 tretej osobe.<\/p>\n<p>3. Po obdr\u017ean\u00ed Z\u00e1v\u00e4znej prihl\u00e1\u0161ky vystav\u00ed organiz\u00e1tor z\u00e1lohov\u00fa fakt\u00faru (predfakt\u00faru), ktor\u00e1 bude odoslan\u00e1 na email zadan\u00fd v objedn\u00e1vke. Po uhraden\u00ed \u00fa\u010dastn\u00edckeho poplatku vystav\u00ed organiz\u00e1tor objedn\u00e1vate\u013eovi riadny da\u0148ov\u00fd doklad na prijat\u00fa platbu (fakt\u00faru).<\/p>\n<p>4. Organiz\u00e1tor si vyhradzuje pr\u00e1vo prihl\u00e1\u0161ku neprija\u0165 v pr\u00edpade preplnenia kapacity objedn\u00e1van\u00e9ho term\u00ednu, nekonania konferencie alebo \u0161kolenia. O&nbsp;tejto skuto\u010dnosti bude objedn\u00e1vate\u013ea n\u00e1sledne informova\u0165.<\/p>\n<p>5. V&nbsp;pr\u00edpade nedostato\u010dn\u00e9ho naplnenia konferencie alebo \u0161kolenia si organiz\u00e1tor vyhradzuje pr\u00e1vo ho zru\u0161i\u0165, o \u010dom bude objedn\u00e1vate\u013e v\u010das informovan\u00fd a&nbsp;zaplaten\u00e1 suma mu bude v&nbsp;plnej v\u00fd\u0161ke \u00fa\u010dastn\u00edckeho poplatku vr\u00e1ten\u00e1.<\/p>\n<p>6. Organiza\u010dn\u00e9 pokyny s miestom konania, d\u00e1tumom, \u010dasom, a s ostatn\u00fdmi potrebn\u00fdmi inform\u00e1ciami s\u00fa zasielan\u00e9 v\u0161etk\u00fdm prihl\u00e1sen\u00fdm objedn\u00e1vate\u013eom v\u010das pred uskuto\u010dnen\u00edm konferencie alebo \u0161kolenia.<\/p>\n<p>7. Pokia\u013e sa objedn\u00e1vate\u013e nem\u00f4\u017ee osobne zo z\u00e1va\u017en\u00fdch a vopred ozn\u00e1men\u00fdch d\u00f4vodov z\u00fa\u010dastni\u0165 konferencie alebo semin\u00e1ru, m\u00f4\u017ee posla\u0165 za seba n\u00e1hradn\u00edka, mus\u00ed v\u0161ak o tom informova\u0165 organiz\u00e1tora p\u00edsomnou (emailom na <a href=\"mailto:%20team@qubitacademy.com\" target=\"_blank\" rel=\"noopener noreferrer\">team@qubitacademy.com<\/a>) alebo telefonickou formou, najnesk\u00f4r 1 pracovn\u00fd de\u0148 pred za\u010diatkom konferencie alebo \u0161kolenia.<\/p>\n<p>8. \u00da\u010dastn\u00edcky poplatok zah\u0155\u0148a vstup na konferenciu alebo \u0161kolenie, organiza\u010dn\u00e9 zabezpe\u010denie, materi\u00e1lovo-technick\u00e9 zabezpe\u010denie, ob\u010derstvenie.<\/p>\n<p>9. Organiz\u00e1tor si vyhradzuje pr\u00e1vo meni\u0165 program.<\/p>\n<p>10. Uv\u00e1dzan\u00e9 ceny v prihl\u00e1\u0161ke a&nbsp;na webovom s\u00eddle s\u00fa bez DPH. DPH sa uplatn\u00ed pod\u013ea platn\u00fdch predpisov.<\/p>\n<p>11. Zru\u0161enie \u00fa\u010dasti je mo\u017en\u00e9 s n\u00e1rokom na vr\u00e1tenie platby najnesk\u00f4r do 30 dn\u00ed pred konferenciou alebo \u0161kolen\u00edm. Zru\u0161enie \u00fa\u010dasti v term\u00edne menej ako 30 dn\u00ed, zah\u0155\u0148a storno poplatok 50% zo zaregistrovanej ceny. Pri zru\u0161en\u00ed registr\u00e1cie 7 dn\u00ed pred term\u00ednom podujatia sa poplatok nevracia (je v\u0161ak mo\u017en\u00e9 posla\u0165 n\u00e1hradn\u00edka vi\u010f. bod 7). Registr\u00e1ciu je mo\u017en\u00e9 zru\u0161i\u0165 len p\u00edsomne, emailom na <a href=\"mailto:%20teamqubitacademy.com\" style=\"outline: none;\" target=\"_blank\" rel=\"noopener noreferrer\">team@qubitacademy.com<\/a>.<\/p>\n<p>12.&nbsp;<span data-contrast=\"none\" lang=\"SK-SK\">Spolo\u010dnos\u0165 QuBit nenesie zodpovednos\u0165 za zmeny alebo zru\u0161enie konferencie\/\u0161kolenia, ktor\u00e9 vypl\u00fdvaj\u00fa z okolnost\u00ed mimo na\u0161ej kontroly, ako s\u00fa vojna, \u0161trajk, nepokoje, kriminalita, stav n\u00fadze, nariadenia alebo z\u00e1kazy v oblasti verejn\u00e9ho zdravia, extr\u00e9mne poveternostn\u00e9 podmienky alebo vydanie novej regul\u00e1cie alebo smernice verejn\u00fdm org\u00e1nom<\/span><span data-contrast=\"none\" lang=\"SK-SK\">, ktor\u00e9<\/span><span data-contrast=\"none\" lang=\"SK-SK\">&nbsp;sp\u00f4sob\u00ed, \u017ee<\/span><span data-contrast=\"none\" lang=\"SK-SK\">&nbsp;vykon\u00e1vanie konferencie\/<\/span><span data-contrast=\"none\" lang=\"SK-SK\">\u0161kolenia bude nepou\u017eite\u013en\u00e9\/nepraktick\u00e9, nez\u00e1konn\u00e9 alebo nemo\u017en\u00e9 (okolnosti Vis Maior\/vy\u0161\u0161ia moc). Nenesieme zodpovednos\u0165 za pr\u00edpadn\u00e9 straty alebo \u0161kody v d\u00f4sledku zmeny, zru\u0161enia alebo prelo\u017eenia konferencie\/\u0161kolenia sp\u00f4soben\u00e9ho okolnos\u0165ami Vis Maior. V takom pr\u00edpade nemus\u00edme by\u0165 schopn\u00ed V\u00e1m vr\u00e1ti\u0165 registra\u010dn\u00fd poplatok (ak bol zaplaten\u00fd). V pr\u00edpade n\u00e1hradnej konferencie\/\u0161kolenia V\u00e1m m\u00f4\u017ee by\u0165 \u00fa\u010dtovan\u00fd dodato\u010dn\u00fd poplatok.<\/span><span data-ccp-props=\"{&quot;335559738&quot;:240}\">&nbsp;<\/span><\/p>\n<p>13. D\u00f4vodom reklam\u00e1cie nem\u00f4\u017ee by\u0165 nespokojnos\u0165 objedn\u00e1vate\u013ea s programom a organiz\u00e1ciou konferencie alebo \u0161kolenia, nenaplnenie o\u010dak\u00e1van\u00ed objedn\u00e1vate\u013ea s programom. Organiz\u00e1tor si vyhradzuje pr\u00e1vo na zmenu programu.<\/p>\n","protected":false},"excerpt":{"rendered":"<p>V\u0161eobecn\u00e9 obchodn\u00e9 podmienky V\u0161eobecn\u00e9 obchodn\u00e9 podmienky medzi QuBit Security, s.r.o., so s\u00eddlom J. Koz\u00e1\u010deka 2, 96001 Zvolen, I\u010cO 477 175 05, \u010falej \u201eQuBit\u201c alebo \u201eorganiz\u00e1tor\u201c a objedn\u00e1vate\u013eom (\u00fa\u010dastn\u00edkom konferencie alebo &hellip; <\/p>\n","protected":false},"author":4,"featured_media":0,"parent":0,"menu_order":0,"comment_status":"closed","ping_status":"closed","template":"","meta":[],"yoast_head":"<!-- This site is optimized with the Yoast SEO plugin v20.6 - https:\/\/yoast.com\/wordpress\/plugins\/seo\/ -->\n<title>V\u0161eobecn\u00e9 obchodn\u00e9 podmienky - Qubit Academy<\/title>\n<meta name=\"robots\" content=\"index, follow, max-snippet:-1, max-image-preview:large, max-video-preview:-1\" \/>\n<link rel=\"canonical\" href=\"https:\/\/qubitacademy.com\/sk\/obchodne-podmienky\/\" \/>\n<meta property=\"og:locale\" content=\"sk_SK\" \/>\n<meta property=\"og:type\" content=\"article\" \/>\n<meta property=\"og:title\" content=\"V\u0161eobecn\u00e9 obchodn\u00e9 podmienky - Qubit Academy\" \/>\n<meta property=\"og:description\" content=\"V\u0161eobecn\u00e9 obchodn\u00e9 podmienky V\u0161eobecn\u00e9 obchodn\u00e9 podmienky medzi QuBit Security, s.r.o., so s\u00eddlom J. Koz\u00e1\u010deka 2, 96001 Zvolen, I\u010cO 477 175 05, \u010falej \u201eQuBit\u201c alebo \u201eorganiz\u00e1tor\u201c a objedn\u00e1vate\u013eom (\u00fa\u010dastn\u00edkom konferencie alebo &hellip;\" \/>\n<meta property=\"og:url\" content=\"https:\/\/qubitacademy.com\/sk\/obchodne-podmienky\/\" \/>\n<meta property=\"og:site_name\" content=\"Qubit Academy\" \/>\n<meta property=\"article:modified_time\" content=\"2020-10-21T10:06:23+00:00\" \/>\n<meta name=\"twitter:card\" content=\"summary_large_image\" \/>\n<meta name=\"twitter:label1\" content=\"Predpokladan\u00fd \u010das \u010d\u00edtania\" \/>\n\t<meta name=\"twitter:data1\" content=\"3 min\u00faty\" \/>\n<script type=\"application\/ld+json\" class=\"yoast-schema-graph\">{\"@context\":\"https:\/\/schema.org\",\"@graph\":[{\"@type\":\"WebPage\",\"@id\":\"https:\/\/qubitacademy.com\/sk\/obchodne-podmienky\/\",\"url\":\"https:\/\/qubitacademy.com\/sk\/obchodne-podmienky\/\",\"name\":\"V\u0161eobecn\u00e9 obchodn\u00e9 podmienky - Qubit Academy\",\"isPartOf\":{\"@id\":\"https:\/\/qubitacademy.com\/sk\/#website\"},\"datePublished\":\"2019-07-02T10:20:21+00:00\",\"dateModified\":\"2020-10-21T10:06:23+00:00\",\"breadcrumb\":{\"@id\":\"https:\/\/qubitacademy.com\/sk\/obchodne-podmienky\/#breadcrumb\"},\"inLanguage\":\"sk-SK\",\"potentialAction\":[{\"@type\":\"ReadAction\",\"target\":[\"https:\/\/qubitacademy.com\/sk\/obchodne-podmienky\/\"]}]},{\"@type\":\"BreadcrumbList\",\"@id\":\"https:\/\/qubitacademy.com\/sk\/obchodne-podmienky\/#breadcrumb\",\"itemListElement\":[{\"@type\":\"ListItem\",\"position\":1,\"name\":\"Home\",\"item\":\"https:\/\/qubitacademy.com\/sk\/\"},{\"@type\":\"ListItem\",\"position\":2,\"name\":\"V\u0161eobecn\u00e9 obchodn\u00e9 podmienky\"}]},{\"@type\":\"WebSite\",\"@id\":\"https:\/\/qubitacademy.com\/sk\/#website\",\"url\":\"https:\/\/qubitacademy.com\/sk\/\",\"name\":\"Qubit Academy\",\"description\":\"Vzdel\u00e1vanie v oblasti informa\u010dnej a kybernetickej bezpe\u010dnosti\",\"potentialAction\":[{\"@type\":\"SearchAction\",\"target\":{\"@type\":\"EntryPoint\",\"urlTemplate\":\"https:\/\/qubitacademy.com\/sk\/?s={search_term_string}\"},\"query-input\":\"required name=search_term_string\"}],\"inLanguage\":\"sk-SK\"}]}<\/script>\n<!-- \/ Yoast SEO plugin. -->","yoast_head_json":{"title":"V\u0161eobecn\u00e9 obchodn\u00e9 podmienky - Qubit Academy","robots":{"index":"index","follow":"follow","max-snippet":"max-snippet:-1","max-image-preview":"max-image-preview:large","max-video-preview":"max-video-preview:-1"},"canonical":"https:\/\/qubitacademy.com\/sk\/obchodne-podmienky\/","og_locale":"sk_SK","og_type":"article","og_title":"V\u0161eobecn\u00e9 obchodn\u00e9 podmienky - Qubit Academy","og_description":"V\u0161eobecn\u00e9 obchodn\u00e9 podmienky V\u0161eobecn\u00e9 obchodn\u00e9 podmienky medzi QuBit Security, s.r.o., so s\u00eddlom J. Koz\u00e1\u010deka 2, 96001 Zvolen, I\u010cO 477 175 05, \u010falej \u201eQuBit\u201c alebo \u201eorganiz\u00e1tor\u201c a objedn\u00e1vate\u013eom (\u00fa\u010dastn\u00edkom konferencie alebo &hellip;","og_url":"https:\/\/qubitacademy.com\/sk\/obchodne-podmienky\/","og_site_name":"Qubit Academy","article_modified_time":"2020-10-21T10:06:23+00:00","twitter_card":"summary_large_image","twitter_misc":{"Predpokladan\u00fd \u010das \u010d\u00edtania":"3 min\u00faty"},"schema":{"@context":"https:\/\/schema.org","@graph":[{"@type":"WebPage","@id":"https:\/\/qubitacademy.com\/sk\/obchodne-podmienky\/","url":"https:\/\/qubitacademy.com\/sk\/obchodne-podmienky\/","name":"V\u0161eobecn\u00e9 obchodn\u00e9 podmienky - Qubit Academy","isPartOf":{"@id":"https:\/\/qubitacademy.com\/sk\/#website"},"datePublished":"2019-07-02T10:20:21+00:00","dateModified":"2020-10-21T10:06:23+00:00","breadcrumb":{"@id":"https:\/\/qubitacademy.com\/sk\/obchodne-podmienky\/#breadcrumb"},"inLanguage":"sk-SK","potentialAction":[{"@type":"ReadAction","target":["https:\/\/qubitacademy.com\/sk\/obchodne-podmienky\/"]}]},{"@type":"BreadcrumbList","@id":"https:\/\/qubitacademy.com\/sk\/obchodne-podmienky\/#breadcrumb","itemListElement":[{"@type":"ListItem","position":1,"name":"Home","item":"https:\/\/qubitacademy.com\/sk\/"},{"@type":"ListItem","position":2,"name":"V\u0161eobecn\u00e9 obchodn\u00e9 podmienky"}]},{"@type":"WebSite","@id":"https:\/\/qubitacademy.com\/sk\/#website","url":"https:\/\/qubitacademy.com\/sk\/","name":"Qubit Academy","description":"Vzdel\u00e1vanie v oblasti informa\u010dnej a kybernetickej bezpe\u010dnosti","potentialAction":[{"@type":"SearchAction","target":{"@type":"EntryPoint","urlTemplate":"https:\/\/qubitacademy.com\/sk\/?s={search_term_string}"},"query-input":"required name=search_term_string"}],"inLanguage":"sk-SK"}]}},"_links":{"self":[{"href":"https:\/\/qubitacademy.com\/sk\/wp-json\/wp\/v2\/pages\/3693"}],"collection":[{"href":"https:\/\/qubitacademy.com\/sk\/wp-json\/wp\/v2\/pages"}],"about":[{"href":"https:\/\/qubitacademy.com\/sk\/wp-json\/wp\/v2\/types\/page"}],"author":[{"embeddable":true,"href":"https:\/\/qubitacademy.com\/sk\/wp-json\/wp\/v2\/users\/4"}],"replies":[{"embeddable":true,"href":"https:\/\/qubitacademy.com\/sk\/wp-json\/wp\/v2\/comments?post=3693"}],"version-history":[{"count":11,"href":"https:\/\/qubitacademy.com\/sk\/wp-json\/wp\/v2\/pages\/3693\/revisions"}],"predecessor-version":[{"id":12656,"href":"https:\/\/qubitacademy.com\/sk\/wp-json\/wp\/v2\/pages\/3693\/revisions\/12656"}],"wp:attachment":[{"href":"https:\/\/qubitacademy.com\/sk\/wp-json\/wp\/v2\/media?parent=3693"}],"curies":[{"name":"wp","href":"https:\/\/api.w.org\/{rel}","templated":true}]}}