{"id":3704,"date":"2019-07-02T11:11:31","date_gmt":"2019-07-02T11:11:31","guid":{"rendered":"https:\/\/qubitacademy.com\/?page_id=3704"},"modified":"2023-07-11T15:18:45","modified_gmt":"2023-07-11T15:18:45","slug":"ponuka-kurzov","status":"publish","type":"page","link":"https:\/\/qubitacademy.com\/sk\/ponuka-kurzov\/","title":{"rendered":"Ponuka Kurzov"},"content":{"rendered":"<h1>\u010co poskytujeme<\/h1>\n<p>Pon\u00fakame vzdel\u00e1vanie pre mana\u017e\u00e9rov a expertov so zameran\u00edm na <strong>bezpe\u010dnos\u0165 mobiln\u00fdch aplik\u00e1cii<\/strong><strong>, bezpe\u010dnos\u0165 v cloude, ochranu d\u00e1t, malware anal\u00fdzy, GDPR, APT<\/strong> a mnoh\u00e9 \u010fal\u0161ie okruhy, ktor\u00e9 tvoria <strong>z\u00e1klad kybernetickej bezpe\u010dnosti<\/strong>.<\/p>\n<p><img loading=\"lazy\" title=\"Qubit_Academy_prakticke_skolenia\" src=\"https:\/\/qubitacademy.com\/wp-content\/uploads\/2021\/01\/Qubit_Academy_prakticke_skolenia.png\" alt=\"\" width=\"79\" height=\"77\" data-id=\"13376\" data-init-width=\"79\" data-init-height=\"77\" data-width=\"79\" data-height=\"77\" \/><\/p>\n<p>Praktick\u00e9 \u0161kolenia<\/p>\n<p><img loading=\"lazy\" title=\"Qubit_Academy_male_skupiny\" src=\"https:\/\/qubitacademy.com\/wp-content\/uploads\/2021\/01\/Qubit_Academy_male_skupiny.png\" alt=\"\" width=\"60\" height=\"75\" data-id=\"13374\" data-init-width=\"59\" data-init-height=\"74\" data-width=\"60\" data-height=\"75\" \/><\/p>\n<p>Mal\u00e9 skupiny<\/p>\n<p><img loading=\"lazy\" title=\"Qubit_Academy_skuseni_skolitelia\" src=\"https:\/\/qubitacademy.com\/wp-content\/uploads\/2021\/01\/Qubit_Academy_skuseni_skolitelia.png\" alt=\"\" width=\"60\" height=\"81\" data-id=\"13378\" data-init-width=\"57\" data-init-height=\"77\" data-width=\"60\" data-height=\"81\" \/><\/p>\n<p>Sk\u00fasen\u00ed \u0161kolitelia<\/p>\n<p><img loading=\"lazy\" title=\"Qubit_Academy_aktivna_diskusia\" src=\"https:\/\/qubitacademy.com\/wp-content\/uploads\/2021\/01\/Qubit_Academy_aktivna_diskusia.png\" alt=\"\" width=\"88\" height=\"61\" data-id=\"13372\" data-init-width=\"88\" data-init-height=\"61\" data-width=\"88\" data-height=\"61\" \/><\/p>\n<p>Akt\u00edvna diskusia<\/p>\n<h1>Ponuka kurzov<\/h1>\n<h3>GDPR Kurzy<\/h3>\n<ul>\n<li><a style=\"outline: none;\" href=\"https:\/\/qubitacademy.com\/dpo-bootcamp-1\/\">DPO Bootcamp<\/a><\/li>\n<li><a style=\"outline: none;\" href=\"https:\/\/qubitacademy.com\/sk\/gdpr-v-informacnej-bezpecnosti\/\">GDPR v Informa\u010dnej bezpe\u010dnosti<\/a><\/li>\n<li><a style=\"outline: none;\" href=\"https:\/\/qubitacademy.com\/marketing-gdpr\/\">Marketing vo svete GDPR<\/a><\/li>\n<li><a href=\"https:\/\/qubitacademy.com\/sk\/praca-z-domu\/\">Pr\u00e1ca z domu &#8222;v novom norm\u00e1le&#8220;<\/a><\/li>\n<\/ul>\n<p>\u0160kolenia v oblasti GDPR vieme prisp\u00f4sobi\u0165 potreb\u00e1m organiz\u00e1cie, pripravi\u0165 ho v online forme, in-house ale aj ako e-learningov\u00fd produkt pre celoplo\u0161n\u00e9 za\u0161kolenie zamestnancov.<\/p>\n<h3>InfoSec &amp; CyberSec<\/h3>\n<h4>Mana\u017e\u00e9rske \u0161kolenia<\/h4>\n<ul>\n<li><a style=\"outline: none;\" href=\"https:\/\/qubitacademy.com\/email-workshop\/\">Bezpe\u010dn\u00e1 elektronick\u00e1 komunik\u00e1cia<\/a><\/li>\n<li>Riadenie riz\u00edk v kybernetickej bezpe\u010dnosti<\/li>\n<li><a style=\"outline: none;\" href=\"https:\/\/qubitacademy.com\/inhouse-soc\/\">How to build and run in-house SOC (Security Operation Center)<\/a><\/li>\n<li><a style=\"outline: none;\" href=\"https:\/\/qubitacademy.com\/sk\/siem\/\">Security Information &amp; Event Management<\/a><\/li>\n<\/ul>\n<h4>Technick\u00e9 \u0161kolenia<\/h4>\n<ul>\n<li>Open source intelligence (OSINT)<\/li>\n<li>Targeted Threat Hunting<\/li>\n<li><a style=\"outline: none;\" href=\"https:\/\/qubitacademy.com\/sk\/soc-hands-on\/\">How to spot and defent against adversaries movement in your network<\/a><\/li>\n<li>Forensic analysis with Powershell<\/li>\n<li><a style=\"outline: none;\" href=\"https:\/\/qubitacademy.com\/sk\/your-android-has-been-hacked\/\">Reverzn\u00e9 in\u017einierstvo Android zariaden\u00ed<\/a><\/li>\n<li><a style=\"outline: none;\" href=\"https:\/\/qubitacademy.com\/scada-1\/\">Monitorovanie hrozieb v SCADA ICS<\/a><\/li>\n<\/ul>\n<p><strong>\u0160kolenia dostupn\u00e9 iba v anglickom jazyku<\/strong><\/p>\n<ul>\n<li><a style=\"outline: none;\" href=\"https:\/\/qubitacademy.com\/threat-investigation\/\">Threat Investigation<\/a><\/li>\n<li><a style=\"outline: none;\" href=\"https:\/\/qubitacademy.com\/aws-security-hub\/\">AWS Security Hub<\/a><\/li>\n<\/ul>\n<h5>M\u00e1te z\u00e1ujem o in\u00e9 \u0161kolenie z oblasti informa\u010dnej a kybernetickej bezpe\u010dnosti, ktor\u00e9 nem\u00e1me v zozname?<\/h5>\n<h5>M\u00e1te z\u00e1ujem \u0161koli\u0165 tr\u00e9ning\/workshop pre QuBit Academy?<\/h5>\n<p>Pros\u00edm registrujte sa ni\u017e\u0161ie, vyplnen\u00edm formul\u00e1ru.<\/p>\n<h5>V\u00fdhody pre \u0161kolite\u013eov<\/h5>\n<ul>\n<li>Sta\u0148te sa s\u00fa\u010das\u0165ou komunity kybernetickej bezpe\u010dnosti<\/li>\n<li>Kvalitn\u00e9 networkingov\u00e9 podujatia po\u010das\/po workshopoch<\/li>\n<li>Profesion\u00e1lne uznanie<\/li>\n<\/ul>\n","protected":false},"excerpt":{"rendered":"<p>\u010co poskytujeme Pon\u00fakame vzdel\u00e1vanie pre mana\u017e\u00e9rov a expertov so zameran\u00edm na bezpe\u010dnos\u0165 mobiln\u00fdch aplik\u00e1cii, bezpe\u010dnos\u0165 v cloude, ochranu d\u00e1t, malware anal\u00fdzy, GDPR, APT a mnoh\u00e9 \u010fal\u0161ie okruhy, ktor\u00e9 tvoria z\u00e1klad &hellip; <\/p>\n","protected":false},"author":4,"featured_media":0,"parent":0,"menu_order":0,"comment_status":"closed","ping_status":"closed","template":"","meta":[],"yoast_head":"<!-- This site is optimized with the Yoast SEO plugin v20.6 - https:\/\/yoast.com\/wordpress\/plugins\/seo\/ -->\n<title>Ponuka Kurzov - Qubit Academy<\/title>\n<meta name=\"robots\" content=\"index, follow, max-snippet:-1, max-image-preview:large, max-video-preview:-1\" \/>\n<link rel=\"canonical\" href=\"https:\/\/qubitacademy.com\/sk\/ponuka-kurzov\/\" \/>\n<meta property=\"og:locale\" content=\"sk_SK\" \/>\n<meta property=\"og:type\" content=\"article\" \/>\n<meta property=\"og:title\" content=\"Ponuka Kurzov - Qubit Academy\" \/>\n<meta property=\"og:description\" content=\"\u010co poskytujeme Pon\u00fakame vzdel\u00e1vanie pre mana\u017e\u00e9rov a expertov so zameran\u00edm na bezpe\u010dnos\u0165 mobiln\u00fdch aplik\u00e1cii, bezpe\u010dnos\u0165 v cloude, ochranu d\u00e1t, malware anal\u00fdzy, GDPR, APT a mnoh\u00e9 \u010fal\u0161ie okruhy, ktor\u00e9 tvoria z\u00e1klad &hellip;\" \/>\n<meta property=\"og:url\" content=\"https:\/\/qubitacademy.com\/sk\/ponuka-kurzov\/\" \/>\n<meta property=\"og:site_name\" content=\"Qubit Academy\" \/>\n<meta property=\"article:modified_time\" content=\"2023-07-11T15:18:45+00:00\" \/>\n<meta property=\"og:image\" content=\"https:\/\/qubitacademy.com\/wp-content\/uploads\/2021\/01\/Qubit_Academy_prakticke_skolenia.png\" \/>\n<meta name=\"twitter:card\" content=\"summary_large_image\" \/>\n<meta name=\"twitter:label1\" content=\"Predpokladan\u00fd \u010das \u010d\u00edtania\" \/>\n\t<meta name=\"twitter:data1\" content=\"2 min\u00faty\" \/>\n<script type=\"application\/ld+json\" class=\"yoast-schema-graph\">{\"@context\":\"https:\/\/schema.org\",\"@graph\":[{\"@type\":\"WebPage\",\"@id\":\"https:\/\/qubitacademy.com\/sk\/ponuka-kurzov\/\",\"url\":\"https:\/\/qubitacademy.com\/sk\/ponuka-kurzov\/\",\"name\":\"Ponuka Kurzov - Qubit Academy\",\"isPartOf\":{\"@id\":\"https:\/\/qubitacademy.com\/sk\/#website\"},\"datePublished\":\"2019-07-02T11:11:31+00:00\",\"dateModified\":\"2023-07-11T15:18:45+00:00\",\"breadcrumb\":{\"@id\":\"https:\/\/qubitacademy.com\/sk\/ponuka-kurzov\/#breadcrumb\"},\"inLanguage\":\"sk-SK\",\"potentialAction\":[{\"@type\":\"ReadAction\",\"target\":[\"https:\/\/qubitacademy.com\/sk\/ponuka-kurzov\/\"]}]},{\"@type\":\"BreadcrumbList\",\"@id\":\"https:\/\/qubitacademy.com\/sk\/ponuka-kurzov\/#breadcrumb\",\"itemListElement\":[{\"@type\":\"ListItem\",\"position\":1,\"name\":\"Home\",\"item\":\"https:\/\/qubitacademy.com\/sk\/\"},{\"@type\":\"ListItem\",\"position\":2,\"name\":\"Ponuka Kurzov\"}]},{\"@type\":\"WebSite\",\"@id\":\"https:\/\/qubitacademy.com\/sk\/#website\",\"url\":\"https:\/\/qubitacademy.com\/sk\/\",\"name\":\"Qubit Academy\",\"description\":\"Vzdel\u00e1vanie v oblasti informa\u010dnej a kybernetickej bezpe\u010dnosti\",\"potentialAction\":[{\"@type\":\"SearchAction\",\"target\":{\"@type\":\"EntryPoint\",\"urlTemplate\":\"https:\/\/qubitacademy.com\/sk\/?s={search_term_string}\"},\"query-input\":\"required name=search_term_string\"}],\"inLanguage\":\"sk-SK\"}]}<\/script>\n<!-- \/ Yoast SEO plugin. -->","yoast_head_json":{"title":"Ponuka Kurzov - Qubit Academy","robots":{"index":"index","follow":"follow","max-snippet":"max-snippet:-1","max-image-preview":"max-image-preview:large","max-video-preview":"max-video-preview:-1"},"canonical":"https:\/\/qubitacademy.com\/sk\/ponuka-kurzov\/","og_locale":"sk_SK","og_type":"article","og_title":"Ponuka Kurzov - Qubit Academy","og_description":"\u010co poskytujeme Pon\u00fakame vzdel\u00e1vanie pre mana\u017e\u00e9rov a expertov so zameran\u00edm na bezpe\u010dnos\u0165 mobiln\u00fdch aplik\u00e1cii, bezpe\u010dnos\u0165 v cloude, ochranu d\u00e1t, malware anal\u00fdzy, GDPR, APT a mnoh\u00e9 \u010fal\u0161ie okruhy, ktor\u00e9 tvoria z\u00e1klad &hellip;","og_url":"https:\/\/qubitacademy.com\/sk\/ponuka-kurzov\/","og_site_name":"Qubit Academy","article_modified_time":"2023-07-11T15:18:45+00:00","og_image":[{"url":"https:\/\/qubitacademy.com\/wp-content\/uploads\/2021\/01\/Qubit_Academy_prakticke_skolenia.png"}],"twitter_card":"summary_large_image","twitter_misc":{"Predpokladan\u00fd \u010das \u010d\u00edtania":"2 min\u00faty"},"schema":{"@context":"https:\/\/schema.org","@graph":[{"@type":"WebPage","@id":"https:\/\/qubitacademy.com\/sk\/ponuka-kurzov\/","url":"https:\/\/qubitacademy.com\/sk\/ponuka-kurzov\/","name":"Ponuka Kurzov - Qubit Academy","isPartOf":{"@id":"https:\/\/qubitacademy.com\/sk\/#website"},"datePublished":"2019-07-02T11:11:31+00:00","dateModified":"2023-07-11T15:18:45+00:00","breadcrumb":{"@id":"https:\/\/qubitacademy.com\/sk\/ponuka-kurzov\/#breadcrumb"},"inLanguage":"sk-SK","potentialAction":[{"@type":"ReadAction","target":["https:\/\/qubitacademy.com\/sk\/ponuka-kurzov\/"]}]},{"@type":"BreadcrumbList","@id":"https:\/\/qubitacademy.com\/sk\/ponuka-kurzov\/#breadcrumb","itemListElement":[{"@type":"ListItem","position":1,"name":"Home","item":"https:\/\/qubitacademy.com\/sk\/"},{"@type":"ListItem","position":2,"name":"Ponuka Kurzov"}]},{"@type":"WebSite","@id":"https:\/\/qubitacademy.com\/sk\/#website","url":"https:\/\/qubitacademy.com\/sk\/","name":"Qubit Academy","description":"Vzdel\u00e1vanie v oblasti informa\u010dnej a kybernetickej bezpe\u010dnosti","potentialAction":[{"@type":"SearchAction","target":{"@type":"EntryPoint","urlTemplate":"https:\/\/qubitacademy.com\/sk\/?s={search_term_string}"},"query-input":"required name=search_term_string"}],"inLanguage":"sk-SK"}]}},"_links":{"self":[{"href":"https:\/\/qubitacademy.com\/sk\/wp-json\/wp\/v2\/pages\/3704"}],"collection":[{"href":"https:\/\/qubitacademy.com\/sk\/wp-json\/wp\/v2\/pages"}],"about":[{"href":"https:\/\/qubitacademy.com\/sk\/wp-json\/wp\/v2\/types\/page"}],"author":[{"embeddable":true,"href":"https:\/\/qubitacademy.com\/sk\/wp-json\/wp\/v2\/users\/4"}],"replies":[{"embeddable":true,"href":"https:\/\/qubitacademy.com\/sk\/wp-json\/wp\/v2\/comments?post=3704"}],"version-history":[{"count":53,"href":"https:\/\/qubitacademy.com\/sk\/wp-json\/wp\/v2\/pages\/3704\/revisions"}],"predecessor-version":[{"id":39758,"href":"https:\/\/qubitacademy.com\/sk\/wp-json\/wp\/v2\/pages\/3704\/revisions\/39758"}],"wp:attachment":[{"href":"https:\/\/qubitacademy.com\/sk\/wp-json\/wp\/v2\/media?parent=3704"}],"curies":[{"name":"wp","href":"https:\/\/api.w.org\/{rel}","templated":true}]}}