{"id":4591,"date":"2019-08-05T09:23:03","date_gmt":"2019-08-05T09:23:03","guid":{"rendered":"https:\/\/qubitacademy.com\/?page_id=4591"},"modified":"2021-01-15T11:56:14","modified_gmt":"2021-01-15T11:56:14","slug":"dpo-bootcamp-1","status":"publish","type":"page","link":"https:\/\/qubitacademy.com\/sk\/dpo-bootcamp-1\/","title":{"rendered":"DPO Bootcamp"},"content":{"rendered":"<h2>DPO Bootcamp<\/h2>\n<p>Dvojd\u0148ov\u00fd praktick\u00fd workshop pre DPO<\/p>\n<h4>Tr\u00e9ner<\/h4>\n<p><span style=\"width: 100%;\"><img alt=\"\" width=\"205\" height=\"205\" title=\"Tatiana_Valentova_profil\" data-id=\"12170\" src=\"https:\/\/qubitacademy.com\/wp-content\/uploads\/2020\/08\/Tatiana_Valentova_profil.jpg\" style=\"\" data-width=\"205\" data-height=\"205\" data-init-width=\"250\" data-init-height=\"250\" loading=\"lazy\"><\/span><\/p>\n<h4>Tatiana Valentov\u00e1<\/h4>\n<p>&#8211; odborn\u00ed\u010dka na s\u00fakromie a osobn\u00e9 \u00fadaje | ALGGER<\/p>\n<p>Dva dni pln\u00e9 praktick\u00fdch uk\u00e1\u017eok a n\u00e1vrhov na rie\u0161enie probl\u00e9mov, s ktor\u00fdmi sa DPO (\u010di in\u00e9 osoby zodpovedn\u00e9 za ochranu osobn\u00fdch \u00fadajov) stret\u00e1vaj\u00fa.<\/p>\n<h4>Obsah workshopu<\/h4>\n<p>Udr\u017eate\u013enos\u0165 zaveden\u00fdch pravidiel na ochranu osobn\u00fdch \u00fadajov v spolo\u010dnosti prostredn\u00edctvom komunik\u00e1cie, vzdel\u00e1vania, monitorovania procesov a riadenia riz\u00edk<\/p>\n<ul>\n<li>\u010co v\u0161etko musi\u0301 DPO sledova\u0165 v r\u00e1mci legislat\u00edvy, rozhodovac\u00edch pr\u00e1vomoc\u00ed a usmernen\u00ed<\/li>\n<li>Ak\u00e1 je \u00faloha DPO? Ak\u00e9 s\u00fa skuto\u010dne jej povinnosti?<\/li>\n<li>Zodpovednos\u0165 DPO, nastavenie transparentn\u00fdch pravidiel pri plnen\u00ed \u00faloh.<\/li>\n<li>Postavenie spolo\u010dnosti (pr\u00e1vnickej osoby) pri poskytovan\u00ed slu\u017eieb DPO. Ako dobre nastavi\u0165 zmluvn\u00fd vz\u0165ah; zabezpe\u010denie s\u00faladu vz\u0165ahu z poh\u013eadu GDPR.<\/li>\n<\/ul>\n<p>\u0160pecifik\u00e1 pri sprac\u00favan\u00ed osobn\u00fdch \u00fadajov<\/p>\n<ul>\n<li>v oblasti person\u00e1lnej<\/li>\n<li>v oblasti marketingu<\/li>\n<\/ul>\n<h4>Komu je workshop ur\u010deny\u0301<\/h4>\n<ul>\n<li>Zodpovedn\u00fdm osob\u00e1m (DPO)<\/li>\n<li>Mana\u017e\u00e9rom zodpovedn\u00fdm za riadenie procesov pre zabezpe\u010denie s\u00faladu sprac\u00favania osobn\u00fdch \u00fadajov s GDPR<\/li>\n<li>Osob\u00e1m zodpovedn\u00fdm za n\u00e1vrh procesov, ich riadenie, mana\u017ement, posudzovanie<\/li>\n<li>Osob\u00e1m zodpovedn\u00fdm za mana\u017eovanie riz\u00edk, zodpovedn\u00fdm za schva\u013eovanie postupov a procesov a ich s\u00faladu s GDPR<\/li>\n<\/ul>\n<p><strong>Workshop nie je ur\u010den\u00fd pre za\u010diato\u010dn\u00edkov.<\/strong><\/p>\n<p><strong>Workshop bude prebieha\u0165 v slovenskom jazyku.<\/strong><\/p>\n<p><strong>Maxim\u00e1lny po\u010det \u00fa\u010dastn\u00edkov je 25.<\/strong><\/p>\n","protected":false},"excerpt":{"rendered":"<p>DPO Bootcamp Dvojd\u0148ov\u00fd praktick\u00fd workshop pre DPO Tr\u00e9ner Tatiana Valentov\u00e1 &#8211; odborn\u00ed\u010dka na s\u00fakromie a osobn\u00e9 \u00fadaje | ALGGER Dva dni pln\u00e9 praktick\u00fdch uk\u00e1\u017eok a n\u00e1vrhov na rie\u0161enie probl\u00e9mov, s &hellip; <\/p>\n","protected":false},"author":4,"featured_media":0,"parent":0,"menu_order":0,"comment_status":"closed","ping_status":"closed","template":"","meta":[],"yoast_head":"<!-- This site is optimized with the Yoast SEO plugin v20.6 - https:\/\/yoast.com\/wordpress\/plugins\/seo\/ -->\n<title>DPO Bootcamp - Qubit Academy<\/title>\n<meta name=\"robots\" content=\"index, follow, max-snippet:-1, max-image-preview:large, max-video-preview:-1\" \/>\n<link rel=\"canonical\" href=\"https:\/\/qubitacademy.com\/sk\/dpo-bootcamp-1\/\" \/>\n<meta property=\"og:locale\" content=\"sk_SK\" \/>\n<meta property=\"og:type\" content=\"article\" \/>\n<meta property=\"og:title\" content=\"DPO Bootcamp - Qubit Academy\" \/>\n<meta property=\"og:description\" content=\"DPO Bootcamp Dvojd\u0148ov\u00fd praktick\u00fd workshop pre DPO Tr\u00e9ner Tatiana Valentov\u00e1 &#8211; odborn\u00ed\u010dka na s\u00fakromie a osobn\u00e9 \u00fadaje | ALGGER Dva dni pln\u00e9 praktick\u00fdch uk\u00e1\u017eok a n\u00e1vrhov na rie\u0161enie probl\u00e9mov, s &hellip;\" \/>\n<meta property=\"og:url\" content=\"https:\/\/qubitacademy.com\/sk\/dpo-bootcamp-1\/\" \/>\n<meta property=\"og:site_name\" content=\"Qubit Academy\" \/>\n<meta property=\"article:modified_time\" content=\"2021-01-15T11:56:14+00:00\" \/>\n<meta property=\"og:image\" content=\"https:\/\/qubitacademy.com\/wp-content\/uploads\/2020\/08\/Tatiana_Valentova_profil.jpg\" \/>\n<meta name=\"twitter:card\" content=\"summary_large_image\" \/>\n<meta name=\"twitter:label1\" content=\"Predpokladan\u00fd \u010das \u010d\u00edtania\" \/>\n\t<meta name=\"twitter:data1\" content=\"1 min\u00fata\" \/>\n<script type=\"application\/ld+json\" class=\"yoast-schema-graph\">{\"@context\":\"https:\/\/schema.org\",\"@graph\":[{\"@type\":\"WebPage\",\"@id\":\"https:\/\/qubitacademy.com\/sk\/dpo-bootcamp-1\/\",\"url\":\"https:\/\/qubitacademy.com\/sk\/dpo-bootcamp-1\/\",\"name\":\"DPO Bootcamp - Qubit Academy\",\"isPartOf\":{\"@id\":\"https:\/\/qubitacademy.com\/sk\/#website\"},\"datePublished\":\"2019-08-05T09:23:03+00:00\",\"dateModified\":\"2021-01-15T11:56:14+00:00\",\"breadcrumb\":{\"@id\":\"https:\/\/qubitacademy.com\/sk\/dpo-bootcamp-1\/#breadcrumb\"},\"inLanguage\":\"sk-SK\",\"potentialAction\":[{\"@type\":\"ReadAction\",\"target\":[\"https:\/\/qubitacademy.com\/sk\/dpo-bootcamp-1\/\"]}]},{\"@type\":\"BreadcrumbList\",\"@id\":\"https:\/\/qubitacademy.com\/sk\/dpo-bootcamp-1\/#breadcrumb\",\"itemListElement\":[{\"@type\":\"ListItem\",\"position\":1,\"name\":\"Home\",\"item\":\"https:\/\/qubitacademy.com\/sk\/\"},{\"@type\":\"ListItem\",\"position\":2,\"name\":\"DPO Bootcamp\"}]},{\"@type\":\"WebSite\",\"@id\":\"https:\/\/qubitacademy.com\/sk\/#website\",\"url\":\"https:\/\/qubitacademy.com\/sk\/\",\"name\":\"Qubit Academy\",\"description\":\"Vzdel\u00e1vanie v oblasti informa\u010dnej a kybernetickej bezpe\u010dnosti\",\"potentialAction\":[{\"@type\":\"SearchAction\",\"target\":{\"@type\":\"EntryPoint\",\"urlTemplate\":\"https:\/\/qubitacademy.com\/sk\/?s={search_term_string}\"},\"query-input\":\"required name=search_term_string\"}],\"inLanguage\":\"sk-SK\"}]}<\/script>\n<!-- \/ Yoast SEO plugin. -->","yoast_head_json":{"title":"DPO Bootcamp - Qubit Academy","robots":{"index":"index","follow":"follow","max-snippet":"max-snippet:-1","max-image-preview":"max-image-preview:large","max-video-preview":"max-video-preview:-1"},"canonical":"https:\/\/qubitacademy.com\/sk\/dpo-bootcamp-1\/","og_locale":"sk_SK","og_type":"article","og_title":"DPO Bootcamp - Qubit Academy","og_description":"DPO Bootcamp Dvojd\u0148ov\u00fd praktick\u00fd workshop pre DPO Tr\u00e9ner Tatiana Valentov\u00e1 &#8211; odborn\u00ed\u010dka na s\u00fakromie a osobn\u00e9 \u00fadaje | ALGGER Dva dni pln\u00e9 praktick\u00fdch uk\u00e1\u017eok a n\u00e1vrhov na rie\u0161enie probl\u00e9mov, s &hellip;","og_url":"https:\/\/qubitacademy.com\/sk\/dpo-bootcamp-1\/","og_site_name":"Qubit Academy","article_modified_time":"2021-01-15T11:56:14+00:00","og_image":[{"url":"https:\/\/qubitacademy.com\/wp-content\/uploads\/2020\/08\/Tatiana_Valentova_profil.jpg"}],"twitter_card":"summary_large_image","twitter_misc":{"Predpokladan\u00fd \u010das \u010d\u00edtania":"1 min\u00fata"},"schema":{"@context":"https:\/\/schema.org","@graph":[{"@type":"WebPage","@id":"https:\/\/qubitacademy.com\/sk\/dpo-bootcamp-1\/","url":"https:\/\/qubitacademy.com\/sk\/dpo-bootcamp-1\/","name":"DPO Bootcamp - Qubit Academy","isPartOf":{"@id":"https:\/\/qubitacademy.com\/sk\/#website"},"datePublished":"2019-08-05T09:23:03+00:00","dateModified":"2021-01-15T11:56:14+00:00","breadcrumb":{"@id":"https:\/\/qubitacademy.com\/sk\/dpo-bootcamp-1\/#breadcrumb"},"inLanguage":"sk-SK","potentialAction":[{"@type":"ReadAction","target":["https:\/\/qubitacademy.com\/sk\/dpo-bootcamp-1\/"]}]},{"@type":"BreadcrumbList","@id":"https:\/\/qubitacademy.com\/sk\/dpo-bootcamp-1\/#breadcrumb","itemListElement":[{"@type":"ListItem","position":1,"name":"Home","item":"https:\/\/qubitacademy.com\/sk\/"},{"@type":"ListItem","position":2,"name":"DPO Bootcamp"}]},{"@type":"WebSite","@id":"https:\/\/qubitacademy.com\/sk\/#website","url":"https:\/\/qubitacademy.com\/sk\/","name":"Qubit Academy","description":"Vzdel\u00e1vanie v oblasti informa\u010dnej a kybernetickej bezpe\u010dnosti","potentialAction":[{"@type":"SearchAction","target":{"@type":"EntryPoint","urlTemplate":"https:\/\/qubitacademy.com\/sk\/?s={search_term_string}"},"query-input":"required name=search_term_string"}],"inLanguage":"sk-SK"}]}},"_links":{"self":[{"href":"https:\/\/qubitacademy.com\/sk\/wp-json\/wp\/v2\/pages\/4591"}],"collection":[{"href":"https:\/\/qubitacademy.com\/sk\/wp-json\/wp\/v2\/pages"}],"about":[{"href":"https:\/\/qubitacademy.com\/sk\/wp-json\/wp\/v2\/types\/page"}],"author":[{"embeddable":true,"href":"https:\/\/qubitacademy.com\/sk\/wp-json\/wp\/v2\/users\/4"}],"replies":[{"embeddable":true,"href":"https:\/\/qubitacademy.com\/sk\/wp-json\/wp\/v2\/comments?post=4591"}],"version-history":[{"count":19,"href":"https:\/\/qubitacademy.com\/sk\/wp-json\/wp\/v2\/pages\/4591\/revisions"}],"predecessor-version":[{"id":13543,"href":"https:\/\/qubitacademy.com\/sk\/wp-json\/wp\/v2\/pages\/4591\/revisions\/13543"}],"wp:attachment":[{"href":"https:\/\/qubitacademy.com\/sk\/wp-json\/wp\/v2\/media?parent=4591"}],"curies":[{"name":"wp","href":"https:\/\/api.w.org\/{rel}","templated":true}]}}