{"id":53,"date":"2017-09-08T11:10:51","date_gmt":"2017-09-08T11:10:51","guid":{"rendered":"http:\/\/academy2.undefined.sk\/?page_id=53"},"modified":"2022-12-20T15:51:10","modified_gmt":"2022-12-20T15:51:10","slug":"home","status":"publish","type":"page","link":"https:\/\/qubitacademy.com\/sk\/","title":{"rendered":"Qubit Academy"},"content":{"rendered":"<p><span><img alt=\"\" data-id=\"15581\" width=\"928\" data-init-width=\"1600\" height=\"232\" data-init-height=\"400\" title=\"banner1\" loading=\"lazy\" src=\"https:\/\/qubitacademy.com\/wp-content\/uploads\/2021\/10\/Banner_vzdelavanie_kyberneticka_bezpecnost_notebook.jpg\" data-width=\"928\" data-height=\"232\"><\/span><\/p>\n<h1 style=\"text-align: center;\">Z\u00e1znamy z workshopov<\/h1>\n<p><span style=\"width: 100%;\"><img alt=\"\" title=\"Targeted_Threat_Hunting_Training\" data-id=\"17754\" src=\"https:\/\/qubitacademy.com\/wp-content\/uploads\/2022\/04\/Targeted_Threat_Hunting_Training.jpg\" style=\"\" data-width=\"290\" data-height=\"217\" data-init-width=\"400\" data-init-height=\"300\" loading=\"lazy\" width=\"290\" height=\"217\"><\/span><\/p>\n<p style=\"text-align: left;\">Targeted Threat Hunting<\/p>\n<p style=\"\">Advanced<\/p>\n<p>Trainer: Ladislav BacoIncidents happen. The question is when. And maybe even better question is not when it will happen, but what if it has already happened. How we can detect the attack and verify our hypothesis? The answer is Threat Hunting.<span style=\"width: 100%;\"><img alt=\"\" title=\"bezpecnost_vo_firme_seminar\" data-id=\"15564\" src=\"https:\/\/qubitacademy.com\/wp-content\/uploads\/2021\/10\/bezpecnost_vo_firme_seminar.jpg\" style=\"\" data-width=\"290\" data-height=\"217\" data-init-width=\"400\" data-init-height=\"300\" loading=\"lazy\" width=\"290\" height=\"217\"><\/span><\/p>\n<p style=\"text-align: left;\">Bezpe\u010dnos\u0165 IT vo firme<\/p>\n<p style=\"\">Za\u010diato\u010dn\u00edk<\/p>\n<p>\u0160kolite\u013e: Pavol Dovi\u010dovi\u010dDvojdielny online semin\u00e1r o bezpe\u010dnosti IT vo firme, v ktorom V\u00e1m odborn\u00edk na informa\u010dn\u00fa a kybernetick\u00fa bezpe\u010dnos\u0165 \u013eudskou re\u010dou vysvetl\u00ed a porad\u00ed ako zabezpe\u010di\u0165 svoju firmu.<span style=\"width: 100%;\"><img alt=\"\" title=\"\" data-id=\"13343\" src=\"https:\/\/qubitacademy.com\/wp-content\/uploads\/2021\/01\/bezpecnost_informacii_seminar_hp.jpg\" style=\"\" data-width=\"290\" data-height=\"216\" data-init-width=\"400\" data-init-height=\"298\" loading=\"lazy\" width=\"290\" height=\"216\"><\/span><\/p>\n<p style=\"text-align: left;\">Bezpe\u010dnos\u0165 inform\u00e1ci\u00ed v online svete<\/p>\n<p style=\"\">Za\u010diato\u010dn\u00edk<\/p>\n<p>\u0160kolitelia: Pavol Dovi\u010dovi\u010d, Boris MutinaSemin\u00e1r, v ktorom V\u00e1m odborn\u00edci na informa\u010dn\u00fa a kybernetick\u00fa bezpe\u010dnos\u0165 \u013eudskou re\u010dou vysvetlia a poradia jednoduch\u00e9 tipy a triky ako zabezpe\u010di\u0165 svoju dom\u00e1cnos\u0165 vo\u010di be\u017en\u00fdm hackersk\u00fdm technik\u00e1m.&nbsp;<\/p>\n<h3 style=\"text-align: center;\">\u010co si z\u00e1kazn\u00edci najviac cenia na na\u0161ich \u0161koleniach<\/h3>\n<h3 style=\"text-align: center;\">Qubit Academy V\u00e1m poskytne praktick\u00e9 inform\u00e1cie k dosiahnutiu Va\u0161ich cie\u013eov<\/h3>\n<p>&#8222;Ve\u013ek\u00e1 spokojnos\u0165 z mojej strany. Absolvovala som \u0161kolenie po prv\u00fd raz a m\u00f4\u017eem poveda\u0165, \u017ee lep\u0161ie \u0161kolenie som neza\u017eila, \u010do sa t\u00fdka programu, pani \u0161kolite\u013eky, celkovej atmosf\u00e9ry&#8230; \u00da\u017easn\u00e9 \u010fakujem.&#8220;<\/p>\n<p><span style=\"font-style: normal;\">Jela Maru\u0161kinov\u00e1, Top privacy s.r.o.<\/span><\/p>\n<p>&#8222;V\u00fdborn\u00e9 t\u00e9my, predn\u00e1\u0161aj\u00faci na ve\u013emi vysokej odbornej \u00farovni, pr\u00edjemn\u00e1, priate\u013esk\u00e1 a \u013eudsk\u00e1 atmosf\u00e9ra. Ve\u013emi dobr\u00e1 organiz\u00e1cia, v\u00fdber lokality. Jedn\u00fdm slovom &#8211; skvel\u00e9.&#8220;&nbsp;<\/p>\n<p style=\"\">J\u00e1n Draho\u0161, TooNet, s. r. o<\/p>\n<p>&#8222;V\u00fdborne zvolen\u00e1 t\u00e9ma, ktor\u00e1 vyvolala ve\u013ea diskusi\u00ed.&#8220;<span style=\"font-style: normal;\">\u013dubo\u0161 Li\u0161ka, COREDATA<\/span><\/p>\n<p>&#8222;So \u0161kolen\u00edm a lektormi som ako v\u017edy spokojn\u00fd.. Len kv\u00f4li nim, organiz\u00e1torom a \u00fa\u010dastn\u00edkom sa z\u00fa\u010dast\u0148ujem pravidelne va\u0161ich \u0161kolen\u00ed.. \ud83d\ude09 Op\u00e4\u0165 sa v\u00e1m podarilo n\u00e1js\u0165 ubytovanie na \u00farovni v zauj\u00edmavej lokalite, v\u00fdborn\u00e9 konferen\u010dn\u00e9 priestory, chutilo aj jedlo a ob\u010derstvenie.&#8220;<\/p>\n<p style=\"\">Branislav Cig\u00e1nik, PRO inside, s.r.o.<\/p>\n<p data-pm-slice=\"1 1 []\" style=\"color: rgb(52, 52, 52) !important; --tcb-applied-color:  rgb(52, 52, 52)  !important;\"><em>&#8222;V\u017edy sa te\u0161\u00edm na \u0161kolenia DPO Bootcampu. Je to \u010das str\u00e1ven\u00fd s odborn\u00edkmi a \u00fa\u017easn\u00fdmi \u013eu\u010fmi s\u00fa\u010dasne. \u010eakujem.&#8220;<\/em><\/p>\n<p style=\"color: rgb(52, 52, 52) !important; --tcb-applied-color:  rgb(52, 52, 52)  !important;\">Jela Maru\u0161kinov\u00e1, Top privacy s.r.o.<\/p>\n<p style=\"\"><em>&#8222;V\u00fdber miesta workshopu, ako aj jeho organiz\u00e1ciu hodnot\u00edm ve\u013emi pozit\u00edvne. Celkov\u00fd dojem je ve\u013emi pozit\u00edvny. Inform\u00e1cie, ktor\u00e9 boli predn\u00e1\u0161aj\u00facou fundovane prezentovan\u00e9, boli z\u00e1rove\u0148 konfrontovan\u00e9 s aplika\u010dnou praxou jednotliv\u00fdch \u00fa\u010dastn\u00edkov workshopu, teda prebiehala aj vz\u00e1jomn\u00e1 v\u00fdmena inform\u00e1ci\u00ed medzi \u00fa\u010dastn\u00edkmi nie len mimo ofici\u00e1lneho programu, ale aj ako jeho s\u00fa\u010das\u0165.&#8220;<\/em><\/p>\n<p style=\"\">JUDr. Emil Semjan, PhD., PP Protect<\/p>\n<p data-pm-slice=\"1 1 []\" style=\"\"><em>&#8222;Dojem v\u00fdborn\u00fd, dobr\u00e1 vo\u013eba miesta z h\u013eadiska dostupnosti.&#8220;<\/em><\/p>\n<p style=\"\">Mgr. Maro\u0161 Ne\u0161\u0165\u00e1k, AKMN s.r.o.<\/p>\n<p><span><a href=\"https:\/\/qubitacademy.com\/ponuka-kurzov\/\"><img alt=\"\" data-id=\"13403\" width=\"930\" data-init-width=\"1000\" height=\"372\" data-init-height=\"400\" title=\"Academy_banner_co_ponukame\" loading=\"lazy\" src=\"https:\/\/qubitacademy.com\/wp-content\/uploads\/2021\/01\/Academy_banner_co_ponukame.png\" data-width=\"930\" data-height=\"372\" data-link-wrap=\"true\"><\/a><\/span>                    <\/p>\n<p style=\"text-align: center;\">Prihl\u00e1ste sa k odberu a bu\u010fte pravidelne informovan\u00ed o nov\u00fdch kurzoch, vzdel\u00e1vac\u00edch materi\u00e1loch a zauj\u00edmav\u00fdch \u010dl\u00e1nkoch!<\/p>\n\n\t<section id=\"yikes-mailchimp-container-1\" class=\"yikes-mailchimp-container yikes-mailchimp-container-1 \">\n\t\t\t\t<form id=\"newsletter-1\" class=\"yikes-easy-mc-form yikes-easy-mc-form-1  \" method=\"POST\" data-attr-form-id=\"1\">\n\n\t\t\t\t\t\t\t\t\t\t\t\t\t<label for=\"yikes-easy-mc-form-1-FNAME\"  class=\"FNAME-label yikes-mailchimp-field-required \">\n\n\t\t\t\t\t\t\t\t\t\t<!-- dictate label visibility -->\n\t\t\t\t\t\t\t\t\t\t\t\t\t\t\t\t\t\t\t\t\t<span class=\"FNAME-label\">\n\t\t\t\t\t\t\t\t\t\t\t\tKrstn\u00e9 meno\t\t\t\t\t\t\t\t\t\t\t<\/span>\n\t\t\t\t\t\t\t\t\t\t\n\t\t\t\t\t\t\t\t\t\t<!-- Description Above -->\n\t\t\t\t\t\t\t\t\t\t\n\t\t\t\t\t\t\t\t\t\t<input id=\"yikes-easy-mc-form-1-FNAME\"  name=\"FNAME\"  placeholder=\"\"  class=\"yikes-easy-mc-text \"  required=\"required\" type=\"text\"  value=\"\">\n\n\t\t\t\t\t\t\t\t\t\t<!-- Description Below -->\n\t\t\t\t\t\t\t\t\t\t\n\t\t\t\t\t\t\t\t\t<\/label>\n\t\t\t\t\t\t\t\t\t\t\t\t\t\t\t\t\t\t<label for=\"yikes-easy-mc-form-1-EMAIL\"  class=\"EMAIL-label yikes-mailchimp-field-required \">\n\n\t\t\t\t\t\t\t\t\t\t<!-- dictate label visibility -->\n\t\t\t\t\t\t\t\t\t\t\t\t\t\t\t\t\t\t\t\t\t<span class=\"EMAIL-label\">\n\t\t\t\t\t\t\t\t\t\t\t\tE-mail\t\t\t\t\t\t\t\t\t\t\t<\/span>\n\t\t\t\t\t\t\t\t\t\t\n\t\t\t\t\t\t\t\t\t\t<!-- Description Above -->\n\t\t\t\t\t\t\t\t\t\t\n\t\t\t\t\t\t\t\t\t\t<input id=\"yikes-easy-mc-form-1-EMAIL\"  name=\"EMAIL\"  placeholder=\"\"  class=\"yikes-easy-mc-email \"  required=\"required\" type=\"email\"  value=\"\">\n\n\t\t\t\t\t\t\t\t\t\t<!-- Description Below -->\n\t\t\t\t\t\t\t\t\t\t\n\t\t\t\t\t\t\t\t\t<\/label>\n\t\t\t\t\t\t\t\t\t\t\t\t\t\t\t\t\t\t<label for=\"yikes-easy-mc-form-1-MMERGE6\"  class=\"MMERGE6-label \">\n\n\t\t\t\t\t\t\t\t\t\t<!-- dictate label visibility -->\n\t\t\t\t\t\t\t\t\t\t\t\t\t\t\t\t\t\t\t\t\t<span class=\"MMERGE6-label\">\n\t\t\t\t\t\t\t\t\t\t\t\tKrajina\t\t\t\t\t\t\t\t\t\t\t<\/span>\n\t\t\t\t\t\t\t\t\t\t\n\t\t\t\t\t\t\t\t\t\t<!-- Description Above -->\n\t\t\t\t\t\t\t\t\t\t\n\t\t\t\t\t\t\t\t\t\t<input id=\"yikes-easy-mc-form-1-MMERGE6\"  name=\"MMERGE6\"  placeholder=\"\"  class=\"yikes-easy-mc-text \"   type=\"text\"  value=\"\">\n\n\t\t\t\t\t\t\t\t\t\t<!-- Description Below -->\n\t\t\t\t\t\t\t\t\t\t\n\t\t\t\t\t\t\t\t\t<\/label>\n\t\t\t\t\t\t\t\t\t\n\t\t\t\t<!-- Honeypot Trap -->\n\t\t\t\t<input type=\"hidden\" name=\"yikes-mailchimp-honeypot\" id=\"yikes-mailchimp-honeypot-1\" value=\"\">\n\n\t\t\t\t<!-- List ID -->\n\t\t\t\t<input type=\"hidden\" name=\"yikes-mailchimp-associated-list-id\" id=\"yikes-mailchimp-associated-list-id-1\" value=\"5455b7e986\">\n\n\t\t\t\t<!-- The form that is being submitted! Used to display error\/success messages above the correct form -->\n\t\t\t\t<input type=\"hidden\" name=\"yikes-mailchimp-submitted-form\" id=\"yikes-mailchimp-submitted-form-1\" value=\"1\">\n\n\t\t\t\t<!-- Submit Button -->\n\t\t\t\t<button type=\"submit\" class=\"yikes-easy-mc-submit-button yikes-easy-mc-submit-button-1 btn btn-primary \"> <span class=\"yikes-mailchimp-submit-button-span-text\">Prihl\u00e1si\u0165 sa<\/span><\/button>\t\t\t\t<!-- Nonce Security Check -->\n\t\t\t\t<input type=\"hidden\" id=\"yikes_easy_mc_new_subscriber_1\" name=\"yikes_easy_mc_new_subscriber\" value=\"6eb13a73b8\">\n\t\t\t\t<input type=\"hidden\" name=\"_wp_http_referer\" value=\"\/sk\/wp-json\/wp\/v2\/pages\/53\" \/>\n\t\t\t<\/form>\n\t\t\t<!-- Mailchimp Form generated by Easy Forms for Mailchimp v6.9.0 (https:\/\/wordpress.org\/plugins\/yikes-inc-easy-mailchimp-extender\/) -->\n\n\t\t\t<\/section>\n\t\n<h2 style=\"text-align: center;\">Na\u0161e \u0161kolEnia nav\u0161tevuj\u00fa<\/h2>\n<p><span style=\"width: 100%;\"><img alt=\"\" title=\"CLIA_logo_horizontal_resized\" data-id=\"11667\" src=\"https:\/\/qubitacademy.com\/wp-content\/uploads\/2020\/06\/CLIA_logo_horizontal_resized.jpg\" style=\"\" width=\"200\" height=\"87\" data-width=\"200\" data-height=\"87\" data-init-width=\"200\" data-init-height=\"87\" loading=\"lazy\"><\/span><span style=\"width: 100%;\"><img alt=\"\" title=\"EMM_logo_cierne_\" data-id=\"11654\" src=\"https:\/\/qubitacademy.com\/wp-content\/uploads\/2020\/06\/EMM_logo_cierne_.jpg\" style=\"\" width=\"150\" height=\"42\" data-width=\"150\" data-height=\"42\" data-init-width=\"1087\" data-init-height=\"301\" loading=\"lazy\"><\/span><span style=\"width: 100%;\"><img alt=\"\" title=\"Hyundai_logo_\" data-id=\"11655\" src=\"https:\/\/qubitacademy.com\/wp-content\/uploads\/2020\/06\/Hyundai_logo_.jpg\" style=\"\" width=\"200\" height=\"63\" data-width=\"200\" data-height=\"63\" data-init-width=\"509\" data-init-height=\"160\" loading=\"lazy\"><\/span><span style=\"width: 100%;\"><img alt=\"\" title=\"Isecure_logo_\" data-id=\"11656\" src=\"https:\/\/qubitacademy.com\/wp-content\/uploads\/2020\/06\/Isecure_logo_.jpg\" style=\"\" width=\"200\" height=\"67\" data-width=\"200\" data-height=\"67\" data-init-width=\"2109\" data-init-height=\"703\" loading=\"lazy\"><\/span><span style=\"width: 100%;\"><img alt=\"\" title=\"ProEnergy_logo_color_horizontal_\" data-id=\"11657\" src=\"https:\/\/qubitacademy.com\/wp-content\/uploads\/2020\/06\/ProEnergy_logo_color_horizontal_.jpg\" style=\"\" width=\"200\" height=\"46\" data-width=\"200\" data-height=\"46\" data-init-width=\"1602\" data-init-height=\"368\" loading=\"lazy\"><\/span><span style=\"width: 100%;\"><img alt=\"\" title=\"Proinside_logo_\" data-id=\"11658\" src=\"https:\/\/qubitacademy.com\/wp-content\/uploads\/2020\/06\/Proinside_logo_.jpg\" style=\"\" width=\"180\" height=\"33\" data-width=\"180\" data-height=\"33\" data-init-width=\"377\" data-init-height=\"70\" loading=\"lazy\"><\/span><span style=\"width: 100%;\"><img alt=\"\" title=\"Slovnaft_logo_color_\" data-id=\"11659\" src=\"https:\/\/qubitacademy.com\/wp-content\/uploads\/2020\/06\/Slovnaft_logo_color_.jpg\" style=\"\" width=\"180\" height=\"47\" data-width=\"180\" data-height=\"47\" data-init-width=\"304\" data-init-height=\"79\" loading=\"lazy\"><\/span><span style=\"width: 100%;\"><img alt=\"\" title=\"Toonet_logo_\" data-id=\"11660\" src=\"https:\/\/qubitacademy.com\/wp-content\/uploads\/2020\/06\/Toonet_logo_.jpg\" style=\"\" width=\"180\" height=\"67\" data-width=\"180\" data-height=\"67\" data-init-width=\"1024\" data-init-height=\"381\" loading=\"lazy\"><\/span><span style=\"width: 100%;\"><img alt=\"\" title=\"UPPVII_logo_\" data-id=\"11661\" src=\"https:\/\/qubitacademy.com\/wp-content\/uploads\/2020\/06\/UPPVII_logo_.jpg\" style=\"\" width=\"250\" height=\"58\" data-width=\"250\" data-height=\"58\" data-init-width=\"1900\" data-init-height=\"437\" loading=\"lazy\"><\/span><span style=\"width: 100%;\"><img alt=\"\" title=\"Volkswagen_logo_\" data-id=\"11662\" src=\"https:\/\/qubitacademy.com\/wp-content\/uploads\/2020\/06\/Volkswagen_logo_.jpg\" style=\"\" width=\"110\" height=\"131\" data-width=\"110\" data-height=\"131\" data-init-width=\"514\" data-init-height=\"612\" loading=\"lazy\"><\/span><\/p>\n<h2 style=\"text-align: center;\">Medi\u00e1lni Partneri<\/h2>\n<p><span><img alt=\"\" data-id=\"12128\" width=\"200\" data-init-width=\"200\" height=\"133\" data-init-height=\"133\" title=\"CBAP_logo\" loading=\"lazy\" src=\"https:\/\/qubitacademy.com\/wp-content\/uploads\/2020\/08\/CBAP_logo.png\" data-width=\"200\" data-height=\"133\"><\/span><span><img alt=\"\" data-id=\"12129\" width=\"200\" data-init-width=\"200\" height=\"67\" data-init-height=\"67\" title=\"robime.it_logo_orig\" loading=\"lazy\" src=\"https:\/\/qubitacademy.com\/wp-content\/uploads\/2020\/08\/robime.it_logo_orig.jpg\" data-width=\"200\" data-height=\"67\"><\/span><span><img alt=\"\" data-id=\"12779\" width=\"200\" data-init-width=\"200\" height=\"44\" data-init-height=\"44\" title=\"NEXTECH logo.cdr\" loading=\"lazy\" src=\"https:\/\/qubitacademy.com\/wp-content\/uploads\/2020\/11\/NEXTECH_logo.jpg\" data-width=\"200\" data-height=\"44\"><\/span><span><img alt=\"\" data-id=\"12127\" width=\"200\" data-init-width=\"200\" height=\"133\" data-init-height=\"133\" title=\"touchit_logo\" loading=\"lazy\" src=\"https:\/\/qubitacademy.com\/wp-content\/uploads\/2020\/08\/touchit_logo.png\" data-width=\"200\" data-height=\"133\"><\/span><\/p>\n<h3 style=\"text-align: center;\">Na eshope pou\u017e\u00edvame platobn\u00fa br\u00e1nu<\/h3>\n<p><span><img alt=\"\" data-id=\"15022\" width=\"200\" data-init-width=\"200\" height=\"57\" data-init-height=\"57\" title=\"Payout_logo\" loading=\"lazy\" src=\"https:\/\/qubitacademy.com\/wp-content\/uploads\/2021\/06\/Payout_logo.png\" data-width=\"200\" data-height=\"57\"><\/span><span><img alt=\"\" data-id=\"15034\" width=\"100\" data-init-width=\"140\" height=\"64\" data-init-height=\"89\" title=\"VISA\" loading=\"lazy\" src=\"https:\/\/qubitacademy.com\/wp-content\/uploads\/2021\/06\/VISA.jpg\" data-width=\"100\" data-height=\"64\"><\/span><span><img alt=\"\" data-id=\"15032\" width=\"100\" data-init-width=\"137\" height=\"63\" data-init-height=\"86\" title=\"VISA_Elektron\" loading=\"lazy\" src=\"https:\/\/qubitacademy.com\/wp-content\/uploads\/2021\/06\/VISA_Elektron.jpg\" data-width=\"100\" data-height=\"63\"><\/span><span><img alt=\"\" data-id=\"15030\" width=\"100\" data-init-width=\"136\" height=\"64\" data-init-height=\"87\" title=\"mastercard\" loading=\"lazy\" src=\"https:\/\/qubitacademy.com\/wp-content\/uploads\/2021\/06\/mastercard.jpg\" data-width=\"100\" data-height=\"64\"><\/span><span><img alt=\"\" data-id=\"15028\" width=\"100\" data-init-width=\"137\" height=\"62\" data-init-height=\"85\" title=\"maestro\" loading=\"lazy\" src=\"https:\/\/qubitacademy.com\/wp-content\/uploads\/2021\/06\/maestro.jpg\" data-width=\"100\" data-height=\"62\"><\/span><span><img alt=\"\" data-id=\"15026\" width=\"100\" data-init-width=\"134\" height=\"65\" data-init-height=\"87\" title=\"Discover_logo\" loading=\"lazy\" src=\"https:\/\/qubitacademy.com\/wp-content\/uploads\/2021\/06\/Discover_logo.jpg\" data-width=\"100\" data-height=\"65\"><\/span><span><img alt=\"\" data-id=\"15024\" width=\"100\" data-init-width=\"134\" height=\"57\" data-init-height=\"76\" title=\"Diners_Club_logo\" loading=\"lazy\" src=\"https:\/\/qubitacademy.com\/wp-content\/uploads\/2021\/06\/Diners_Club_logo.jpg\" data-width=\"100\" data-height=\"57\"><\/span><\/p>\n","protected":false},"excerpt":{"rendered":"<p>Z\u00e1znamy z workshopov Targeted Threat Hunting Advanced Trainer: Ladislav BacoIncidents happen. The question is when. And maybe even better question is not when it will happen, but what if it &hellip; <\/p>\n","protected":false},"author":1,"featured_media":0,"parent":0,"menu_order":0,"comment_status":"closed","ping_status":"closed","template":"page-templates\/homepage.php","meta":[],"yoast_head":"<!-- This site is optimized with the Yoast SEO plugin v20.6 - https:\/\/yoast.com\/wordpress\/plugins\/seo\/ -->\n<title>Qubit Academy - Vzdel\u00e1vanie v oblasti kybernetickej bezpe\u010dnosti<\/title>\n<meta name=\"description\" content=\"Praktick\u00e9 kurzy, \u0161kolenia a workshopy na mieru v oblasti informa\u010dnej a kybernetickej bezpe\u010dnosti. Kvalitn\u00ed lektori s dlhoro\u010dnou praxou, mal\u00e9 skupiny.\" \/>\n<meta name=\"robots\" content=\"index, follow, max-snippet:-1, max-image-preview:large, max-video-preview:-1\" \/>\n<link rel=\"canonical\" href=\"https:\/\/qubitacademy.com\/sk\/\" \/>\n<meta property=\"og:locale\" content=\"sk_SK\" \/>\n<meta property=\"og:type\" content=\"article\" \/>\n<meta property=\"og:title\" content=\"Qubit Academy - Vzdel\u00e1vanie v oblasti kybernetickej bezpe\u010dnosti\" \/>\n<meta property=\"og:description\" content=\"Praktick\u00e9 kurzy, \u0161kolenia a workshopy na mieru v oblasti informa\u010dnej a kybernetickej bezpe\u010dnosti. Kvalitn\u00ed lektori s dlhoro\u010dnou praxou, mal\u00e9 skupiny.\" \/>\n<meta property=\"og:url\" content=\"https:\/\/qubitacademy.com\/sk\/\" \/>\n<meta property=\"og:site_name\" content=\"Qubit Academy\" \/>\n<meta property=\"article:modified_time\" content=\"2022-12-20T15:51:10+00:00\" \/>\n<meta property=\"og:image\" content=\"https:\/\/qubitacademy.com\/wp-content\/uploads\/2021\/10\/Banner_vzdelavanie_kyberneticka_bezpecnost_notebook.jpg\" \/>\n<meta name=\"twitter:card\" content=\"summary_large_image\" \/>\n<meta name=\"twitter:label1\" content=\"Predpokladan\u00fd \u010das \u010d\u00edtania\" \/>\n\t<meta name=\"twitter:data1\" content=\"2 min\u00faty\" \/>\n<script type=\"application\/ld+json\" class=\"yoast-schema-graph\">{\"@context\":\"https:\/\/schema.org\",\"@graph\":[{\"@type\":\"WebPage\",\"@id\":\"https:\/\/qubitacademy.com\/sk\/\",\"url\":\"https:\/\/qubitacademy.com\/sk\/\",\"name\":\"Qubit Academy - Vzdel\u00e1vanie v oblasti kybernetickej bezpe\u010dnosti\",\"isPartOf\":{\"@id\":\"https:\/\/qubitacademy.com\/sk\/#website\"},\"datePublished\":\"2017-09-08T11:10:51+00:00\",\"dateModified\":\"2022-12-20T15:51:10+00:00\",\"description\":\"Praktick\u00e9 kurzy, \u0161kolenia a workshopy na mieru v oblasti informa\u010dnej a kybernetickej bezpe\u010dnosti. Kvalitn\u00ed lektori s dlhoro\u010dnou praxou, mal\u00e9 skupiny.\",\"breadcrumb\":{\"@id\":\"https:\/\/qubitacademy.com\/sk\/#breadcrumb\"},\"inLanguage\":\"sk-SK\",\"potentialAction\":[{\"@type\":\"ReadAction\",\"target\":[\"https:\/\/qubitacademy.com\/sk\/\"]}]},{\"@type\":\"BreadcrumbList\",\"@id\":\"https:\/\/qubitacademy.com\/sk\/#breadcrumb\",\"itemListElement\":[{\"@type\":\"ListItem\",\"position\":1,\"name\":\"Home\",\"item\":\"https:\/\/qubitacademy.com\/sk\/\"},{\"@type\":\"ListItem\",\"position\":2,\"name\":\"Qubit Academy\"}]},{\"@type\":\"WebSite\",\"@id\":\"https:\/\/qubitacademy.com\/sk\/#website\",\"url\":\"https:\/\/qubitacademy.com\/sk\/\",\"name\":\"Qubit Academy\",\"description\":\"Vzdel\u00e1vanie v oblasti informa\u010dnej a kybernetickej bezpe\u010dnosti\",\"potentialAction\":[{\"@type\":\"SearchAction\",\"target\":{\"@type\":\"EntryPoint\",\"urlTemplate\":\"https:\/\/qubitacademy.com\/sk\/?s={search_term_string}\"},\"query-input\":\"required name=search_term_string\"}],\"inLanguage\":\"sk-SK\"}]}<\/script>\n<!-- \/ Yoast SEO plugin. -->","yoast_head_json":{"title":"Qubit Academy - Vzdel\u00e1vanie v oblasti kybernetickej bezpe\u010dnosti","description":"Praktick\u00e9 kurzy, \u0161kolenia a workshopy na mieru v oblasti informa\u010dnej a kybernetickej bezpe\u010dnosti. Kvalitn\u00ed lektori s dlhoro\u010dnou praxou, mal\u00e9 skupiny.","robots":{"index":"index","follow":"follow","max-snippet":"max-snippet:-1","max-image-preview":"max-image-preview:large","max-video-preview":"max-video-preview:-1"},"canonical":"https:\/\/qubitacademy.com\/sk\/","og_locale":"sk_SK","og_type":"article","og_title":"Qubit Academy - Vzdel\u00e1vanie v oblasti kybernetickej bezpe\u010dnosti","og_description":"Praktick\u00e9 kurzy, \u0161kolenia a workshopy na mieru v oblasti informa\u010dnej a kybernetickej bezpe\u010dnosti. Kvalitn\u00ed lektori s dlhoro\u010dnou praxou, mal\u00e9 skupiny.","og_url":"https:\/\/qubitacademy.com\/sk\/","og_site_name":"Qubit Academy","article_modified_time":"2022-12-20T15:51:10+00:00","og_image":[{"url":"https:\/\/qubitacademy.com\/wp-content\/uploads\/2021\/10\/Banner_vzdelavanie_kyberneticka_bezpecnost_notebook.jpg"}],"twitter_card":"summary_large_image","twitter_misc":{"Predpokladan\u00fd \u010das \u010d\u00edtania":"2 min\u00faty"},"schema":{"@context":"https:\/\/schema.org","@graph":[{"@type":"WebPage","@id":"https:\/\/qubitacademy.com\/sk\/","url":"https:\/\/qubitacademy.com\/sk\/","name":"Qubit Academy - Vzdel\u00e1vanie v oblasti kybernetickej bezpe\u010dnosti","isPartOf":{"@id":"https:\/\/qubitacademy.com\/sk\/#website"},"datePublished":"2017-09-08T11:10:51+00:00","dateModified":"2022-12-20T15:51:10+00:00","description":"Praktick\u00e9 kurzy, \u0161kolenia a workshopy na mieru v oblasti informa\u010dnej a kybernetickej bezpe\u010dnosti. Kvalitn\u00ed lektori s dlhoro\u010dnou praxou, mal\u00e9 skupiny.","breadcrumb":{"@id":"https:\/\/qubitacademy.com\/sk\/#breadcrumb"},"inLanguage":"sk-SK","potentialAction":[{"@type":"ReadAction","target":["https:\/\/qubitacademy.com\/sk\/"]}]},{"@type":"BreadcrumbList","@id":"https:\/\/qubitacademy.com\/sk\/#breadcrumb","itemListElement":[{"@type":"ListItem","position":1,"name":"Home","item":"https:\/\/qubitacademy.com\/sk\/"},{"@type":"ListItem","position":2,"name":"Qubit Academy"}]},{"@type":"WebSite","@id":"https:\/\/qubitacademy.com\/sk\/#website","url":"https:\/\/qubitacademy.com\/sk\/","name":"Qubit Academy","description":"Vzdel\u00e1vanie v oblasti informa\u010dnej a kybernetickej bezpe\u010dnosti","potentialAction":[{"@type":"SearchAction","target":{"@type":"EntryPoint","urlTemplate":"https:\/\/qubitacademy.com\/sk\/?s={search_term_string}"},"query-input":"required name=search_term_string"}],"inLanguage":"sk-SK"}]}},"_links":{"self":[{"href":"https:\/\/qubitacademy.com\/sk\/wp-json\/wp\/v2\/pages\/53"}],"collection":[{"href":"https:\/\/qubitacademy.com\/sk\/wp-json\/wp\/v2\/pages"}],"about":[{"href":"https:\/\/qubitacademy.com\/sk\/wp-json\/wp\/v2\/types\/page"}],"author":[{"embeddable":true,"href":"https:\/\/qubitacademy.com\/sk\/wp-json\/wp\/v2\/users\/1"}],"replies":[{"embeddable":true,"href":"https:\/\/qubitacademy.com\/sk\/wp-json\/wp\/v2\/comments?post=53"}],"version-history":[{"count":426,"href":"https:\/\/qubitacademy.com\/sk\/wp-json\/wp\/v2\/pages\/53\/revisions"}],"predecessor-version":[{"id":36759,"href":"https:\/\/qubitacademy.com\/sk\/wp-json\/wp\/v2\/pages\/53\/revisions\/36759"}],"wp:attachment":[{"href":"https:\/\/qubitacademy.com\/sk\/wp-json\/wp\/v2\/media?parent=53"}],"curies":[{"name":"wp","href":"https:\/\/api.w.org\/{rel}","templated":true}]}}