{"id":13194,"date":"2020-12-22T12:45:30","date_gmt":"2020-12-22T12:45:30","guid":{"rendered":"https:\/\/qubitacademy.com\/?post_type=product&#038;p=13194"},"modified":"2021-02-12T10:28:23","modified_gmt":"2021-02-12T10:28:23","slug":"bezpecnost-informacii-v-online-svete","status":"publish","type":"product","link":"https:\/\/qubitacademy.com\/sk\/product\/bezpecnost-informacii-v-online-svete\/","title":{"rendered":"Bezpe\u010dnos\u0165 inform\u00e1ci\u00ed v online svete"},"content":{"rendered":"<div class=\"thrv_wrapper thrv_text_element\" data-css=\"tve-u-176704318da\">\n<h1 class=\"\" data-css=\"tve-u-17665de2404\">Bezpe\u010dnos\u0165 inform\u00e1ci\u00ed v online svete<\/h1>\n<\/div>\n<div class=\"thrv_wrapper thrv-styled_list\" data-icon-code=\"icon-check\" data-css=\"tve-u-17665c3b02e\">\n<ul class=\"tcb-styled-list\">\n<li class=\"thrv-styled-list-item\" data-css=\"tve-u-17651efa6ac\">\n<div class=\"tcb-styled-list-icon\">\n<div class=\"thrv_wrapper thrv_icon tve_no_drag tcb-no-delete tcb-no-clone tcb-no-save tcb-icon-inherit-style tcb-local-vars-root tcb-icon-display\" data-css=\"tve-u-17665bc2f65\">Pou\u017e\u00edvate pri pr\u00e1ci po\u010d\u00edta\u010d? Pracujete z domu?<\/div>\n<\/div>\n<\/li>\n<li class=\"thrv-styled-list-item\" data-css=\"tve-u-17651efa6ac\">\n<div class=\"tcb-styled-list-icon\">\n<div class=\"thrv_wrapper thrv_icon tve_no_drag tcb-no-delete tcb-no-clone tcb-no-save tcb-icon-inherit-style tcb-icon-display tcb-local-vars-root\" data-css=\"tve-u-17651eebae3\">Stretli ste sa u\u017e s phishingom?<\/div>\n<\/div>\n<\/li>\n<li class=\"thrv-styled-list-item\" data-css=\"tve-u-17651efa6ac\">\n<div class=\"tcb-styled-list-icon\">\n<div class=\"thrv_wrapper thrv_icon tve_no_drag tcb-no-delete tcb-no-clone tcb-no-save tcb-icon-inherit-style tcb-icon-display tcb-local-vars-root\" data-css=\"tve-u-17665bc2f6a\">Ako \u010dasto si men\u00edte heslo?<\/div>\n<\/div>\n<\/li>\n<li class=\"thrv-styled-list-item\" data-css=\"tve-u-17651efa6ac\">\n<div class=\"tcb-styled-list-icon\">\n<div class=\"thrv_wrapper thrv_icon tve_no_drag tcb-no-delete tcb-no-clone tcb-no-save tcb-icon-inherit-style tcb-icon-display tcb-local-vars-root\" data-css=\"tve-u-17651ef7056\">Viete ako bezpe\u010dne pracova\u0165 na dom\u00e1cej WiFi sieti? Nie?<\/div>\n<\/div>\n<\/li>\n<\/ul>\n<\/div>\n<div class=\"thrv_wrapper thrv_text_element\" data-css=\"tve-u-176666f3771\">\n<p><strong>Poz\u00fdvame V\u00e1s na online semin\u00e1r s odborn\u00edkmi na informa\u010dn\u00fa a kybernetick\u00fa bezpe\u010dnos\u0165. <a href=\"https:\/\/qubitacademy.com\/sk\/bezpecnost-informacii-v-online-svete\/\">Viac inform\u00e1ci\u00ed&#8230;<\/a><\/strong><\/p>\n<\/div>\n","protected":false},"excerpt":{"rendered":"<p>Online semin\u00e1r, v ktorom V\u00e1m odborn\u00edk na informa\u010dn\u00fa a kybernetick\u00fa bezpe\u010dnos\u0165 \u013eudskou re\u010dou vysvetl\u00ed a porad\u00ed jednoduch\u00e9 tipy a triky ako zabezpe\u010di\u0165 svoju dom\u00e1cnos\u0165 vo\u010di be\u017en\u00fdm hackersk\u00fdm technik\u00e1m. Nau\u010d\u00edme sa takzvanej kyberhygiene. <strong><a href=\"https:\/\/qubitacademy.com\/sk\/bezpecnost-informacii-v-online-svete\/\">Viac inform\u00e1ci\u00ed&#8230;<\/a><\/strong><\/p>\n","protected":false},"featured_media":13129,"template":"","meta":[],"yoast_head":"<!-- This site is optimized with the Yoast SEO plugin v20.6 - https:\/\/yoast.com\/wordpress\/plugins\/seo\/ -->\n<title>Bezpe\u010dnos\u0165 inform\u00e1ci\u00ed v online svete - Qubit Academy<\/title>\n<meta name=\"description\" content=\"Online semin\u00e1r - tipy a triky ako zabezpe\u010di\u0165 svoju dom\u00e1cnos\u0165 vo\u010di be\u017en\u00fdm hackersk\u00fdm technik\u00e1m. 10. Febru\u00e1r 2021\" \/>\n<meta name=\"robots\" content=\"index, follow, max-snippet:-1, max-image-preview:large, max-video-preview:-1\" \/>\n<link rel=\"canonical\" href=\"https:\/\/qubitacademy.com\/sk\/product\/bezpecnost-informacii-v-online-svete\/\" \/>\n<meta property=\"og:locale\" content=\"sk_SK\" \/>\n<meta property=\"og:type\" content=\"article\" \/>\n<meta property=\"og:title\" content=\"Bezpe\u010dnos\u0165 inform\u00e1ci\u00ed v online svete - Qubit Academy\" \/>\n<meta property=\"og:description\" content=\"Online semin\u00e1r - tipy a triky ako zabezpe\u010di\u0165 svoju dom\u00e1cnos\u0165 vo\u010di be\u017en\u00fdm hackersk\u00fdm technik\u00e1m. 10. Febru\u00e1r 2021\" \/>\n<meta property=\"og:url\" content=\"https:\/\/qubitacademy.com\/sk\/product\/bezpecnost-informacii-v-online-svete\/\" \/>\n<meta property=\"og:site_name\" content=\"Qubit Academy\" \/>\n<meta property=\"article:modified_time\" content=\"2021-02-12T10:28:23+00:00\" \/>\n<meta property=\"og:image\" content=\"https:\/\/qubitacademy.com\/wp-content\/uploads\/2020\/12\/bezpecnost_informacii_seminar_1.jpg\" \/>\n\t<meta property=\"og:image:width\" content=\"500\" \/>\n\t<meta property=\"og:image:height\" content=\"547\" \/>\n\t<meta property=\"og:image:type\" content=\"image\/jpeg\" \/>\n<meta name=\"twitter:card\" content=\"summary_large_image\" \/>\n<meta name=\"twitter:label1\" content=\"Predpokladan\u00fd \u010das \u010d\u00edtania\" \/>\n\t<meta name=\"twitter:data1\" content=\"1 min\u00fata\" \/>\n<script type=\"application\/ld+json\" class=\"yoast-schema-graph\">{\"@context\":\"https:\/\/schema.org\",\"@graph\":[{\"@type\":\"WebPage\",\"@id\":\"https:\/\/qubitacademy.com\/sk\/product\/bezpecnost-informacii-v-online-svete\/\",\"url\":\"https:\/\/qubitacademy.com\/sk\/product\/bezpecnost-informacii-v-online-svete\/\",\"name\":\"Bezpe\u010dnos\u0165 inform\u00e1ci\u00ed v online svete - Qubit Academy\",\"isPartOf\":{\"@id\":\"https:\/\/qubitacademy.com\/sk\/#website\"},\"datePublished\":\"2020-12-22T12:45:30+00:00\",\"dateModified\":\"2021-02-12T10:28:23+00:00\",\"description\":\"Online semin\u00e1r - tipy a triky ako zabezpe\u010di\u0165 svoju dom\u00e1cnos\u0165 vo\u010di be\u017en\u00fdm hackersk\u00fdm technik\u00e1m. 10. Febru\u00e1r 2021\",\"breadcrumb\":{\"@id\":\"https:\/\/qubitacademy.com\/sk\/product\/bezpecnost-informacii-v-online-svete\/#breadcrumb\"},\"inLanguage\":\"sk-SK\",\"potentialAction\":[{\"@type\":\"ReadAction\",\"target\":[\"https:\/\/qubitacademy.com\/sk\/product\/bezpecnost-informacii-v-online-svete\/\"]}]},{\"@type\":\"BreadcrumbList\",\"@id\":\"https:\/\/qubitacademy.com\/sk\/product\/bezpecnost-informacii-v-online-svete\/#breadcrumb\",\"itemListElement\":[{\"@type\":\"ListItem\",\"position\":1,\"name\":\"Home\",\"item\":\"https:\/\/qubitacademy.com\/sk\/\"},{\"@type\":\"ListItem\",\"position\":2,\"name\":\"Shop\",\"item\":\"https:\/\/qubitacademy.com\/sk\/shop\/\"},{\"@type\":\"ListItem\",\"position\":3,\"name\":\"Bezpe\u010dnos\u0165 inform\u00e1ci\u00ed v online svete\"}]},{\"@type\":\"WebSite\",\"@id\":\"https:\/\/qubitacademy.com\/sk\/#website\",\"url\":\"https:\/\/qubitacademy.com\/sk\/\",\"name\":\"Qubit Academy\",\"description\":\"Vzdel\u00e1vanie v oblasti informa\u010dnej a kybernetickej bezpe\u010dnosti\",\"potentialAction\":[{\"@type\":\"SearchAction\",\"target\":{\"@type\":\"EntryPoint\",\"urlTemplate\":\"https:\/\/qubitacademy.com\/sk\/?s={search_term_string}\"},\"query-input\":\"required name=search_term_string\"}],\"inLanguage\":\"sk-SK\"}]}<\/script>\n<!-- \/ Yoast SEO plugin. -->","yoast_head_json":{"title":"Bezpe\u010dnos\u0165 inform\u00e1ci\u00ed v online svete - Qubit Academy","description":"Online semin\u00e1r - tipy a triky ako zabezpe\u010di\u0165 svoju dom\u00e1cnos\u0165 vo\u010di be\u017en\u00fdm hackersk\u00fdm technik\u00e1m. 10. Febru\u00e1r 2021","robots":{"index":"index","follow":"follow","max-snippet":"max-snippet:-1","max-image-preview":"max-image-preview:large","max-video-preview":"max-video-preview:-1"},"canonical":"https:\/\/qubitacademy.com\/sk\/product\/bezpecnost-informacii-v-online-svete\/","og_locale":"sk_SK","og_type":"article","og_title":"Bezpe\u010dnos\u0165 inform\u00e1ci\u00ed v online svete - Qubit Academy","og_description":"Online semin\u00e1r - tipy a triky ako zabezpe\u010di\u0165 svoju dom\u00e1cnos\u0165 vo\u010di be\u017en\u00fdm hackersk\u00fdm technik\u00e1m. 10. Febru\u00e1r 2021","og_url":"https:\/\/qubitacademy.com\/sk\/product\/bezpecnost-informacii-v-online-svete\/","og_site_name":"Qubit Academy","article_modified_time":"2021-02-12T10:28:23+00:00","og_image":[{"width":500,"height":547,"url":"https:\/\/qubitacademy.com\/wp-content\/uploads\/2020\/12\/bezpecnost_informacii_seminar_1.jpg","type":"image\/jpeg"}],"twitter_card":"summary_large_image","twitter_misc":{"Predpokladan\u00fd \u010das \u010d\u00edtania":"1 min\u00fata"},"schema":{"@context":"https:\/\/schema.org","@graph":[{"@type":"WebPage","@id":"https:\/\/qubitacademy.com\/sk\/product\/bezpecnost-informacii-v-online-svete\/","url":"https:\/\/qubitacademy.com\/sk\/product\/bezpecnost-informacii-v-online-svete\/","name":"Bezpe\u010dnos\u0165 inform\u00e1ci\u00ed v online svete - Qubit Academy","isPartOf":{"@id":"https:\/\/qubitacademy.com\/sk\/#website"},"datePublished":"2020-12-22T12:45:30+00:00","dateModified":"2021-02-12T10:28:23+00:00","description":"Online semin\u00e1r - tipy a triky ako zabezpe\u010di\u0165 svoju dom\u00e1cnos\u0165 vo\u010di be\u017en\u00fdm hackersk\u00fdm technik\u00e1m. 10. Febru\u00e1r 2021","breadcrumb":{"@id":"https:\/\/qubitacademy.com\/sk\/product\/bezpecnost-informacii-v-online-svete\/#breadcrumb"},"inLanguage":"sk-SK","potentialAction":[{"@type":"ReadAction","target":["https:\/\/qubitacademy.com\/sk\/product\/bezpecnost-informacii-v-online-svete\/"]}]},{"@type":"BreadcrumbList","@id":"https:\/\/qubitacademy.com\/sk\/product\/bezpecnost-informacii-v-online-svete\/#breadcrumb","itemListElement":[{"@type":"ListItem","position":1,"name":"Home","item":"https:\/\/qubitacademy.com\/sk\/"},{"@type":"ListItem","position":2,"name":"Shop","item":"https:\/\/qubitacademy.com\/sk\/shop\/"},{"@type":"ListItem","position":3,"name":"Bezpe\u010dnos\u0165 inform\u00e1ci\u00ed v online svete"}]},{"@type":"WebSite","@id":"https:\/\/qubitacademy.com\/sk\/#website","url":"https:\/\/qubitacademy.com\/sk\/","name":"Qubit Academy","description":"Vzdel\u00e1vanie v oblasti informa\u010dnej a kybernetickej bezpe\u010dnosti","potentialAction":[{"@type":"SearchAction","target":{"@type":"EntryPoint","urlTemplate":"https:\/\/qubitacademy.com\/sk\/?s={search_term_string}"},"query-input":"required name=search_term_string"}],"inLanguage":"sk-SK"}]}},"_links":{"self":[{"href":"https:\/\/qubitacademy.com\/sk\/wp-json\/wp\/v2\/product\/13194"}],"collection":[{"href":"https:\/\/qubitacademy.com\/sk\/wp-json\/wp\/v2\/product"}],"about":[{"href":"https:\/\/qubitacademy.com\/sk\/wp-json\/wp\/v2\/types\/product"}],"wp:featuredmedia":[{"embeddable":true,"href":"https:\/\/qubitacademy.com\/sk\/wp-json\/wp\/v2\/media\/13129"}],"wp:attachment":[{"href":"https:\/\/qubitacademy.com\/sk\/wp-json\/wp\/v2\/media?parent=13194"}],"curies":[{"name":"wp","href":"https:\/\/api.w.org\/{rel}","templated":true}]}}