{"id":16584,"date":"2022-03-22T10:06:17","date_gmt":"2022-03-22T10:06:17","guid":{"rendered":"https:\/\/qubitacademy.com\/?post_type=product&#038;p=16584"},"modified":"2022-05-11T07:17:16","modified_gmt":"2022-05-11T07:17:16","slug":"dpo-bootcamp-v","status":"publish","type":"product","link":"https:\/\/qubitacademy.com\/sk\/product\/dpo-bootcamp-v\/","title":{"rendered":"DPO Bootcamp V."},"content":{"rendered":"<div class=\"thrv_wrapper thrv_text_element\" data-css=\"tve-u-176704318da\">\n<div class=\"thrv_wrapper thrv_text_element\" data-css=\"tve-u-176704318da\">\n<h1 class=\"\" data-css=\"tve-u-17665de2404\">DPO Bootcamp V.<\/h1>\n<\/div>\n<div class=\"thrv_wrapper thrv_text_element\" data-css=\"tve-u-176666f3771\">\n<ul>\n<li data-pm-slice=\"1 1 []\">TBA<\/li>\n<\/ul>\n<\/div>\n<\/div>\n","protected":false},"excerpt":{"rendered":"<p>DPO Bootcamp IV. prin\u00e1\u0161a prostredn\u00edctvom odborn\u00edkov na pracovnopr\u00e1vne vz\u0165ahy, GDPR a e-privacy aktu\u00e1lny poh\u013ead na osobitn\u00e9 pr\u00e1vne predpisy v spojen\u00ed s GDPR, praktick\u00e9 rie\u0161enia, inform\u00e1cie o aktu\u00e1lnych judik\u00e1toch a aplika\u010dnej praxi a dopadoch na \u0148u (napr\u00edklad vyu\u017e\u00edvanie slu\u017eieb s cloudom v USA). <strong><a href=\"https:\/\/qubitacademy.com\/sk\/dpo-bootcamp-iv\/\">Viac inform\u00e1ci\u00ed&#8230;<\/a><\/strong><\/p>\n","protected":false},"featured_media":13129,"template":"","meta":[],"yoast_head":"<!-- This site is optimized with the Yoast SEO plugin v20.6 - https:\/\/yoast.com\/wordpress\/plugins\/seo\/ -->\n<title>DPO Bootcamp V. - Qubit Academy<\/title>\n<meta name=\"robots\" content=\"index, follow, max-snippet:-1, max-image-preview:large, max-video-preview:-1\" \/>\n<link rel=\"canonical\" href=\"https:\/\/qubitacademy.com\/product\/dpo-bootcamp-v\/\" \/>\n<meta property=\"og:locale\" content=\"sk_SK\" \/>\n<meta property=\"og:type\" content=\"article\" \/>\n<meta property=\"og:title\" content=\"DPO Bootcamp V. - Qubit Academy\" \/>\n<meta property=\"og:description\" content=\"DPO Bootcamp IV. prin\u00e1\u0161a prostredn\u00edctvom odborn\u00edkov na pracovnopr\u00e1vne vz\u0165ahy, GDPR a e-privacy aktu\u00e1lny poh\u013ead na osobitn\u00e9 pr\u00e1vne predpisy v spojen\u00ed s GDPR, praktick\u00e9 rie\u0161enia, inform\u00e1cie o aktu\u00e1lnych judik\u00e1toch a aplika\u010dnej praxi a dopadoch na \u0148u (napr\u00edklad vyu\u017e\u00edvanie slu\u017eieb s cloudom v USA). Viac inform\u00e1ci\u00ed...\" \/>\n<meta property=\"og:url\" content=\"https:\/\/qubitacademy.com\/product\/dpo-bootcamp-v\/\" \/>\n<meta property=\"og:site_name\" content=\"Qubit Academy\" \/>\n<meta property=\"article:modified_time\" content=\"2022-05-11T07:17:16+00:00\" \/>\n<meta property=\"og:image\" content=\"https:\/\/qubitacademy.com\/wp-content\/uploads\/2020\/12\/bezpecnost_informacii_seminar_1.jpg\" \/>\n\t<meta property=\"og:image:width\" content=\"500\" \/>\n\t<meta property=\"og:image:height\" content=\"547\" \/>\n\t<meta property=\"og:image:type\" content=\"image\/jpeg\" \/>\n<meta name=\"twitter:card\" content=\"summary_large_image\" \/>\n<meta name=\"twitter:label1\" content=\"Predpokladan\u00fd \u010das \u010d\u00edtania\" \/>\n\t<meta name=\"twitter:data1\" content=\"1 min\u00fata\" \/>\n<script type=\"application\/ld+json\" class=\"yoast-schema-graph\">{\"@context\":\"https:\/\/schema.org\",\"@graph\":[{\"@type\":\"WebPage\",\"@id\":\"https:\/\/qubitacademy.com\/product\/dpo-bootcamp-v\/\",\"url\":\"https:\/\/qubitacademy.com\/product\/dpo-bootcamp-v\/\",\"name\":\"DPO Bootcamp V. - Qubit Academy\",\"isPartOf\":{\"@id\":\"https:\/\/qubitacademy.com\/sk\/#website\"},\"datePublished\":\"2022-03-22T10:06:17+00:00\",\"dateModified\":\"2022-05-11T07:17:16+00:00\",\"breadcrumb\":{\"@id\":\"https:\/\/qubitacademy.com\/product\/dpo-bootcamp-v\/#breadcrumb\"},\"inLanguage\":\"sk-SK\",\"potentialAction\":[{\"@type\":\"ReadAction\",\"target\":[\"https:\/\/qubitacademy.com\/product\/dpo-bootcamp-v\/\"]}]},{\"@type\":\"BreadcrumbList\",\"@id\":\"https:\/\/qubitacademy.com\/product\/dpo-bootcamp-v\/#breadcrumb\",\"itemListElement\":[{\"@type\":\"ListItem\",\"position\":1,\"name\":\"Home\",\"item\":\"https:\/\/qubitacademy.com\/sk\/\"},{\"@type\":\"ListItem\",\"position\":2,\"name\":\"Shop\",\"item\":\"https:\/\/qubitacademy.com\/sk\/shop\/\"},{\"@type\":\"ListItem\",\"position\":3,\"name\":\"DPO Bootcamp V.\"}]},{\"@type\":\"WebSite\",\"@id\":\"https:\/\/qubitacademy.com\/sk\/#website\",\"url\":\"https:\/\/qubitacademy.com\/sk\/\",\"name\":\"Qubit Academy\",\"description\":\"Vzdel\u00e1vanie v oblasti informa\u010dnej a kybernetickej bezpe\u010dnosti\",\"potentialAction\":[{\"@type\":\"SearchAction\",\"target\":{\"@type\":\"EntryPoint\",\"urlTemplate\":\"https:\/\/qubitacademy.com\/sk\/?s={search_term_string}\"},\"query-input\":\"required name=search_term_string\"}],\"inLanguage\":\"sk-SK\"}]}<\/script>\n<!-- \/ Yoast SEO plugin. -->","yoast_head_json":{"title":"DPO Bootcamp V. - Qubit Academy","robots":{"index":"index","follow":"follow","max-snippet":"max-snippet:-1","max-image-preview":"max-image-preview:large","max-video-preview":"max-video-preview:-1"},"canonical":"https:\/\/qubitacademy.com\/product\/dpo-bootcamp-v\/","og_locale":"sk_SK","og_type":"article","og_title":"DPO Bootcamp V. - Qubit Academy","og_description":"DPO Bootcamp IV. prin\u00e1\u0161a prostredn\u00edctvom odborn\u00edkov na pracovnopr\u00e1vne vz\u0165ahy, GDPR a e-privacy aktu\u00e1lny poh\u013ead na osobitn\u00e9 pr\u00e1vne predpisy v spojen\u00ed s GDPR, praktick\u00e9 rie\u0161enia, inform\u00e1cie o aktu\u00e1lnych judik\u00e1toch a aplika\u010dnej praxi a dopadoch na \u0148u (napr\u00edklad vyu\u017e\u00edvanie slu\u017eieb s cloudom v USA). Viac inform\u00e1ci\u00ed...","og_url":"https:\/\/qubitacademy.com\/product\/dpo-bootcamp-v\/","og_site_name":"Qubit Academy","article_modified_time":"2022-05-11T07:17:16+00:00","og_image":[{"width":500,"height":547,"url":"https:\/\/qubitacademy.com\/wp-content\/uploads\/2020\/12\/bezpecnost_informacii_seminar_1.jpg","type":"image\/jpeg"}],"twitter_card":"summary_large_image","twitter_misc":{"Predpokladan\u00fd \u010das \u010d\u00edtania":"1 min\u00fata"},"schema":{"@context":"https:\/\/schema.org","@graph":[{"@type":"WebPage","@id":"https:\/\/qubitacademy.com\/product\/dpo-bootcamp-v\/","url":"https:\/\/qubitacademy.com\/product\/dpo-bootcamp-v\/","name":"DPO Bootcamp V. - Qubit Academy","isPartOf":{"@id":"https:\/\/qubitacademy.com\/sk\/#website"},"datePublished":"2022-03-22T10:06:17+00:00","dateModified":"2022-05-11T07:17:16+00:00","breadcrumb":{"@id":"https:\/\/qubitacademy.com\/product\/dpo-bootcamp-v\/#breadcrumb"},"inLanguage":"sk-SK","potentialAction":[{"@type":"ReadAction","target":["https:\/\/qubitacademy.com\/product\/dpo-bootcamp-v\/"]}]},{"@type":"BreadcrumbList","@id":"https:\/\/qubitacademy.com\/product\/dpo-bootcamp-v\/#breadcrumb","itemListElement":[{"@type":"ListItem","position":1,"name":"Home","item":"https:\/\/qubitacademy.com\/sk\/"},{"@type":"ListItem","position":2,"name":"Shop","item":"https:\/\/qubitacademy.com\/sk\/shop\/"},{"@type":"ListItem","position":3,"name":"DPO Bootcamp V."}]},{"@type":"WebSite","@id":"https:\/\/qubitacademy.com\/sk\/#website","url":"https:\/\/qubitacademy.com\/sk\/","name":"Qubit Academy","description":"Vzdel\u00e1vanie v oblasti informa\u010dnej a kybernetickej bezpe\u010dnosti","potentialAction":[{"@type":"SearchAction","target":{"@type":"EntryPoint","urlTemplate":"https:\/\/qubitacademy.com\/sk\/?s={search_term_string}"},"query-input":"required name=search_term_string"}],"inLanguage":"sk-SK"}]}},"_links":{"self":[{"href":"https:\/\/qubitacademy.com\/sk\/wp-json\/wp\/v2\/product\/16584"}],"collection":[{"href":"https:\/\/qubitacademy.com\/sk\/wp-json\/wp\/v2\/product"}],"about":[{"href":"https:\/\/qubitacademy.com\/sk\/wp-json\/wp\/v2\/types\/product"}],"wp:featuredmedia":[{"embeddable":true,"href":"https:\/\/qubitacademy.com\/sk\/wp-json\/wp\/v2\/media\/13129"}],"wp:attachment":[{"href":"https:\/\/qubitacademy.com\/sk\/wp-json\/wp\/v2\/media?parent=16584"}],"curies":[{"name":"wp","href":"https:\/\/api.w.org\/{rel}","templated":true}]}}